{"id":78501,"date":"2024-09-17T18:25:42","date_gmt":"2024-09-17T16:25:42","guid":{"rendered":"https:\/\/watchdeluxe.it\/prodotto\/rado-coupole-classic-ref-r22890925\/"},"modified":"2024-09-17T18:25:52","modified_gmt":"2024-09-17T16:25:52","slug":"rado-coupole-classic-ref-r22890925","status":"publish","type":"product","link":"https:\/\/watchdeluxe.it\/fr\/prodotto\/rado-coupole-classic-ref-r22890925\/","title":{"rendered":"RADO COUPOLE CLASSIC ref. R22890925"},"content":{"rendered":"<p>RADO COUPOLE CLASSIC ref. R22890925<\/p>\n<div class=\"row my-5 py-xl-3\">\n<div class=\"col-12\">\n<div class=\"text-desc\">\n<p><strong>Montre Rado pour femmes<\/strong><\/p>\n<p>Montre <strong>Rado Coupole Classic<\/strong> avec cadran en nacre grise, diamant \u00e0 12 heures et bracelet en cuir gris. Bo\u00eetier de 21 mm avec verre saphir inrayable et antireflet.<\/p>\n<p>Mouvement \u00e0 quartz.<\/p>\n<\/div>\n<\/div>\n<\/div>\n","protected":false},"excerpt":{"rendered":"<p>RADO COUPOLE CLASSIC ref. R22890925 Montre Rado pour femmes Montre Rado Coupole Classic avec cadran en nacre grise, diamant \u00e0 12 heures et bracelet en cuir gris. Bo\u00eetier de 21 mm avec verre saphir inrayable et antireflet. Mouvement \u00e0 quartz.<\/p>\n","protected":false},"featured_media":58100,"template":"","meta":{"_crdt_document":"","advanced_seo_description":"","jetpack_seo_html_title":"","jetpack_seo_noindex":false},"product_brand":[],"product_cat":[2401],"product_tag":[3244],"berocket_brand":[],"woo-feed-brand":[],"class_list":{"0":"post-78501","1":"product","2":"type-product","3":"status-publish","4":"has-post-thumbnail","6":"product_cat-rado-fr","7":"product_tag-coupole-fr","9":"first","10":"instock","11":"sale","12":"taxable","13":"shipping-taxable","14":"purchasable","15":"product-type-simple"},"bundled_by":[],"bundle_stock_status":"instock","bundle_stock_quantity":1,"bundle_virtual":false,"bundle_layout":"","bundle_add_to_cart_form_location":"","bundle_editable_in_cart":false,"bundle_sold_individually_context":"","bundle_item_grouping":"","bundle_min_size":"","bundle_max_size":"","bundle_price":[],"bundled_items":[],"bundle_sell_ids":[],"group_of_quantity":0,"min_quantity":0,"max_quantity":"","exclude_order_quantity_value_rules":"no","exclude_category_quantity_rules":"no","combine_variations":"no","exclude_global_add_ons":[],"addons":[],"jetpack_sharing_enabled":true,"jetpack_likes_enabled":true,"_links":{"self":[{"href":"https:\/\/watchdeluxe.it\/fr\/wp-json\/wp\/v2\/product\/78501","targetHints":{"allow":["GET"]}}],"collection":[{"href":"https:\/\/watchdeluxe.it\/fr\/wp-json\/wp\/v2\/product"}],"about":[{"href":"https:\/\/watchdeluxe.it\/fr\/wp-json\/wp\/v2\/types\/product"}],"wp:featuredmedia":[{"embeddable":true,"href":"https:\/\/watchdeluxe.it\/fr\/wp-json\/wp\/v2\/media\/58100"}],"wp:attachment":[{"href":"https:\/\/watchdeluxe.it\/fr\/wp-json\/wp\/v2\/media?parent=78501"}],"wp:term":[{"taxonomy":"product_brand","embeddable":true,"href":"https:\/\/watchdeluxe.it\/fr\/wp-json\/wp\/v2\/product_brand?post=78501"},{"taxonomy":"product_cat","embeddable":true,"href":"https:\/\/watchdeluxe.it\/fr\/wp-json\/wp\/v2\/product_cat?post=78501"},{"taxonomy":"product_tag","embeddable":true,"href":"https:\/\/watchdeluxe.it\/fr\/wp-json\/wp\/v2\/product_tag?post=78501"},{"taxonomy":"berocket_brand","embeddable":true,"href":"https:\/\/watchdeluxe.it\/fr\/wp-json\/wp\/v2\/berocket_brand?post=78501"},{"taxonomy":"woo-feed-brand","embeddable":true,"href":"https:\/\/watchdeluxe.it\/fr\/wp-json\/wp\/v2\/woo-feed-brand?post=78501"}],"curies":[{"name":"wp","href":"https:\/\/api.w.org\/{rel}","templated":true}]}}