{"id":78397,"date":"2023-03-17T18:38:05","date_gmt":"2023-03-17T17:38:05","guid":{"rendered":"https:\/\/watchdeluxe.it\/prodotto\/tag-heuer-aquaracer-professional-300-gm-ref-wbp2010-ft6198\/"},"modified":"2026-04-07T12:03:26","modified_gmt":"2026-04-07T10:03:26","slug":"tag-heuer-aquaracer-professional-300-gm-ref-wbp2010-ft6198","status":"publish","type":"product","link":"https:\/\/watchdeluxe.it\/fr\/prodotto\/tag-heuer-aquaracer-professional-300-gm-ref-wbp2010-ft6198\/","title":{"rendered":"TAG Heuer Aquaracer Professional 300 GM REF. WBP2010.FT6198"},"content":{"rendered":"<div class=\"col-12 col-lg-6 specs-img\" data-mce-fragment=\"1\">  TAG Heuer Aquaracer Professional 300 GM REF. WBP2010.FT6198<\/div>\n<div id=\"collapsecase\" class=\"collapse show\" aria-labelledby=\"headingcase\" data-parent=\"#tech-accordion\" data-mce-fragment=\"1\">\n<div class=\"card-body\" data-mce-fragment=\"1\">\n<div class=\"row\" data-mce-fragment=\"1\">\n<div class=\"col-12 col-lg-6\" data-mce-fragment=\"1\">\n<p data-mce-fragment=\"1\"> <span class=\"spec-title\" data-mce-fragment=\"1\"> Taille <\/span> <span class=\"spec-value\" data-mce-fragment=\"1\"> 43 mm <\/span> <\/p>\n<\/div>\n<div class=\"col-12 col-lg-6\" data-mce-fragment=\"1\">\n<p data-mce-fragment=\"1\"> <span class=\"spec-title\" data-mce-fragment=\"1\"> R\u00e9sistance \u00e0 l&#8217;eau <\/span> <span class=\"spec-value\" data-mce-fragment=\"1\"> 300 m <\/span> <\/p>\n<\/div>\n<div class=\"col-12 col-lg-6\" data-mce-fragment=\"1\">\n<p data-mce-fragment=\"1\"> <span class=\"spec-title\" data-mce-fragment=\"1\"> Corps du bo\u00eetier <\/span> <span class=\"spec-value\" data-mce-fragment=\"1\"> Acier Finition satin\u00e9e\/polissage <\/span> <\/p>\n<\/div>\n<div class=\"col-12 col-lg-6\" data-mce-fragment=\"1\">\n<p data-mce-fragment=\"1\"> <span class=\"spec-title\" data-mce-fragment=\"1\"> Lunette <\/span> <span class=\"spec-value\" data-mce-fragment=\"1\"> Lunette tournante C\u00e9ramique <\/span> <\/p>\n<\/div>\n<div class=\"col-12 col-lg-6\" data-mce-fragment=\"1\">\n<p data-mce-fragment=\"1\"> <span class=\"spec-title\" data-mce-fragment=\"1\"> Retour <\/span> <span class=\"spec-value\" data-mce-fragment=\"1\"> L&#8217;acier <\/span> <\/p>\n<div class=\"card\">\n<div id=\"collapsestrap\" class=\"collapse show\" data-parent=\"#tech-accordion\" aria-labelledby=\"headingstrap\">\n<div class=\"card-body\">\n<div class=\"row\">\n<div class=\"col-12 col-lg-6\">\n<p> <span class=\"spec-title\"> Mat\u00e9riau <\/span> <span class=\"spec-value\"> Caoutchouc <\/span> <\/p>\n<\/div>\n<div class=\"col-12 col-lg-6\">\n<p> <span class=\"spec-title\"> Couleur <\/span> <span class=\"spec-value\"> Bleu <\/span> <\/p>\n<\/div>\n<div class=\"col-12 col-lg-6\">\n<p> <span class=\"spec-title\"> Boucle <\/span> <span class=\"spec-value\"> Boucle d\u00e9ployante avec boutons &#8211; Acier <\/span> <\/p>\n<div class=\"card\">\n<div id=\"collapsemovement\" class=\"collapse show\" data-parent=\"#tech-accordion\" aria-labelledby=\"headingmovement\">\n<div class=\"card-body\">\n<div class=\"row\">\n<div class=\"col-12 col-lg-6\">\n<p> <span class=\"spec-title\"> Calibre <\/span> <span class=\"spec-value\"> Calibre 7 automatique <\/span> <\/p>\n<\/div>\n<div class=\"col-12 col-lg-6\">\n<p> <span class=\"spec-title\"> Mouvement <\/span> <span class=\"spec-value\"> Montre automatique <\/span> <\/p>\n<\/div>\n<div class=\"col-12 col-lg-6\">\n<p> <span class=\"spec-title\"> R\u00e9serve de marche (heures) <\/span> <span class=\"spec-value\"> 50 <\/span> <\/p>\n<\/div>\n<div class=\"col-12 col-lg-6\">\n<p> <span class=\"spec-title\"> Fr\u00e9quence d&#8217;\u00e9quilibre <\/span> <span class=\"spec-value\"> 28800 <\/span> <\/p>\n<\/div>\n<div class=\"col-12 col-lg-6\">\n<p> <span class=\"spec-title\"> Fonctions <\/span> <span class=\"spec-value\"> Heures, minutes, secondes, date, GMT <\/span> <\/p>\n<\/div>\n<\/div>\n<\/div>\n<\/div>\n<\/div>\n<\/div>\n<\/div>\n<\/div>\n<\/div>\n<\/div>\n<\/div>\n<\/div>\n<\/div>\n<\/div>\n","protected":false},"excerpt":{"rendered":"<p>TAG Heuer Aquaracer Professional 300 GM REF. WBP2010.FT6198 Taille 43 mm R\u00e9sistance \u00e0 l&#8217;eau 300 m Corps du bo\u00eetier Acier Finition satin\u00e9e\/polissage Lunette Lunette tournante C\u00e9ramique Retour L&#8217;acier Mat\u00e9riau Caoutchouc Couleur Bleu Boucle Boucle d\u00e9ployante avec boutons &#8211; Acier Calibre Calibre 7 automatique Mouvement Montre automatique R\u00e9serve de marche (heures) 50 Fr\u00e9quence d&#8217;\u00e9quilibre 28800 Fonctions [&hellip;]<\/p>\n","protected":false},"featured_media":146270,"template":"","meta":{"_crdt_document":"","advanced_seo_description":"","jetpack_seo_html_title":"","jetpack_seo_noindex":false},"product_brand":[],"product_cat":[2243],"product_tag":[],"berocket_brand":[],"woo-feed-brand":[],"class_list":{"0":"post-78397","1":"product","2":"type-product","3":"status-publish","4":"has-post-thumbnail","6":"product_cat-tag-heuer-fr","8":"first","9":"instock","10":"sale","11":"taxable","12":"shipping-taxable","13":"purchasable","14":"product-type-simple"},"bundled_by":[],"bundle_stock_status":"instock","bundle_stock_quantity":1,"bundle_virtual":false,"bundle_layout":"","bundle_add_to_cart_form_location":"","bundle_editable_in_cart":false,"bundle_sold_individually_context":"","bundle_item_grouping":"","bundle_min_size":"","bundle_max_size":"","bundle_price":[],"bundled_items":[],"bundle_sell_ids":[],"group_of_quantity":0,"min_quantity":0,"max_quantity":"","exclude_order_quantity_value_rules":"no","exclude_category_quantity_rules":"no","combine_variations":"no","exclude_global_add_ons":[],"addons":[],"jetpack_sharing_enabled":true,"jetpack_likes_enabled":true,"_links":{"self":[{"href":"https:\/\/watchdeluxe.it\/fr\/wp-json\/wp\/v2\/product\/78397","targetHints":{"allow":["GET"]}}],"collection":[{"href":"https:\/\/watchdeluxe.it\/fr\/wp-json\/wp\/v2\/product"}],"about":[{"href":"https:\/\/watchdeluxe.it\/fr\/wp-json\/wp\/v2\/types\/product"}],"wp:featuredmedia":[{"embeddable":true,"href":"https:\/\/watchdeluxe.it\/fr\/wp-json\/wp\/v2\/media\/146270"}],"wp:attachment":[{"href":"https:\/\/watchdeluxe.it\/fr\/wp-json\/wp\/v2\/media?parent=78397"}],"wp:term":[{"taxonomy":"product_brand","embeddable":true,"href":"https:\/\/watchdeluxe.it\/fr\/wp-json\/wp\/v2\/product_brand?post=78397"},{"taxonomy":"product_cat","embeddable":true,"href":"https:\/\/watchdeluxe.it\/fr\/wp-json\/wp\/v2\/product_cat?post=78397"},{"taxonomy":"product_tag","embeddable":true,"href":"https:\/\/watchdeluxe.it\/fr\/wp-json\/wp\/v2\/product_tag?post=78397"},{"taxonomy":"berocket_brand","embeddable":true,"href":"https:\/\/watchdeluxe.it\/fr\/wp-json\/wp\/v2\/berocket_brand?post=78397"},{"taxonomy":"woo-feed-brand","embeddable":true,"href":"https:\/\/watchdeluxe.it\/fr\/wp-json\/wp\/v2\/woo-feed-brand?post=78397"}],"curies":[{"name":"wp","href":"https:\/\/api.w.org\/{rel}","templated":true}]}}