{"id":78265,"date":"2023-03-17T18:38:25","date_gmt":"2023-03-17T17:38:25","guid":{"rendered":"https:\/\/watchdeluxe.it\/prodotto\/rado-captain-cook-high-tech-ceramic-diver-ref-r32129158\/"},"modified":"2026-04-07T11:16:30","modified_gmt":"2026-04-07T09:16:30","slug":"rado-captain-cook-high-tech-ceramic-diver-ref-r32129158","status":"publish","type":"product","link":"https:\/\/watchdeluxe.it\/fr\/prodotto\/rado-captain-cook-high-tech-ceramic-diver-ref-r32129158\/","title":{"rendered":"RADO CAPTAIN COOK HIGH-TECH CERAMIC DIVER ref, R32129158"},"content":{"rendered":"<p>RADO CAPTAIN COOK HIGH-TECH CERAMIC DIVER ref, R32129158<\/p>\n<p>Le Captain Cook High-Tech Ceramic Diver est \u00e9tanche jusqu&#8217;\u00e0 300 m\u00e8tres. Les aiguilles et les index de cette montre de plong\u00e9e certifi\u00e9e ISO 6425 sont recouverts de SuperLuminova\u00ae pour assurer une excellente visibilit\u00e9 sur le cadran laqu\u00e9 noir brillant. Le bo\u00eetier monobloc de 43 mm est en c\u00e9ramique hi-tech noire mate et la lunette tournante est en acier tremp\u00e9 poli. A l&#8217;int\u00e9rieur, le mouvement automatique Rado R763 d\u00e9passe les exigences de la norme dans les tests de pr\u00e9cision de 3 \u00e0 5 positions et offre 80 heures de r\u00e9serve de marche. Cet exemplaire est \u00e9quip\u00e9 d&#8217;un bracelet en caoutchouc noir mat. Quel que soit votre domaine d&#8217;exploration, la Captain Cook High-Tech Ceramic Diver sera un partenaire fiable et solide \u00e0 votre poignet pour les ann\u00e9es \u00e0 venir.<\/p>\n","protected":false},"excerpt":{"rendered":"<p>RADO CAPTAIN COOK HIGH-TECH CERAMIC DIVER ref, R32129158 Le Captain Cook High-Tech Ceramic Diver est \u00e9tanche jusqu&#8217;\u00e0 300 m\u00e8tres. Les aiguilles et les index de cette montre de plong\u00e9e certifi\u00e9e ISO 6425 sont recouverts de SuperLuminova\u00ae pour assurer une excellente visibilit\u00e9 sur le cadran laqu\u00e9 noir brillant. Le bo\u00eetier monobloc de 43 mm est en [&hellip;]<\/p>\n","protected":false},"featured_media":146787,"template":"","meta":{"_crdt_document":"","advanced_seo_description":"","jetpack_seo_html_title":"","jetpack_seo_noindex":false},"product_brand":[],"product_cat":[2401],"product_tag":[2520],"berocket_brand":[],"woo-feed-brand":[],"class_list":{"0":"post-78265","1":"product","2":"type-product","3":"status-publish","4":"has-post-thumbnail","6":"product_cat-rado-fr","7":"product_tag-capitaine-cook","9":"first","10":"instock","11":"sale","12":"taxable","13":"shipping-taxable","14":"purchasable","15":"product-type-simple"},"bundled_by":[],"bundle_stock_status":"instock","bundle_stock_quantity":1,"bundle_virtual":false,"bundle_layout":"","bundle_add_to_cart_form_location":"","bundle_editable_in_cart":false,"bundle_sold_individually_context":"","bundle_item_grouping":"","bundle_min_size":"","bundle_max_size":"","bundle_price":[],"bundled_items":[],"bundle_sell_ids":[],"group_of_quantity":0,"min_quantity":0,"max_quantity":"","exclude_order_quantity_value_rules":"no","exclude_category_quantity_rules":"no","combine_variations":"no","exclude_global_add_ons":[],"addons":[],"jetpack_sharing_enabled":true,"jetpack_likes_enabled":true,"_links":{"self":[{"href":"https:\/\/watchdeluxe.it\/fr\/wp-json\/wp\/v2\/product\/78265","targetHints":{"allow":["GET"]}}],"collection":[{"href":"https:\/\/watchdeluxe.it\/fr\/wp-json\/wp\/v2\/product"}],"about":[{"href":"https:\/\/watchdeluxe.it\/fr\/wp-json\/wp\/v2\/types\/product"}],"wp:featuredmedia":[{"embeddable":true,"href":"https:\/\/watchdeluxe.it\/fr\/wp-json\/wp\/v2\/media\/146787"}],"wp:attachment":[{"href":"https:\/\/watchdeluxe.it\/fr\/wp-json\/wp\/v2\/media?parent=78265"}],"wp:term":[{"taxonomy":"product_brand","embeddable":true,"href":"https:\/\/watchdeluxe.it\/fr\/wp-json\/wp\/v2\/product_brand?post=78265"},{"taxonomy":"product_cat","embeddable":true,"href":"https:\/\/watchdeluxe.it\/fr\/wp-json\/wp\/v2\/product_cat?post=78265"},{"taxonomy":"product_tag","embeddable":true,"href":"https:\/\/watchdeluxe.it\/fr\/wp-json\/wp\/v2\/product_tag?post=78265"},{"taxonomy":"berocket_brand","embeddable":true,"href":"https:\/\/watchdeluxe.it\/fr\/wp-json\/wp\/v2\/berocket_brand?post=78265"},{"taxonomy":"woo-feed-brand","embeddable":true,"href":"https:\/\/watchdeluxe.it\/fr\/wp-json\/wp\/v2\/woo-feed-brand?post=78265"}],"curies":[{"name":"wp","href":"https:\/\/api.w.org\/{rel}","templated":true}]}}