{"id":78181,"date":"2023-03-17T18:38:38","date_gmt":"2023-03-17T17:38:38","guid":{"rendered":"https:\/\/watchdeluxe.it\/prodotto\/nomos-metro-date-indicator-ref-1101\/"},"modified":"2026-04-13T09:55:15","modified_gmt":"2026-04-13T07:55:15","slug":"nomos-meter-indicator-ref-1101","status":"publish","type":"product","link":"https:\/\/watchdeluxe.it\/fr\/prodotto\/nomos-meter-indicator-ref-1101\/","title":{"rendered":"Nomos Metro date indicator ref. 1101"},"content":{"rendered":"<p>Nomos Metro date indicator ref. 1101<\/p>\n<div class=\"list-couple\">\n<div class=\"specs-list\">\n<dl>\n<dt>Bo\u00eetier<\/dt>\n<dd>\nacier inoxydable verre saphir fond de bo\u00eetier<\/dd>\n<\/dl>\n<dl>\n<dt>Verre<\/dt>\n<dd>verre saphir bomb\u00e9<\/dd>\n<\/dl>\n<dl>\n<dt>Charge<\/dt>\n<dd>manuel<\/dd>\n<\/dl>\n<dl>\n<dt>Dimensions<\/dt>\n<dd>diam\u00e8tre <span class=\"size-property\"> 37,0 mm <\/span><br \/>\n\u00e9paisseur <span class=\"size-property\"> 7,7 mm <\/span><br \/>\ntaille de la boucle ext\u00e9rieure <span class=\"size-property\"> 43,6 mm <\/span><\/dd>\n<\/dl>\n<dl>\n<dt>R\u00e9sistance \u00e0 l&#8217;eau<\/dt>\n<dd>3 atm (r\u00e9sistant aux \u00e9claboussures)<\/dd>\n<\/dl>\n<\/div>\n<div class=\"specs-list\">\n<dl>\n<dt>Cadran<\/dt>\n<dd>galvanis\u00e9, argent\u00e9 blanc<br \/>\nindex vert menthe \u00e0 trois, neuf et douze heures<\/dd>\n<\/dl>\n<dl>\n<dt>Aiguilles<\/dt>\n<dd>noire oxyd\u00e9e, aiguille des secondes rouge<\/dd>\n<\/dl>\n<dl>\n<dt>sangle<\/dt>\n<dd>Horween Genuine Shell Cordovan noir, avec barrettes \u00e0 ressort \u00e0 fixation rapide<br \/>\n<span class=\"size-property\"> largeur des cornes 18 mm <\/span><\/dd>\n<\/dl>\n<\/div>\n<\/div>\n","protected":false},"excerpt":{"rendered":"<p>Nomos Metro date indicator ref. 1101 Bo\u00eetier acier inoxydable verre saphir fond de bo\u00eetier Verre verre saphir bomb\u00e9 Charge manuel Dimensions diam\u00e8tre 37,0 mm \u00e9paisseur 7,7 mm taille de la boucle ext\u00e9rieure 43,6 mm R\u00e9sistance \u00e0 l&#8217;eau 3 atm (r\u00e9sistant aux \u00e9claboussures) Cadran galvanis\u00e9, argent\u00e9 blanc index vert menthe \u00e0 trois, neuf et douze heures [&hellip;]<\/p>\n","protected":false},"featured_media":173424,"template":"","meta":{"_crdt_document":"","advanced_seo_description":"","jetpack_seo_html_title":"","jetpack_seo_noindex":false},"product_brand":[],"product_cat":[1919],"product_tag":[1589],"berocket_brand":[],"woo-feed-brand":[],"class_list":{"0":"post-78181","1":"product","2":"type-product","3":"status-publish","4":"has-post-thumbnail","6":"product_cat-nomos-glashutte","7":"product_tag-metro","9":"first","10":"instock","11":"sale","12":"taxable","13":"shipping-taxable","14":"purchasable","15":"product-type-simple"},"bundled_by":[],"bundle_stock_status":"instock","bundle_stock_quantity":1,"bundle_virtual":false,"bundle_layout":"","bundle_add_to_cart_form_location":"","bundle_editable_in_cart":false,"bundle_sold_individually_context":"","bundle_item_grouping":"","bundle_min_size":"","bundle_max_size":"","bundle_price":[],"bundled_items":[],"bundle_sell_ids":[],"group_of_quantity":0,"min_quantity":0,"max_quantity":"","exclude_order_quantity_value_rules":"no","exclude_category_quantity_rules":"no","combine_variations":"no","exclude_global_add_ons":[],"addons":[],"jetpack_sharing_enabled":true,"jetpack_likes_enabled":true,"_links":{"self":[{"href":"https:\/\/watchdeluxe.it\/fr\/wp-json\/wp\/v2\/product\/78181","targetHints":{"allow":["GET"]}}],"collection":[{"href":"https:\/\/watchdeluxe.it\/fr\/wp-json\/wp\/v2\/product"}],"about":[{"href":"https:\/\/watchdeluxe.it\/fr\/wp-json\/wp\/v2\/types\/product"}],"wp:featuredmedia":[{"embeddable":true,"href":"https:\/\/watchdeluxe.it\/fr\/wp-json\/wp\/v2\/media\/173424"}],"wp:attachment":[{"href":"https:\/\/watchdeluxe.it\/fr\/wp-json\/wp\/v2\/media?parent=78181"}],"wp:term":[{"taxonomy":"product_brand","embeddable":true,"href":"https:\/\/watchdeluxe.it\/fr\/wp-json\/wp\/v2\/product_brand?post=78181"},{"taxonomy":"product_cat","embeddable":true,"href":"https:\/\/watchdeluxe.it\/fr\/wp-json\/wp\/v2\/product_cat?post=78181"},{"taxonomy":"product_tag","embeddable":true,"href":"https:\/\/watchdeluxe.it\/fr\/wp-json\/wp\/v2\/product_tag?post=78181"},{"taxonomy":"berocket_brand","embeddable":true,"href":"https:\/\/watchdeluxe.it\/fr\/wp-json\/wp\/v2\/berocket_brand?post=78181"},{"taxonomy":"woo-feed-brand","embeddable":true,"href":"https:\/\/watchdeluxe.it\/fr\/wp-json\/wp\/v2\/woo-feed-brand?post=78181"}],"curies":[{"name":"wp","href":"https:\/\/api.w.org\/{rel}","templated":true}]}}