{"id":78172,"date":"2023-03-17T18:38:36","date_gmt":"2023-03-17T17:38:36","guid":{"rendered":"https:\/\/watchdeluxe.it\/prodotto\/longines-conquest-quartz-ref-l37004786\/"},"modified":"2026-04-14T14:27:03","modified_gmt":"2026-04-14T12:27:03","slug":"longines-conquest-quarzo-ref-l37004786","status":"publish","type":"product","link":"https:\/\/watchdeluxe.it\/fr\/prodotto\/longines-conquest-quarzo-ref-l37004786\/","title":{"rendered":"Longines Conquest quartz r\u00e9f. L37004786"},"content":{"rendered":"<p>Longines Conquest Quartz r\u00e9f. L37004786<\/p>\n<ul>\n<li><label>Marque <a href=\"https:\/\/yourwatches.it\/longines\/\">Longines<\/a> <\/label><\/li>\n<li><label>S\u00e9rie <a href=\"https:\/\/yourwatches.it\/longines\/longines-conquest\/\">Longines Conquest<\/a> <\/label><\/li>\n<li><label>Mod\u00e8le L37004786  <\/label><\/li>\n<li><label>Sexe Masculin  <\/label><\/li>\n<li>\n<\/li>\n<li>Cadran<\/li>\n<li>\n<\/li>\n<li><label>Couleur argent  <\/label><\/li>\n<li><label>Finition polie  <\/label><\/li>\n<li><label>Indices Indices  <\/label><\/li>\n<li><label>Sph\u00e8res lumineuses argent\u00e9es  <\/label><\/li>\n<li>\n<\/li>\n<li>Cas<\/li>\n<li><label>Mat\u00e9riau Acier inoxydable <\/label><\/li>\n<li><label>Cristal de saphir <\/label><\/li>\n<li><label>Dos complet  <\/label><\/li>\n<li><label>Forme ronde<\/label><\/li>\n<li><label>Diam\u00e8tre 41mm  <\/label><\/li>\n<li><label>Hauteur 15,15 mm  <\/label><\/li>\n<li><label>Largeur du bras de mer 21mm  <\/label><\/li>\n<li>\n<\/li>\n<li>Mouvement<\/li>\n<li>Type Quartz<\/li>\n<li>\n<\/li>\n<li>Courroie<\/li>\n<li><label>Mat\u00e9riau Acier inoxydable <\/label><\/li>\n<li>\n<\/li>\n<li>\n<\/li>\n<li><label>R\u00e9sistance \u00e0 l&#8217;eau 300 m  <\/label><\/li>\n<\/ul>\n","protected":false},"excerpt":{"rendered":"<p>Longines Conquest Quartz r\u00e9f. L37004786 Marque Longines S\u00e9rie Longines Conquest Mod\u00e8le L37004786 Sexe Masculin Cadran Couleur argent Finition polie Indices Indices Sph\u00e8res lumineuses argent\u00e9es Cas Mat\u00e9riau Acier inoxydable Cristal de saphir Dos complet Forme ronde Diam\u00e8tre 41mm Hauteur 15,15 mm Largeur du bras de mer 21mm Mouvement Type Quartz Courroie Mat\u00e9riau Acier inoxydable R\u00e9sistance \u00e0 [&hellip;]<\/p>\n","protected":false},"featured_media":174745,"template":"","meta":{"_crdt_document":"","advanced_seo_description":"","jetpack_seo_html_title":"","jetpack_seo_noindex":false},"product_brand":[],"product_cat":[2188],"product_tag":[2408],"berocket_brand":[],"woo-feed-brand":[],"class_list":{"0":"post-78172","1":"product","2":"type-product","3":"status-publish","4":"has-post-thumbnail","6":"product_cat-longines-fr","7":"product_tag-conquete","9":"first","10":"instock","11":"sale","12":"taxable","13":"shipping-taxable","14":"purchasable","15":"product-type-simple"},"bundled_by":[],"bundle_stock_status":"instock","bundle_stock_quantity":1,"bundle_virtual":false,"bundle_layout":"","bundle_add_to_cart_form_location":"","bundle_editable_in_cart":false,"bundle_sold_individually_context":"","bundle_item_grouping":"","bundle_min_size":"","bundle_max_size":"","bundle_price":[],"bundled_items":[],"bundle_sell_ids":[],"group_of_quantity":0,"min_quantity":0,"max_quantity":"","exclude_order_quantity_value_rules":"no","exclude_category_quantity_rules":"no","combine_variations":"no","jetpack_sharing_enabled":true,"jetpack_likes_enabled":true,"_links":{"self":[{"href":"https:\/\/watchdeluxe.it\/fr\/wp-json\/wp\/v2\/product\/78172","targetHints":{"allow":["GET"]}}],"collection":[{"href":"https:\/\/watchdeluxe.it\/fr\/wp-json\/wp\/v2\/product"}],"about":[{"href":"https:\/\/watchdeluxe.it\/fr\/wp-json\/wp\/v2\/types\/product"}],"wp:featuredmedia":[{"embeddable":true,"href":"https:\/\/watchdeluxe.it\/fr\/wp-json\/wp\/v2\/media\/174745"}],"wp:attachment":[{"href":"https:\/\/watchdeluxe.it\/fr\/wp-json\/wp\/v2\/media?parent=78172"}],"wp:term":[{"taxonomy":"product_brand","embeddable":true,"href":"https:\/\/watchdeluxe.it\/fr\/wp-json\/wp\/v2\/product_brand?post=78172"},{"taxonomy":"product_cat","embeddable":true,"href":"https:\/\/watchdeluxe.it\/fr\/wp-json\/wp\/v2\/product_cat?post=78172"},{"taxonomy":"product_tag","embeddable":true,"href":"https:\/\/watchdeluxe.it\/fr\/wp-json\/wp\/v2\/product_tag?post=78172"},{"taxonomy":"berocket_brand","embeddable":true,"href":"https:\/\/watchdeluxe.it\/fr\/wp-json\/wp\/v2\/berocket_brand?post=78172"},{"taxonomy":"woo-feed-brand","embeddable":true,"href":"https:\/\/watchdeluxe.it\/fr\/wp-json\/wp\/v2\/woo-feed-brand?post=78172"}],"curies":[{"name":"wp","href":"https:\/\/api.w.org\/{rel}","templated":true}]}}