{"id":78096,"date":"2023-03-17T18:38:44","date_gmt":"2023-03-17T17:38:44","guid":{"rendered":"https:\/\/watchdeluxe.it\/prodotto\/longines-dolcevita-ref-l5255471a\/"},"modified":"2026-04-06T07:43:26","modified_gmt":"2026-04-06T05:43:26","slug":"longines-dolcevita-ref-l5255471a","status":"publish","type":"product","link":"https:\/\/watchdeluxe.it\/fr\/prodotto\/longines-dolcevita-ref-l5255471a\/","title":{"rendered":"Longines DOLCEVITA r\u00e9f. L5255471A"},"content":{"rendered":"<p>Longines DOLCEVITA r\u00e9f. L5255471A<\/p>\n<p><strong>Cas<\/strong><\/p>\n<div id=\"product-accordion-panel-0\" class=\"lg-product__accordion-panel active\" style=\"height: auto;display: block\" role=\"region\" aria-hidden=\"false\" aria-labelledby=\"product-accordion-title-0\">\n<div class=\"lg-product__accordion-content\">\n<div class=\"additional-attributes-wrapper\">\n<div>Forme rectangulaire<\/div>\n<div>Mat\u00e9riau Acier inoxydable<\/div>\n<div>Verre Verre saphir inrayable<\/div>\n<div>Dimensions 20.80 X 32.00 mm<\/div>\n<div>Distance entre les ergots 15 mm<\/div>\n<div>\u00c9paisseur 6,90 mm<\/div>\n<div>\u00c9tanch\u00e9it\u00e9 \u00c9tanch\u00e9it\u00e9 jusqu&#8217;\u00e0 3 bars<\/div>\n<div>Poids 19,2 g<\/div>\n<div><\/div>\n<div><strong>Cadran et aiguilles<\/strong><\/div>\n<div><\/div>\n<div>\n<div id=\"product-accordion-panel-1\" class=\"lg-product__accordion-panel active\" style=\"height: auto;display: block\" role=\"region\" aria-hidden=\"false\" aria-labelledby=\"product-accordion-title-1\">\n<div class=\"lg-product__accordion-content\">\n<div class=\"additional-attributes-wrapper\">\n<div>Couleur du cadran Argent flinqu\u00e9<\/div>\n<div>Tour d&#8217;heures Chiffres romains peints<\/div>\n<div>Aiguilles Aiguilles en acier bleui<\/div>\n<div><\/div>\n<div><strong>Mouvement et fonctions<\/strong><\/div>\n<div><\/div>\n<div>\n<div id=\"product-accordion-panel-2\" class=\"lg-product__accordion-panel active\" style=\"height: auto\" role=\"region\" aria-hidden=\"false\" aria-labelledby=\"product-accordion-title-2\">\n<div class=\"lg-product__accordion-content\">\n<div class=\"additional-attributes-wrapper\">\n<div>Type de mouvement Quartz<\/div>\n<div>Calibre L178<\/div>\n<div>Heures, minutes et petite seconde \u00e0 6 heures<\/div>\n<div>Fonction sp\u00e9ciale E.O.L.<\/div>\n<div><\/div>\n<div><strong>Courroie<\/strong><\/div>\n<div><\/div>\n<div>\n<div id=\"product-accordion-panel-3\" class=\"lg-product__accordion-panel active\" style=\"height: auto;display: block\" role=\"region\" aria-hidden=\"false\" aria-labelledby=\"product-accordion-title-3\">\n<div class=\"lg-product__accordion-content\">\n<div class=\"additional-attributes-wrapper\">\n<div>Mati\u00e8re Bracelet en alligator<\/div>\n<div>Couleur verte<\/div>\n<div>Boucle Avec boucle<\/div>\n<div>Interchangeabilit\u00e9 Changez facilement de bracelet gr\u00e2ce au syst\u00e8me interchangeable Longines<\/div>\n<\/div>\n<\/div>\n<\/div>\n<\/div>\n<\/div>\n<\/div>\n<\/div>\n<\/div>\n<\/div>\n<\/div>\n<\/div>\n<\/div>\n<\/div>\n<\/div>\n<\/div>\n","protected":false},"excerpt":{"rendered":"<p>Longines DOLCEVITA r\u00e9f. L5255471A Cas Forme rectangulaire Mat\u00e9riau Acier inoxydable Verre Verre saphir inrayable Dimensions 20.80 X 32.00 mm Distance entre les ergots 15 mm \u00c9paisseur 6,90 mm \u00c9tanch\u00e9it\u00e9 \u00c9tanch\u00e9it\u00e9 jusqu&#8217;\u00e0 3 bars Poids 19,2 g Cadran et aiguilles Couleur du cadran Argent flinqu\u00e9 Tour d&#8217;heures Chiffres romains peints Aiguilles Aiguilles en acier bleui Mouvement [&hellip;]<\/p>\n","protected":false},"featured_media":149739,"template":"","meta":{"_crdt_document":"","advanced_seo_description":"","jetpack_seo_html_title":"","jetpack_seo_noindex":false},"product_brand":[],"product_cat":[2188],"product_tag":[3205],"berocket_brand":[],"woo-feed-brand":[],"class_list":{"0":"post-78096","1":"product","2":"type-product","3":"status-publish","4":"has-post-thumbnail","6":"product_cat-longines-fr","7":"product_tag-col-roule","9":"first","10":"instock","11":"sale","12":"taxable","13":"shipping-taxable","14":"purchasable","15":"product-type-simple"},"bundled_by":[],"bundle_stock_status":"instock","bundle_stock_quantity":1,"bundle_virtual":false,"bundle_layout":"","bundle_add_to_cart_form_location":"","bundle_editable_in_cart":false,"bundle_sold_individually_context":"","bundle_item_grouping":"","bundle_min_size":"","bundle_max_size":"","bundle_price":[],"bundled_items":[],"bundle_sell_ids":[],"group_of_quantity":0,"min_quantity":0,"max_quantity":"","exclude_order_quantity_value_rules":"no","exclude_category_quantity_rules":"no","combine_variations":"no","exclude_global_add_ons":[],"addons":[],"jetpack_sharing_enabled":true,"jetpack_likes_enabled":true,"_links":{"self":[{"href":"https:\/\/watchdeluxe.it\/fr\/wp-json\/wp\/v2\/product\/78096","targetHints":{"allow":["GET"]}}],"collection":[{"href":"https:\/\/watchdeluxe.it\/fr\/wp-json\/wp\/v2\/product"}],"about":[{"href":"https:\/\/watchdeluxe.it\/fr\/wp-json\/wp\/v2\/types\/product"}],"wp:featuredmedia":[{"embeddable":true,"href":"https:\/\/watchdeluxe.it\/fr\/wp-json\/wp\/v2\/media\/149739"}],"wp:attachment":[{"href":"https:\/\/watchdeluxe.it\/fr\/wp-json\/wp\/v2\/media?parent=78096"}],"wp:term":[{"taxonomy":"product_brand","embeddable":true,"href":"https:\/\/watchdeluxe.it\/fr\/wp-json\/wp\/v2\/product_brand?post=78096"},{"taxonomy":"product_cat","embeddable":true,"href":"https:\/\/watchdeluxe.it\/fr\/wp-json\/wp\/v2\/product_cat?post=78096"},{"taxonomy":"product_tag","embeddable":true,"href":"https:\/\/watchdeluxe.it\/fr\/wp-json\/wp\/v2\/product_tag?post=78096"},{"taxonomy":"berocket_brand","embeddable":true,"href":"https:\/\/watchdeluxe.it\/fr\/wp-json\/wp\/v2\/berocket_brand?post=78096"},{"taxonomy":"woo-feed-brand","embeddable":true,"href":"https:\/\/watchdeluxe.it\/fr\/wp-json\/wp\/v2\/woo-feed-brand?post=78096"}],"curies":[{"name":"wp","href":"https:\/\/api.w.org\/{rel}","templated":true}]}}