{"id":77925,"date":"2024-09-17T17:23:16","date_gmt":"2024-09-17T15:23:16","guid":{"rendered":"https:\/\/watchdeluxe.it\/prodotto\/omega-tresor-de-ville-ref-432-58-40-21-05-001\/"},"modified":"2024-09-17T17:23:20","modified_gmt":"2024-09-17T15:23:20","slug":"omega-tresor-de-ville-ref-432-58-40-21-05-001","status":"publish","type":"product","link":"https:\/\/watchdeluxe.it\/fr\/prodotto\/omega-tresor-de-ville-ref-432-58-40-21-05-001\/","title":{"rendered":"Omega Tresor de Ville ref. 432.58.40.21.05.001"},"content":{"rendered":"<p>Omega Tresor de Ville ref. 432.58.40.21.05.001<\/p>\n<div class=\"product-info-data technical-data pm-anim-show seen\" style=\"opacity: 1;\">\n<h3 class=\"product-info-data-title\"><span class=\"hidden-tablet\">Sp\u00e9cifications techniques<\/span><\/h3>\n<div id=\"product-info-data-627532bde3d50\" class=\"product-info-data-content technical-data watches\">\n<ul>\n<li><strong>Distance entre les ergots :<\/strong> <span class=\"technical-data-value\" data-code=\"watch_between_lugs_size\">20 mm<\/span><\/li>\n<li><strong>Bo\u00eetier :<\/strong> <span class=\"technical-data-value\" data-code=\"watch_watchcase\">Or Sedna\u2122<\/span><\/li>\n<li><strong>Diam\u00e8tre :<\/strong> <span class=\"technical-data-value\" data-code=\"watch_casediameter\">40 mm<\/span><\/li>\n<li><strong>Couleur du cadran :<\/strong> <span class=\"technical-data-value\" data-code=\"watch_dial\">Blanc<\/span><\/li>\n<li><strong>Verre :<\/strong> <span class=\"technical-data-value\" data-code=\"watch_crystal\">Verre saphir inrayable avec traitement antireflet sur les deux faces<\/span><\/li>\n<li><strong>R\u00e9sistance \u00e0 l&#8217;eau :<\/strong> <span class=\"technical-data-value\" data-code=\"watch_waterresistance\">3 bars (30 m\u00e8tres \/ 100 pieds)<\/span><\/li>\n<li>Mouvement : Remontage manuel<\/li>\n<li><strong>Couleur du bracelet<\/strong> <span class=\"technical-data-value\" data-code=\"strap_color_list\">blanc<\/span><\/li>\n<li>Bracelet : Bracelet en cuir<\/li>\n<\/ul>\n<\/div>\n<\/div>\n","protected":false},"excerpt":{"rendered":"<p>Omega Tresor de Ville ref. 432.58.40.21.05.001 Sp\u00e9cifications techniques Distance entre les ergots : 20 mm Bo\u00eetier : Or Sedna\u2122 Diam\u00e8tre : 40 mm Couleur du cadran : Blanc Verre : Verre saphir inrayable avec traitement antireflet sur les deux faces R\u00e9sistance \u00e0 l&#8217;eau : 3 bars (30 m\u00e8tres \/ 100 pieds) Mouvement : Remontage manuel [&hellip;]<\/p>\n","protected":false},"featured_media":59404,"template":"","meta":{"_crdt_document":"","advanced_seo_description":"","jetpack_seo_html_title":"","jetpack_seo_noindex":false},"product_brand":[2155],"product_cat":[1921],"product_tag":[2970],"berocket_brand":[],"woo-feed-brand":[],"class_list":{"0":"post-77925","1":"product","2":"type-product","3":"status-publish","4":"has-post-thumbnail","6":"product_brand-omega","7":"product_cat-omega","8":"product_tag-de-ville-fr","10":"first","11":"instock","12":"sale","13":"taxable","14":"shipping-taxable","15":"purchasable","16":"product-type-simple"},"bundled_by":[],"bundle_stock_status":"instock","bundle_stock_quantity":1,"bundle_virtual":false,"bundle_layout":"","bundle_add_to_cart_form_location":"","bundle_editable_in_cart":false,"bundle_sold_individually_context":"","bundle_item_grouping":"","bundle_min_size":"","bundle_max_size":"","bundle_price":[],"bundled_items":[],"bundle_sell_ids":[],"group_of_quantity":0,"min_quantity":0,"max_quantity":"","exclude_order_quantity_value_rules":"no","exclude_category_quantity_rules":"no","combine_variations":"no","jetpack_sharing_enabled":true,"jetpack_likes_enabled":true,"_links":{"self":[{"href":"https:\/\/watchdeluxe.it\/fr\/wp-json\/wp\/v2\/product\/77925","targetHints":{"allow":["GET"]}}],"collection":[{"href":"https:\/\/watchdeluxe.it\/fr\/wp-json\/wp\/v2\/product"}],"about":[{"href":"https:\/\/watchdeluxe.it\/fr\/wp-json\/wp\/v2\/types\/product"}],"wp:featuredmedia":[{"embeddable":true,"href":"https:\/\/watchdeluxe.it\/fr\/wp-json\/wp\/v2\/media\/59404"}],"wp:attachment":[{"href":"https:\/\/watchdeluxe.it\/fr\/wp-json\/wp\/v2\/media?parent=77925"}],"wp:term":[{"taxonomy":"product_brand","embeddable":true,"href":"https:\/\/watchdeluxe.it\/fr\/wp-json\/wp\/v2\/product_brand?post=77925"},{"taxonomy":"product_cat","embeddable":true,"href":"https:\/\/watchdeluxe.it\/fr\/wp-json\/wp\/v2\/product_cat?post=77925"},{"taxonomy":"product_tag","embeddable":true,"href":"https:\/\/watchdeluxe.it\/fr\/wp-json\/wp\/v2\/product_tag?post=77925"},{"taxonomy":"berocket_brand","embeddable":true,"href":"https:\/\/watchdeluxe.it\/fr\/wp-json\/wp\/v2\/berocket_brand?post=77925"},{"taxonomy":"woo-feed-brand","embeddable":true,"href":"https:\/\/watchdeluxe.it\/fr\/wp-json\/wp\/v2\/woo-feed-brand?post=77925"}],"curies":[{"name":"wp","href":"https:\/\/api.w.org\/{rel}","templated":true}]}}