{"id":77917,"date":"2023-03-17T18:39:07","date_gmt":"2023-03-17T17:39:07","guid":{"rendered":"https:\/\/watchdeluxe.it\/prodotto\/nomos-glashutte-tangente-38-date-ref-130\/"},"modified":"2026-04-23T14:26:59","modified_gmt":"2026-04-23T12:26:59","slug":"nomos-glashutte-tangent-38-datario-ref-130","status":"publish","type":"product","link":"https:\/\/watchdeluxe.it\/fr\/prodotto\/nomos-glashutte-tangent-38-datario-ref-130\/","title":{"rendered":"Nomos glashutte Tangente 38 date ref. 130"},"content":{"rendered":"<p>Nomos glashutte Tangente 38 date ref. 130<\/p>\n<div class=\"list-couple\">\n<div class=\"specs-list\">\n<dl>\n<dt>Bo\u00eetier<\/dt>\n<dd>\nacier inoxydable verre saphir fond de bo\u00eetier<\/dd>\n<\/dl>\n<dl>\n<dt>Verre<\/dt>\n<dd>verre saphir<\/dd>\n<\/dl>\n<dl>\n<dt>Charge<\/dt>\n<dd>manuel<\/dd>\n<\/dl>\n<dl>\n<dt>Dimensions<\/dt>\n<dd>\n<p>diam\u00e8tre <span class=\"size-property\"> 37,5 mm <\/span> \u00e9paisseur<span class=\"size-property\"> 6,8 mm <\/span> Taille de la boucle ext\u00e9rieure<span class=\"size-property\"> 47,7 mm <\/span><\/dd>\n<\/dl>\n<dl>\n<dt>R\u00e9sistance \u00e0 l&#8217;eau<\/dt>\n<dd>3 atm (r\u00e9sistant aux \u00e9claboussures)<\/dd>\n<\/dl>\n<\/div>\n<div class=\"specs-list\">\n<dl>\n<dt>Cadran<\/dt>\n<dd>galvanis\u00e9, argent\u00e9 blanc<\/dd>\n<\/dl>\n<dl>\n<dt>Mains<\/dt>\n<dd>bleu durci<\/dd>\n<\/dl>\n<dl>\n<dt>bracelet<\/dt>\n<dd>Horween Genuine Shell Cordovan noir<br \/>\n<span class=\"size-property\"> largeur des cornes 19 mm <\/span><\/dd>\n<\/dl>\n<\/div>\n<\/div>\n","protected":false},"excerpt":{"rendered":"<p>Nomos glashutte Tangente 38 date ref. 130 Bo\u00eetier acier inoxydable verre saphir fond de bo\u00eetier Verre verre saphir Charge manuel Dimensions diam\u00e8tre 37,5 mm \u00e9paisseur 6,8 mm Taille de la boucle ext\u00e9rieure 47,7 mm R\u00e9sistance \u00e0 l&#8217;eau 3 atm (r\u00e9sistant aux \u00e9claboussures) Cadran galvanis\u00e9, argent\u00e9 blanc Mains bleu durci bracelet Horween Genuine Shell Cordovan noir [&hellip;]<\/p>\n","protected":false},"featured_media":178071,"template":"","meta":{"_crdt_document":"","advanced_seo_description":"","jetpack_seo_html_title":"","jetpack_seo_noindex":false},"product_brand":[],"product_cat":[1919],"product_tag":[3740],"berocket_brand":[],"woo-feed-brand":[],"class_list":{"0":"post-77917","1":"product","2":"type-product","3":"status-publish","4":"has-post-thumbnail","6":"product_cat-nomos-glashutte","7":"product_tag-tangente-2","9":"first","10":"instock","11":"sale","12":"taxable","13":"shipping-taxable","14":"purchasable","15":"product-type-simple"},"bundled_by":[],"bundle_stock_status":"instock","bundle_stock_quantity":1,"bundle_virtual":false,"bundle_layout":"","bundle_add_to_cart_form_location":"","bundle_editable_in_cart":false,"bundle_sold_individually_context":"","bundle_item_grouping":"","bundle_min_size":"","bundle_max_size":"","bundle_price":[],"bundled_items":[],"bundle_sell_ids":[],"group_of_quantity":0,"min_quantity":0,"max_quantity":"","exclude_order_quantity_value_rules":"no","exclude_category_quantity_rules":"no","combine_variations":"no","exclude_global_add_ons":[],"addons":[],"jetpack_sharing_enabled":true,"jetpack_likes_enabled":true,"_links":{"self":[{"href":"https:\/\/watchdeluxe.it\/fr\/wp-json\/wp\/v2\/product\/77917","targetHints":{"allow":["GET"]}}],"collection":[{"href":"https:\/\/watchdeluxe.it\/fr\/wp-json\/wp\/v2\/product"}],"about":[{"href":"https:\/\/watchdeluxe.it\/fr\/wp-json\/wp\/v2\/types\/product"}],"wp:featuredmedia":[{"embeddable":true,"href":"https:\/\/watchdeluxe.it\/fr\/wp-json\/wp\/v2\/media\/178071"}],"wp:attachment":[{"href":"https:\/\/watchdeluxe.it\/fr\/wp-json\/wp\/v2\/media?parent=77917"}],"wp:term":[{"taxonomy":"product_brand","embeddable":true,"href":"https:\/\/watchdeluxe.it\/fr\/wp-json\/wp\/v2\/product_brand?post=77917"},{"taxonomy":"product_cat","embeddable":true,"href":"https:\/\/watchdeluxe.it\/fr\/wp-json\/wp\/v2\/product_cat?post=77917"},{"taxonomy":"product_tag","embeddable":true,"href":"https:\/\/watchdeluxe.it\/fr\/wp-json\/wp\/v2\/product_tag?post=77917"},{"taxonomy":"berocket_brand","embeddable":true,"href":"https:\/\/watchdeluxe.it\/fr\/wp-json\/wp\/v2\/berocket_brand?post=77917"},{"taxonomy":"woo-feed-brand","embeddable":true,"href":"https:\/\/watchdeluxe.it\/fr\/wp-json\/wp\/v2\/woo-feed-brand?post=77917"}],"curies":[{"name":"wp","href":"https:\/\/api.w.org\/{rel}","templated":true}]}}