{"id":77873,"date":"2023-03-17T18:39:11","date_gmt":"2023-03-17T17:39:11","guid":{"rendered":"https:\/\/watchdeluxe.it\/prodotto\/nomos-glashutte-autobahn-neomatik-41-sport-grey-date-display-ref-1303\/"},"modified":"2026-04-23T14:27:02","modified_gmt":"2026-04-23T12:27:02","slug":"nomos-glashutte-autobahn-neomatik-41-datario-grey-sports-ref-1303","status":"publish","type":"product","link":"https:\/\/watchdeluxe.it\/fr\/prodotto\/nomos-glashutte-autobahn-neomatik-41-datario-grey-sports-ref-1303\/","title":{"rendered":"Nomos Glashutte Autobahn neomatik 41 sport grey date display ref. 1303"},"content":{"rendered":"<p>Nomos Glashutte Autobahn neomatik 41 sport grey date display ref. 1303<\/p>\n<div class=\"specs-list\">\n<dl>\n<dt>Cas<\/dt>\n<dd>acier inoxydable, bipartite<br \/>\nfond saphir bomb\u00e9<\/dd>\n<\/dl>\n<dl>\n<dt>Verre<\/dt>\n<dd>verre saphir bomb\u00e9 avec traitement antireflet<\/dd>\n<\/dl>\n<dl>\n<dt>Charge<\/dt>\n<dd>automatique<\/dd>\n<\/dl>\n<dl>\n<dt>Dimensions<\/dt>\n<dd>diam\u00e8tre <span class=\"size-property\"> 41,0 mm <\/span><br \/>\n\u00e9paisseur <span class=\"size-property\"> 10,5 mm <\/span><br \/>\nTaille de la boucle ext\u00e9rieure <span class=\"size-property\"> 49,6 mm <\/span> <\/dd>\n<\/dl>\n<dl>\n<dt>R\u00e9sistance \u00e0 l&#8217;eau<\/dt>\n<dd>10 atm (\u00e0 porter en nageant)<\/dd>\n<\/dl>\n<\/div>\n<div class=\"specs-list\">\n<dl>\n<dt>Cadran<\/dt>\n<dd>galvanis\u00e9, rhodi\u00e9<br \/>\nanneau lumineux bleu avec superluminova<br \/>\naffichage allong\u00e9 de la date<\/dd>\n<\/dl>\n<dl>\n<dt>Mains<\/dt>\n<dd>rhodi\u00e9<\/dd>\n<\/dl>\n<dl>\n<dt>sangle<\/dt>\n<dd>Courroie en tissu bleu-noir, tiss\u00e9e et r\u00e9sistante \u00e0 l&#8217;eau<br \/>\n<span class=\"size-property\">  largeur de la boucle 20 mm  <\/span><\/dd>\n<\/dl>\n<dl>\n<dt>Boucle<\/dt>\n<dd>Boucle \u00e0 ardillon, carr\u00e9e, en acier inoxydable<\/dd>\n<\/dl>\n<\/div>\n","protected":false},"excerpt":{"rendered":"<p>Nomos Glashutte Autobahn neomatik 41 sport grey date display ref. 1303 Cas acier inoxydable, bipartite fond saphir bomb\u00e9 Verre verre saphir bomb\u00e9 avec traitement antireflet Charge automatique Dimensions diam\u00e8tre 41,0 mm \u00e9paisseur 10,5 mm Taille de la boucle ext\u00e9rieure 49,6 mm R\u00e9sistance \u00e0 l&#8217;eau 10 atm (\u00e0 porter en nageant) Cadran galvanis\u00e9, rhodi\u00e9 anneau lumineux [&hellip;]<\/p>\n","protected":false},"featured_media":178077,"template":"","meta":{"_crdt_document":"","advanced_seo_description":"","jetpack_seo_html_title":"","jetpack_seo_noindex":false},"product_brand":[],"product_cat":[1919],"product_tag":[1665],"berocket_brand":[],"woo-feed-brand":[],"class_list":{"0":"post-77873","1":"product","2":"type-product","3":"status-publish","4":"has-post-thumbnail","6":"product_cat-nomos-glashutte","7":"product_tag-autobahn","9":"first","10":"instock","11":"sale","12":"taxable","13":"shipping-taxable","14":"purchasable","15":"product-type-simple"},"bundled_by":[],"bundle_stock_status":"instock","bundle_stock_quantity":1,"bundle_virtual":false,"bundle_layout":"","bundle_add_to_cart_form_location":"","bundle_editable_in_cart":false,"bundle_sold_individually_context":"","bundle_item_grouping":"","bundle_min_size":"","bundle_max_size":"","bundle_price":[],"bundled_items":[],"bundle_sell_ids":[],"group_of_quantity":0,"min_quantity":0,"max_quantity":"","exclude_order_quantity_value_rules":"no","exclude_category_quantity_rules":"no","combine_variations":"no","exclude_global_add_ons":[],"addons":[],"jetpack_sharing_enabled":true,"jetpack_likes_enabled":true,"_links":{"self":[{"href":"https:\/\/watchdeluxe.it\/fr\/wp-json\/wp\/v2\/product\/77873","targetHints":{"allow":["GET"]}}],"collection":[{"href":"https:\/\/watchdeluxe.it\/fr\/wp-json\/wp\/v2\/product"}],"about":[{"href":"https:\/\/watchdeluxe.it\/fr\/wp-json\/wp\/v2\/types\/product"}],"wp:featuredmedia":[{"embeddable":true,"href":"https:\/\/watchdeluxe.it\/fr\/wp-json\/wp\/v2\/media\/178077"}],"wp:attachment":[{"href":"https:\/\/watchdeluxe.it\/fr\/wp-json\/wp\/v2\/media?parent=77873"}],"wp:term":[{"taxonomy":"product_brand","embeddable":true,"href":"https:\/\/watchdeluxe.it\/fr\/wp-json\/wp\/v2\/product_brand?post=77873"},{"taxonomy":"product_cat","embeddable":true,"href":"https:\/\/watchdeluxe.it\/fr\/wp-json\/wp\/v2\/product_cat?post=77873"},{"taxonomy":"product_tag","embeddable":true,"href":"https:\/\/watchdeluxe.it\/fr\/wp-json\/wp\/v2\/product_tag?post=77873"},{"taxonomy":"berocket_brand","embeddable":true,"href":"https:\/\/watchdeluxe.it\/fr\/wp-json\/wp\/v2\/berocket_brand?post=77873"},{"taxonomy":"woo-feed-brand","embeddable":true,"href":"https:\/\/watchdeluxe.it\/fr\/wp-json\/wp\/v2\/woo-feed-brand?post=77873"}],"curies":[{"name":"wp","href":"https:\/\/api.w.org\/{rel}","templated":true}]}}