{"id":77862,"date":"2023-03-17T18:39:11","date_gmt":"2023-03-17T17:39:11","guid":{"rendered":"https:\/\/watchdeluxe.it\/prodotto\/tag-heuer-carrera-ref-wbn2411-ba0621\/"},"modified":"2026-04-07T12:01:32","modified_gmt":"2026-04-07T10:01:32","slug":"tag-heuer-carrera-ref-wbn2411-ba0621","status":"publish","type":"product","link":"https:\/\/watchdeluxe.it\/fr\/prodotto\/tag-heuer-carrera-ref-wbn2411-ba0621\/","title":{"rendered":"Tag Heuer Carrera ref. WBN2411.BA0621"},"content":{"rendered":"<p>Tag Heuer Carrera ref. WBN2411.BA0621<\/p>\n<div class=\"card\">\n<div id=\"collapsecase\" class=\"collapse show\" data-parent=\"#tech-accordion\" aria-labelledby=\"headingcase\">\n<div class=\"card-body\">\n<div class=\"row\">\n<div class=\"col-12 col-lg-6\">\n<p> <span class=\"spec-title\"> Taille <\/span> <span class=\"spec-value\"> 29 mm <\/span> <\/p>\n<\/div>\n<div class=\"col-12 col-lg-6\">\n<p> <span class=\"spec-title\"> Epaisseur <\/span> <span class=\"spec-value\"> 10,75 mm <\/span> <\/p>\n<\/div>\n<div class=\"col-12 col-lg-6\">\n<p> <span class=\"spec-title\"> Distance entre les ergots <\/span> <span class=\"spec-value\"> 15,00 mm <\/span> <\/p>\n<\/div>\n<div class=\"col-12 col-lg-6\">\n<p> <span class=\"spec-title\"> R\u00e9sistance \u00e0 l&#8217;eau <\/span> <span class=\"spec-value\"> 100 m <\/span> <\/p>\n<\/div>\n<div class=\"col-12 col-lg-6\">\n<p> <span class=\"spec-title\"> Corps du bo\u00eetier <\/span> <span class=\"spec-value\"> Acier poli <\/span> <\/p>\n<\/div>\n<div class=\"col-12 col-lg-6\">\n<p> <span class=\"spec-title\"> Lunette <\/span> <span class=\"spec-value\"> Lunette fixe Acier <\/span> <\/p>\n<\/div>\n<div class=\"col-12 col-lg-6\">\n<p> <span class=\"spec-title\"> Retour <\/span> <span class=\"spec-value\"> L&#8217;acier <\/span> <\/p>\n<div class=\"col-12 col-md-6 specs-img\"><\/div>\n<div id=\"collapsemovement\" class=\"collapse show\" data-parent=\"#tech-accordion\" aria-labelledby=\"headingmovement\">\n<div class=\"card-body\">\n<div class=\"row\">\n<div class=\"col-12 col-lg-6\">\n<p> <span class=\"spec-title\"> Calibre <\/span> <span class=\"spec-value\"> Calibre 9 automatique <\/span> <\/p>\n<\/div>\n<div class=\"col-12 col-lg-6\">\n<p> <span class=\"spec-title\"> Mouvement <\/span> <span class=\"spec-value\"> Montre automatique <\/span> <\/p>\n<\/div>\n<div class=\"col-12 col-lg-6\">\n<p> <span class=\"spec-title\"> R\u00e9serve de marche (heures) <\/span> <span class=\"spec-value\"> 40 <\/span> <\/p>\n<\/div>\n<div class=\"col-12 col-lg-6\">\n<p> <span class=\"spec-title\"> Fr\u00e9quence de la bascule <\/span> <span class=\"spec-value\"> 28&#8217;800 (4 Hz) <\/span> <\/p>\n<\/div>\n<div class=\"col-12 col-lg-6\">\n<p> <span class=\"spec-title\"> Fonctions <\/span> <span class=\"spec-value\"> Heures, minutes, secondes, date <\/span> <\/p>\n<\/div>\n<\/div>\n<\/div>\n<\/div>\n<\/div>\n<\/div>\n<\/div>\n<\/div>\n<\/div>\n","protected":false},"excerpt":{"rendered":"<p>Tag Heuer Carrera ref. WBN2411.BA0621 Taille 29 mm Epaisseur 10,75 mm Distance entre les ergots 15,00 mm R\u00e9sistance \u00e0 l&#8217;eau 100 m Corps du bo\u00eetier Acier poli Lunette Lunette fixe Acier Retour L&#8217;acier Calibre Calibre 9 automatique Mouvement Montre automatique R\u00e9serve de marche (heures) 40 Fr\u00e9quence de la bascule 28&#8217;800 (4 Hz) Fonctions Heures, minutes, [&hellip;]<\/p>\n","protected":false},"featured_media":170914,"template":"","meta":{"_crdt_document":"","advanced_seo_description":"","jetpack_seo_html_title":"","jetpack_seo_noindex":false},"product_brand":[],"product_cat":[2243],"product_tag":[2362],"berocket_brand":[],"woo-feed-brand":[],"class_list":{"0":"post-77862","1":"product","2":"type-product","3":"status-publish","4":"has-post-thumbnail","6":"product_cat-tag-heuer-fr","7":"product_tag-carrera-fr","9":"first","10":"instock","11":"sale","12":"taxable","13":"shipping-taxable","14":"purchasable","15":"product-type-simple"},"bundled_by":[],"bundle_stock_status":"instock","bundle_stock_quantity":1,"bundle_virtual":false,"bundle_layout":"","bundle_add_to_cart_form_location":"","bundle_editable_in_cart":false,"bundle_sold_individually_context":"","bundle_item_grouping":"","bundle_min_size":"","bundle_max_size":"","bundle_price":[],"bundled_items":[],"bundle_sell_ids":[],"group_of_quantity":0,"min_quantity":0,"max_quantity":"","exclude_order_quantity_value_rules":"no","exclude_category_quantity_rules":"no","combine_variations":"no","jetpack_sharing_enabled":true,"jetpack_likes_enabled":true,"_links":{"self":[{"href":"https:\/\/watchdeluxe.it\/fr\/wp-json\/wp\/v2\/product\/77862","targetHints":{"allow":["GET"]}}],"collection":[{"href":"https:\/\/watchdeluxe.it\/fr\/wp-json\/wp\/v2\/product"}],"about":[{"href":"https:\/\/watchdeluxe.it\/fr\/wp-json\/wp\/v2\/types\/product"}],"wp:featuredmedia":[{"embeddable":true,"href":"https:\/\/watchdeluxe.it\/fr\/wp-json\/wp\/v2\/media\/170914"}],"wp:attachment":[{"href":"https:\/\/watchdeluxe.it\/fr\/wp-json\/wp\/v2\/media?parent=77862"}],"wp:term":[{"taxonomy":"product_brand","embeddable":true,"href":"https:\/\/watchdeluxe.it\/fr\/wp-json\/wp\/v2\/product_brand?post=77862"},{"taxonomy":"product_cat","embeddable":true,"href":"https:\/\/watchdeluxe.it\/fr\/wp-json\/wp\/v2\/product_cat?post=77862"},{"taxonomy":"product_tag","embeddable":true,"href":"https:\/\/watchdeluxe.it\/fr\/wp-json\/wp\/v2\/product_tag?post=77862"},{"taxonomy":"berocket_brand","embeddable":true,"href":"https:\/\/watchdeluxe.it\/fr\/wp-json\/wp\/v2\/berocket_brand?post=77862"},{"taxonomy":"woo-feed-brand","embeddable":true,"href":"https:\/\/watchdeluxe.it\/fr\/wp-json\/wp\/v2\/woo-feed-brand?post=77862"}],"curies":[{"name":"wp","href":"https:\/\/api.w.org\/{rel}","templated":true}]}}