{"id":77475,"date":"2023-03-17T18:40:32","date_gmt":"2023-03-17T17:40:32","guid":{"rendered":"https:\/\/watchdeluxe.it\/prodotto\/tag-heuer-carrera-ref-wbn2010-ba0640\/"},"modified":"2026-04-07T11:59:07","modified_gmt":"2026-04-07T09:59:07","slug":"tag-heuer-carrera-ref-wbn2010-ba0640","status":"publish","type":"product","link":"https:\/\/watchdeluxe.it\/fr\/prodotto\/tag-heuer-carrera-ref-wbn2010-ba0640\/","title":{"rendered":"Tag Heuer Carrera ref. WBN2010.BA0640"},"content":{"rendered":"<p>Tag Heuer Carrera ref. WBN2010.BA0640<\/p>\n<p>Montre avec <span class=\"hl\">bo\u00eetier en acier, finition altern\u00e9e<\/span> de <span class=\"hl\">41 mm de diam\u00e8tre<\/span>, cadran noir et lunette en acier, finition polie.<br \/>\nLa montre, \u00e0 <span class=\"hl\">mouvement automatique<\/span>, est dot\u00e9e de la <span class=\"hl\">fonction heure seule<\/span> et pr\u00e9sente une \u00e9tanch\u00e9it\u00e9 de 10 bar \/ 100 m.<br \/>\nLe bracelet est en acier et le verre en saphir.<\/p>\n","protected":false},"excerpt":{"rendered":"<p>Tag Heuer Carrera ref. WBN2010.BA0640 Montre avec bo\u00eetier en acier, finition altern\u00e9e de 41 mm de diam\u00e8tre, cadran noir et lunette en acier, finition polie. La montre, \u00e0 mouvement automatique, est dot\u00e9e de la fonction heure seule et pr\u00e9sente une \u00e9tanch\u00e9it\u00e9 de 10 bar \/ 100 m. Le bracelet est en acier et le verre [&hellip;]<\/p>\n","protected":false},"featured_media":146475,"template":"","meta":{"_crdt_document":"","advanced_seo_description":"","jetpack_seo_html_title":"","jetpack_seo_noindex":false},"product_brand":[],"product_cat":[2243],"product_tag":[2362],"berocket_brand":[],"woo-feed-brand":[],"class_list":{"0":"post-77475","1":"product","2":"type-product","3":"status-publish","4":"has-post-thumbnail","6":"product_cat-tag-heuer-fr","7":"product_tag-carrera-fr","9":"first","10":"instock","11":"sale","12":"taxable","13":"shipping-taxable","14":"purchasable","15":"product-type-simple"},"bundled_by":[],"bundle_stock_status":"instock","bundle_stock_quantity":1,"bundle_virtual":false,"bundle_layout":"","bundle_add_to_cart_form_location":"","bundle_editable_in_cart":false,"bundle_sold_individually_context":"","bundle_item_grouping":"","bundle_min_size":"","bundle_max_size":"","bundle_price":[],"bundled_items":[],"bundle_sell_ids":[],"group_of_quantity":0,"min_quantity":0,"max_quantity":"","exclude_order_quantity_value_rules":"no","exclude_category_quantity_rules":"no","combine_variations":"no","exclude_global_add_ons":[],"addons":[],"jetpack_sharing_enabled":true,"jetpack_likes_enabled":true,"_links":{"self":[{"href":"https:\/\/watchdeluxe.it\/fr\/wp-json\/wp\/v2\/product\/77475","targetHints":{"allow":["GET"]}}],"collection":[{"href":"https:\/\/watchdeluxe.it\/fr\/wp-json\/wp\/v2\/product"}],"about":[{"href":"https:\/\/watchdeluxe.it\/fr\/wp-json\/wp\/v2\/types\/product"}],"wp:featuredmedia":[{"embeddable":true,"href":"https:\/\/watchdeluxe.it\/fr\/wp-json\/wp\/v2\/media\/146475"}],"wp:attachment":[{"href":"https:\/\/watchdeluxe.it\/fr\/wp-json\/wp\/v2\/media?parent=77475"}],"wp:term":[{"taxonomy":"product_brand","embeddable":true,"href":"https:\/\/watchdeluxe.it\/fr\/wp-json\/wp\/v2\/product_brand?post=77475"},{"taxonomy":"product_cat","embeddable":true,"href":"https:\/\/watchdeluxe.it\/fr\/wp-json\/wp\/v2\/product_cat?post=77475"},{"taxonomy":"product_tag","embeddable":true,"href":"https:\/\/watchdeluxe.it\/fr\/wp-json\/wp\/v2\/product_tag?post=77475"},{"taxonomy":"berocket_brand","embeddable":true,"href":"https:\/\/watchdeluxe.it\/fr\/wp-json\/wp\/v2\/berocket_brand?post=77475"},{"taxonomy":"woo-feed-brand","embeddable":true,"href":"https:\/\/watchdeluxe.it\/fr\/wp-json\/wp\/v2\/woo-feed-brand?post=77475"}],"curies":[{"name":"wp","href":"https:\/\/api.w.org\/{rel}","templated":true}]}}