{"id":77403,"date":"2023-03-17T18:40:37","date_gmt":"2023-03-17T17:40:37","guid":{"rendered":"https:\/\/watchdeluxe.it\/prodotto\/tag-heuer-montre-aquaracer-professional-300-automatic-diametre-43-mm-ref-wbp201b-ba0632\/"},"modified":"2026-04-07T11:51:19","modified_gmt":"2026-04-07T09:51:19","slug":"tag-heuer-aquaracer-professional-300-montre-automatique-diametre-43-mm-ref-wbp201b-ba0632","status":"publish","type":"product","link":"https:\/\/watchdeluxe.it\/fr\/prodotto\/tag-heuer-aquaracer-professional-300-montre-automatique-diametre-43-mm-ref-wbp201b-ba0632\/","title":{"rendered":"TAG Heuer Montre Aquaracer Professional 300 Automatic &#8211; Diam\u00e8tre 43 mm REF. WBP201B.BA0632"},"content":{"rendered":"<p>TAG Heuer Montre Aquaracer Professional 300 Automatic &#8211; Diam\u00e8tre 43 mm REF. WBP201B.BA0632<\/p>\n<p>Anim\u00e9e par le mouvement automatique Calibre 5, la nouvelle TAG Heuer Aquaracer arbore un cadran bleu bross\u00e9 soleil et offre une \u00e9tanch\u00e9it\u00e9 \u00e0 300 m\u00e8tres. Une authentique montre de plong\u00e9e, con\u00e7ue pour r\u00e9sister \u00e0 toutes les conditions, \u00e0 tout moment.<\/p>\n<p>CASH<\/p>\n<div class=\"col-12 col-lg-6\">\n<p> <span class=\"spec-title\"> Taille <\/span> <span class=\"spec-value\"> 43 mm <\/span> <\/p>\n<\/div>\n<div class=\"col-12 col-lg-6\">\n<p> <span class=\"spec-title\"> R\u00e9sistance \u00e0 l&#8217;eau <\/span> <span class=\"spec-value\"> 300 m <\/span> <\/p>\n<\/div>\n<div class=\"col-12 col-lg-6\">\n<p> <span class=\"spec-title\"> Corps du bo\u00eetier <\/span> <span class=\"spec-value\"> Acier Finition satin\u00e9e\/polissage <\/span> <\/p>\n<\/div>\n<div class=\"col-12 col-lg-6\">\n<p> <span class=\"spec-title\"> Lunette <\/span> <span class=\"spec-value\"> Lunette tournante C\u00e9ramique <\/span> <\/p>\n<\/div>\n<div class=\"col-12 col-lg-6\">\n<p> <span class=\"spec-title\"> Retour <\/span> <span class=\"spec-value\"> L&#8217;acier <\/span> <\/p>\n<p><span class=\"spec-value\">CEINTURE<\/span><\/p>\n<div class=\"col-12 col-lg-6\">\n<p> <span class=\"spec-title\"> Mat\u00e9riau <\/span> <span class=\"spec-value\"> Acier <\/span> <\/p>\n<\/div>\n<div class=\"col-12 col-lg-6\">\n<p> <span class=\"spec-title\"> Finitions <\/span> <span class=\"spec-value\"> Finition satin\u00e9e <\/span> <\/p>\n<\/div>\n<div class=\"col-12 col-lg-6\">\n<p> <span class=\"spec-title\"> Boucle <\/span> <span class=\"spec-value\"> Boucle d\u00e9ployante \u00e0 boutons-poussoirs &#8211; Acier satin\u00e9 <\/span> <\/p>\n<p><span class=\"spec-value\">CADRAN BLEU<\/span><\/p>\n<p><span class=\"spec-value\">MOUVEMENT<\/span><\/p>\n<div class=\"col-12 col-lg-6\">\n<p> <span class=\"spec-title\"> Calibre <\/span> <span class=\"spec-value\"> Calibre 5 automatique <\/span> <\/p>\n<\/div>\n<div class=\"col-12 col-lg-6\">\n<p> <span class=\"spec-title\"> Mouvement <\/span> <span class=\"spec-value\"> Montre automatique <\/span> <\/p>\n<\/div>\n<div class=\"col-12 col-lg-6\">\n<p> <span class=\"spec-title\"> R\u00e9serve de marche <\/span> <span class=\"spec-value\"> 38 H <\/span> <\/p>\n<\/div>\n<div class=\"col-12 col-lg-6\">\n<p> <span class=\"spec-title\"> Fr\u00e9quence de la bascule <\/span> <span class=\"spec-value\"> 28&#8217;800 (4 Hz) <\/span> <\/p>\n<\/div>\n<div class=\"col-12 col-lg-6\">\n<p> <span class=\"spec-title\"> Fonctions <\/span> <span class=\"spec-value\"> Heures, minutes, secondes <\/span> <\/p>\n<\/div>\n<p>&nbsp;<\/p>\n<\/div>\n<\/div>\n","protected":false},"excerpt":{"rendered":"<p>TAG Heuer Montre Aquaracer Professional 300 Automatic &#8211; Diam\u00e8tre 43 mm REF. WBP201B.BA0632 Anim\u00e9e par le mouvement automatique Calibre 5, la nouvelle TAG Heuer Aquaracer arbore un cadran bleu bross\u00e9 soleil et offre une \u00e9tanch\u00e9it\u00e9 \u00e0 300 m\u00e8tres. Une authentique montre de plong\u00e9e, con\u00e7ue pour r\u00e9sister \u00e0 toutes les conditions, \u00e0 tout moment. CASH Taille [&hellip;]<\/p>\n","protected":false},"featured_media":170734,"template":"","meta":{"_crdt_document":"","advanced_seo_description":"","jetpack_seo_html_title":"","jetpack_seo_noindex":false},"product_brand":[],"product_cat":[2909],"product_tag":[],"berocket_brand":[],"woo-feed-brand":[],"class_list":{"0":"post-77403","1":"product","2":"type-product","3":"status-publish","4":"has-post-thumbnail","6":"product_cat-tag-heuer-en","8":"first","9":"instock","10":"sale","11":"taxable","12":"shipping-taxable","13":"purchasable","14":"product-type-simple"},"bundled_by":[],"bundle_stock_status":"instock","bundle_stock_quantity":1,"bundle_virtual":false,"bundle_layout":"","bundle_add_to_cart_form_location":"","bundle_editable_in_cart":false,"bundle_sold_individually_context":"","bundle_item_grouping":"","bundle_min_size":"","bundle_max_size":"","bundle_price":[],"bundled_items":[],"bundle_sell_ids":[],"group_of_quantity":0,"min_quantity":0,"max_quantity":"","exclude_order_quantity_value_rules":"no","exclude_category_quantity_rules":"no","combine_variations":"no","jetpack_sharing_enabled":true,"jetpack_likes_enabled":true,"_links":{"self":[{"href":"https:\/\/watchdeluxe.it\/fr\/wp-json\/wp\/v2\/product\/77403","targetHints":{"allow":["GET"]}}],"collection":[{"href":"https:\/\/watchdeluxe.it\/fr\/wp-json\/wp\/v2\/product"}],"about":[{"href":"https:\/\/watchdeluxe.it\/fr\/wp-json\/wp\/v2\/types\/product"}],"wp:featuredmedia":[{"embeddable":true,"href":"https:\/\/watchdeluxe.it\/fr\/wp-json\/wp\/v2\/media\/170734"}],"wp:attachment":[{"href":"https:\/\/watchdeluxe.it\/fr\/wp-json\/wp\/v2\/media?parent=77403"}],"wp:term":[{"taxonomy":"product_brand","embeddable":true,"href":"https:\/\/watchdeluxe.it\/fr\/wp-json\/wp\/v2\/product_brand?post=77403"},{"taxonomy":"product_cat","embeddable":true,"href":"https:\/\/watchdeluxe.it\/fr\/wp-json\/wp\/v2\/product_cat?post=77403"},{"taxonomy":"product_tag","embeddable":true,"href":"https:\/\/watchdeluxe.it\/fr\/wp-json\/wp\/v2\/product_tag?post=77403"},{"taxonomy":"berocket_brand","embeddable":true,"href":"https:\/\/watchdeluxe.it\/fr\/wp-json\/wp\/v2\/berocket_brand?post=77403"},{"taxonomy":"woo-feed-brand","embeddable":true,"href":"https:\/\/watchdeluxe.it\/fr\/wp-json\/wp\/v2\/woo-feed-brand?post=77403"}],"curies":[{"name":"wp","href":"https:\/\/api.w.org\/{rel}","templated":true}]}}