{"id":77392,"date":"2023-03-17T18:40:36","date_gmt":"2023-03-17T17:40:36","guid":{"rendered":"https:\/\/watchdeluxe.it\/prodotto\/tag-heuer-montre-aquaracer-professional-300-automatic-diametre-36-mm-ref-wbp231b-ba0618\/"},"modified":"2026-04-10T16:53:07","modified_gmt":"2026-04-10T14:53:07","slug":"tag-heuer-aquaracer-professional-300-montre-automatique-diametre-36-mm-ref-wbp231b-ba0618","status":"publish","type":"product","link":"https:\/\/watchdeluxe.it\/fr\/prodotto\/tag-heuer-aquaracer-professional-300-montre-automatique-diametre-36-mm-ref-wbp231b-ba0618\/","title":{"rendered":"Tag heuer aquaracer professional 300 montre automatique &#8211; diam\u00e8tre 36 mm r\u00e9f. WBP231B.BA0618"},"content":{"rendered":"<p>TAG Heuer Montre Aquaracer Professional 300 Automatic &#8211; Diam\u00e8tre 36 mm REF. WBP231B.BA0618<\/p>\n<p>Au rythme du mouvement automatique Calibre 5, dot\u00e9e d&#8217;un cadran laqu\u00e9 bleu \u00e0 la finition ondul\u00e9e, cette TAG Heuer Aquaracer est une invitation \u00e0 repousser ses limites. Pr\u00eat \u00e0 affronter les profondeurs de l&#8217;oc\u00e9an tout en \u00e9levant la polyvalence \u00e0 un nouveau niveau.<\/p>\n<p>CASH<\/p>\n<div class=\"col-12 col-lg-6\">\n<p> <span class=\"spec-title\"> Taille <\/span> <span class=\"spec-value\"> 36 mm <\/span> <\/p>\n<\/div>\n<div class=\"col-12 col-lg-6\">\n<p> <span class=\"spec-title\"> R\u00e9sistance \u00e0 l&#8217;eau <\/span> <span class=\"spec-value\"> 300 m <\/span> <\/p>\n<\/div>\n<div class=\"col-12 col-lg-6\">\n<p> <span class=\"spec-title\"> Corps du bo\u00eetier <\/span> <span class=\"spec-value\"> Acier Finition satin\u00e9e\/polissage <\/span> <\/p>\n<\/div>\n<div class=\"col-12 col-lg-6\">\n<p> <span class=\"spec-title\"> Lunette <\/span> <span class=\"spec-value\"> Lunette tournante C\u00e9ramique <\/span> <\/p>\n<\/div>\n<div class=\"col-12 col-lg-6\">\n<p> <span class=\"spec-title\"> Retour <\/span> <span class=\"spec-value\"> L&#8217;acier <\/span> <\/p>\n<p><span class=\"spec-value\">CEINTURE<\/span><\/p>\n<div class=\"col-12 col-lg-6\">\n<p> <span class=\"spec-title\"> Mat\u00e9riau <\/span> <span class=\"spec-value\"> Acier <\/span> <\/p>\n<\/div>\n<div class=\"col-12 col-lg-6\">\n<p> <span class=\"spec-title\"> Finitions <\/span> <span class=\"spec-value\"> Satinage\/polissage <\/span> <\/p>\n<\/div>\n<div class=\"col-12 col-lg-6\">\n<p> <span class=\"spec-title\"> Boucle <\/span> <span class=\"spec-value\"> Boucle d\u00e9ployante \u00e0 boutons-poussoirs &#8211; Acier satin\u00e9 <\/span> <\/p>\n<p><span class=\"spec-value\">CADRAN BLEU<\/span><\/p>\n<p><span class=\"spec-value\">MOUVEMENT<\/span><\/p>\n<div class=\"col-12 col-lg-6\">\n<p> <span class=\"spec-title\"> Calibre <\/span> <span class=\"spec-value\"> Calibre 5 automatique <\/span> <\/p>\n<\/div>\n<div class=\"col-12 col-lg-6\">\n<p> <span class=\"spec-title\"> Mouvement <\/span> <span class=\"spec-value\"> Montre automatique <\/span> <\/p>\n<\/div>\n<div class=\"col-12 col-lg-6\">\n<p> <span class=\"spec-title\"> R\u00e9serve de marche <\/span> <span class=\"spec-value\"> 38 H <\/span> <\/p>\n<\/div>\n<div class=\"col-12 col-lg-6\">\n<p> <span class=\"spec-title\"> Fr\u00e9quence de la bascule <\/span> <span class=\"spec-value\"> 28&#8217;800 (4 Hz) <\/span> <\/p>\n<\/div>\n<div class=\"col-12 col-lg-6\">\n<p> <span class=\"spec-title\"> Fonctions <\/span> <span class=\"spec-value\"> Heures, minutes, secondes <\/span> <\/p>\n<\/div>\n<\/div>\n<\/div>\n","protected":false},"excerpt":{"rendered":"<p>TAG Heuer Montre Aquaracer Professional 300 Automatic &#8211; Diam\u00e8tre 36 mm REF. WBP231B.BA0618 Au rythme du mouvement automatique Calibre 5, dot\u00e9e d&#8217;un cadran laqu\u00e9 bleu \u00e0 la finition ondul\u00e9e, cette TAG Heuer Aquaracer est une invitation \u00e0 repousser ses limites. Pr\u00eat \u00e0 affronter les profondeurs de l&#8217;oc\u00e9an tout en \u00e9levant la polyvalence \u00e0 un nouveau [&hellip;]<\/p>\n","protected":false},"featured_media":169580,"template":"","meta":{"_crdt_document":"","advanced_seo_description":"","jetpack_seo_html_title":"","jetpack_seo_noindex":false},"product_brand":[],"product_cat":[2243],"product_tag":[],"berocket_brand":[],"woo-feed-brand":[],"class_list":{"0":"post-77392","1":"product","2":"type-product","3":"status-publish","4":"has-post-thumbnail","6":"product_cat-tag-heuer-fr","8":"first","9":"instock","10":"sale","11":"taxable","12":"shipping-taxable","13":"purchasable","14":"product-type-simple"},"bundled_by":[],"bundle_stock_status":"instock","bundle_stock_quantity":1,"bundle_virtual":false,"bundle_layout":"","bundle_add_to_cart_form_location":"","bundle_editable_in_cart":false,"bundle_sold_individually_context":"","bundle_item_grouping":"","bundle_min_size":"","bundle_max_size":"","bundle_price":[],"bundled_items":[],"bundle_sell_ids":[],"group_of_quantity":0,"min_quantity":0,"max_quantity":"","exclude_order_quantity_value_rules":"no","exclude_category_quantity_rules":"no","combine_variations":"no","jetpack_sharing_enabled":true,"jetpack_likes_enabled":true,"_links":{"self":[{"href":"https:\/\/watchdeluxe.it\/fr\/wp-json\/wp\/v2\/product\/77392","targetHints":{"allow":["GET"]}}],"collection":[{"href":"https:\/\/watchdeluxe.it\/fr\/wp-json\/wp\/v2\/product"}],"about":[{"href":"https:\/\/watchdeluxe.it\/fr\/wp-json\/wp\/v2\/types\/product"}],"wp:featuredmedia":[{"embeddable":true,"href":"https:\/\/watchdeluxe.it\/fr\/wp-json\/wp\/v2\/media\/169580"}],"wp:attachment":[{"href":"https:\/\/watchdeluxe.it\/fr\/wp-json\/wp\/v2\/media?parent=77392"}],"wp:term":[{"taxonomy":"product_brand","embeddable":true,"href":"https:\/\/watchdeluxe.it\/fr\/wp-json\/wp\/v2\/product_brand?post=77392"},{"taxonomy":"product_cat","embeddable":true,"href":"https:\/\/watchdeluxe.it\/fr\/wp-json\/wp\/v2\/product_cat?post=77392"},{"taxonomy":"product_tag","embeddable":true,"href":"https:\/\/watchdeluxe.it\/fr\/wp-json\/wp\/v2\/product_tag?post=77392"},{"taxonomy":"berocket_brand","embeddable":true,"href":"https:\/\/watchdeluxe.it\/fr\/wp-json\/wp\/v2\/berocket_brand?post=77392"},{"taxonomy":"woo-feed-brand","embeddable":true,"href":"https:\/\/watchdeluxe.it\/fr\/wp-json\/wp\/v2\/woo-feed-brand?post=77392"}],"curies":[{"name":"wp","href":"https:\/\/api.w.org\/{rel}","templated":true}]}}