{"id":77056,"date":"2023-03-17T14:32:46","date_gmt":"2023-03-17T13:32:46","guid":{"rendered":"https:\/\/watchdeluxe.it\/prodotto\/hublot-classic-fusion-chronographe-titane-bleu-42-mm-ref-541-nx-7170-rx\/"},"modified":"2026-04-10T18:34:59","modified_gmt":"2026-04-10T16:34:59","slug":"hublot-classic-fusion-chronograph-titanium-blue-42-mm-ref-541-nx-7170-rx","status":"publish","type":"product","link":"https:\/\/watchdeluxe.it\/fr\/prodotto\/hublot-classic-fusion-chronograph-titanium-blue-42-mm-ref-541-nx-7170-rx\/","title":{"rendered":"Hublot Classic Fusion Chronographe Titane Bleu 42 Mm Ref. 541.Nx.7170.RX"},"content":{"rendered":"<p>Hublot Classic Fusion Chronographe Titane Bleu 42 Mm Ref. 541.Nx.7170.RX<\/p>\n<table class=\"data-table\">\n<tbody>\n<tr class=\"odd\">\n<td class=\"spec-name\">Marque<\/td>\n<td class=\"spec-value\">Hublot<\/td>\n<\/tr>\n<tr class=\"even\">\n<td class=\"spec-name\">Ligne<\/td>\n<td class=\"spec-value\">FUSION CLASSIQUE<\/td>\n<\/tr>\n<tr class=\"odd\">\n<td class=\"spec-name\">Mod\u00e8le<\/td>\n<td class=\"spec-value\">CLASSIC FUSION<\/td>\n<\/tr>\n<tr class=\"even\">\n<td class=\"spec-name\">Complications<\/td>\n<td class=\"spec-value\">CHRONOGRAPHIE<\/td>\n<\/tr>\n<tr class=\"odd\">\n<td class=\"spec-name\">Mouvement<\/td>\n<td class=\"spec-value\">AUTOMATIQUE<\/td>\n<\/tr>\n<tr class=\"even\">\n<td class=\"spec-name\">Dateur<\/td>\n<td class=\"spec-value\">DATE<\/td>\n<\/tr>\n<tr class=\"odd\">\n<td class=\"spec-name\">Forme<\/td>\n<td class=\"spec-value\">ROND<\/td>\n<\/tr>\n<tr class=\"even\">\n<td class=\"spec-name\">Taille<\/td>\n<td class=\"spec-value\">42 MM<\/td>\n<\/tr>\n<tr class=\"odd\">\n<td class=\"spec-name\">Mat\u00e9riau du bo\u00eetier<\/td>\n<td class=\"spec-value\">Titane<\/td>\n<\/tr>\n<tr class=\"even\">\n<td class=\"spec-name\">Sangle<\/td>\n<td class=\"spec-value\">CAUCCIU<\/td>\n<\/tr>\n<tr class=\"odd\">\n<td class=\"spec-name\">Cadran<\/td>\n<td class=\"spec-value\">BLEU<\/td>\n<\/tr>\n<tr class=\"even\">\n<td class=\"spec-name\">R\u00e9sistance \u00e0 l&#8217;eau<\/td>\n<td class=\"spec-value\">50 M<\/td>\n<\/tr>\n<\/tbody>\n<\/table>\n","protected":false},"excerpt":{"rendered":"<p>Hublot Classic Fusion Chronographe Titane Bleu 42 Mm Ref. 541.Nx.7170.RX Marque Hublot Ligne FUSION CLASSIQUE Mod\u00e8le CLASSIC FUSION Complications CHRONOGRAPHIE Mouvement AUTOMATIQUE Dateur DATE Forme ROND Taille 42 MM Mat\u00e9riau du bo\u00eetier Titane Sangle CAUCCIU Cadran BLEU R\u00e9sistance \u00e0 l&#8217;eau 50 M<\/p>\n","protected":false},"featured_media":142247,"template":"","meta":{"_crdt_document":"","advanced_seo_description":"","jetpack_seo_html_title":"","jetpack_seo_noindex":false},"product_brand":[],"product_cat":[2223],"product_tag":[2227],"berocket_brand":[],"woo-feed-brand":[],"class_list":{"0":"post-77056","1":"product","2":"type-product","3":"status-publish","4":"has-post-thumbnail","6":"product_cat-hublot-fr","7":"product_tag-fusion-classique","9":"first","10":"instock","11":"sale","12":"taxable","13":"shipping-taxable","14":"purchasable","15":"product-type-simple"},"bundled_by":[],"bundle_stock_status":"instock","bundle_stock_quantity":1,"bundle_virtual":false,"bundle_layout":"","bundle_add_to_cart_form_location":"","bundle_editable_in_cart":false,"bundle_sold_individually_context":"","bundle_item_grouping":"","bundle_min_size":"","bundle_max_size":"","bundle_price":[],"bundled_items":[],"bundle_sell_ids":[],"group_of_quantity":0,"min_quantity":0,"max_quantity":"","exclude_order_quantity_value_rules":"no","exclude_category_quantity_rules":"no","combine_variations":"no","exclude_global_add_ons":[],"addons":[],"jetpack_sharing_enabled":true,"jetpack_likes_enabled":true,"_links":{"self":[{"href":"https:\/\/watchdeluxe.it\/fr\/wp-json\/wp\/v2\/product\/77056","targetHints":{"allow":["GET"]}}],"collection":[{"href":"https:\/\/watchdeluxe.it\/fr\/wp-json\/wp\/v2\/product"}],"about":[{"href":"https:\/\/watchdeluxe.it\/fr\/wp-json\/wp\/v2\/types\/product"}],"wp:featuredmedia":[{"embeddable":true,"href":"https:\/\/watchdeluxe.it\/fr\/wp-json\/wp\/v2\/media\/142247"}],"wp:attachment":[{"href":"https:\/\/watchdeluxe.it\/fr\/wp-json\/wp\/v2\/media?parent=77056"}],"wp:term":[{"taxonomy":"product_brand","embeddable":true,"href":"https:\/\/watchdeluxe.it\/fr\/wp-json\/wp\/v2\/product_brand?post=77056"},{"taxonomy":"product_cat","embeddable":true,"href":"https:\/\/watchdeluxe.it\/fr\/wp-json\/wp\/v2\/product_cat?post=77056"},{"taxonomy":"product_tag","embeddable":true,"href":"https:\/\/watchdeluxe.it\/fr\/wp-json\/wp\/v2\/product_tag?post=77056"},{"taxonomy":"berocket_brand","embeddable":true,"href":"https:\/\/watchdeluxe.it\/fr\/wp-json\/wp\/v2\/berocket_brand?post=77056"},{"taxonomy":"woo-feed-brand","embeddable":true,"href":"https:\/\/watchdeluxe.it\/fr\/wp-json\/wp\/v2\/woo-feed-brand?post=77056"}],"curies":[{"name":"wp","href":"https:\/\/api.w.org\/{rel}","templated":true}]}}