{"id":77010,"date":"2023-03-17T14:32:44","date_gmt":"2023-03-17T13:32:44","guid":{"rendered":"https:\/\/watchdeluxe.it\/prodotto\/hublot-classic-fusion-titanium-blue-42-mm-ref-542-nx-7170-rx\/"},"modified":"2026-04-02T18:45:59","modified_gmt":"2026-04-02T16:45:59","slug":"hublot-classic-fusion-titanium-blu-42-mm-ref-542-nx-7170-rx","status":"publish","type":"product","link":"https:\/\/watchdeluxe.it\/fr\/prodotto\/hublot-classic-fusion-titanium-blu-42-mm-ref-542-nx-7170-rx\/","title":{"rendered":"Hublot Classic Fusion Titanium Blue 42 Mm Ref. 542.Nx.7170.Rx"},"content":{"rendered":"<p>Hublot Classic Fusion Titanium Blue 42 Mm Ref. 542.Nx.7170.Rxnn<\/p>\n<table class=\"data-table\">n<\/p>\n<tbody>n<\/p>\n<tr class=\"odd\">n<\/p>\n<td class=\"spec-name\">Marque<\/td>\n<p>n<\/p>\n<td class=\"spec-value\">Hublot<\/td>\n<p>n<\/tr>\n<p>n<\/p>\n<tr class=\"even\">n<\/p>\n<td class=\"spec-name\">Ligne<\/td>\n<p>n<\/p>\n<td class=\"spec-value\">CLASSIC FUSION<\/td>\n<p>n<\/tr>\n<p>n<\/p>\n<tr class=\"odd\">n<\/p>\n<td class=\"spec-name\">Complication<\/td>\n<p>n<\/p>\n<td class=\"spec-value\">HEURE SEULE<\/td>\n<p>n<\/tr>\n<p>n<\/p>\n<tr class=\"even\">n<\/p>\n<td class=\"spec-name\">Mouvement<\/td>\n<p>n<\/p>\n<td class=\"spec-value\">AUTOMATIQUE<\/td>\n<p>n<\/tr>\n<p>n<\/p>\n<tr class=\"odd\">n<\/p>\n<td class=\"spec-name\">Quanti\u00e8me<\/td>\n<p>n<\/p>\n<td class=\"spec-value\">DATE<\/td>\n<p>n<\/tr>\n<p>n<\/p>\n<tr class=\"even\">n<\/p>\n<td class=\"spec-name\">Forme<\/td>\n<p>n<\/p>\n<td class=\"spec-value\">RONDE<\/td>\n<p>n<\/tr>\n<p>n<\/p>\n<tr class=\"odd\">n<\/p>\n<td class=\"spec-name\">Dimension<\/td>\n<p>n<\/p>\n<td class=\"spec-value\">42 MM<\/td>\n<p>n<\/tr>\n<p>n<\/p>\n<tr class=\"even\">n<\/p>\n<td class=\"spec-name\">Mat\u00e9riau du bo\u00eetier<\/td>\n<p>n<\/p>\n<td class=\"spec-value\">Titane<\/td>\n<p>n<\/tr>\n<p>n<\/p>\n<tr class=\"odd\">n<\/p>\n<td class=\"spec-name\">Cadran<\/td>\n<p>n<\/p>\n<td class=\"spec-value\">BLEU<\/td>\n<p>n<\/tr>\n<p>n<\/p>\n<tr class=\"even\">n<\/p>\n<td class=\"spec-name\">Bracelet<\/td>\n<p>n<\/p>\n<td class=\"spec-value\">CAOUTCHOUC<\/td>\n<p>n<\/tr>\n<p>n<\/p>\n<tr class=\"odd\">n<\/p>\n<td class=\"spec-name\">\u00c9tanch\u00e9it\u00e9<\/td>\n<p>n<\/p>\n<td class=\"spec-value\">50 m<\/td>\n<p>n<\/tr>\n<p>n<\/tbody>\n<p>n<\/table>\n","protected":false},"excerpt":{"rendered":"<p>Hublot Classic Fusion Titanium Blue 42 Mm Ref. 542.Nx.7170.Rxnn n n n Marque n Hublot n n n Ligne n CLASSIC FUSION n n n Complication n HEURE SEULE n n n Mouvement n AUTOMATIQUE n n n Quanti\u00e8me n DATE n n n Forme n RONDE n n n Dimension n 42 MM n [&hellip;]<\/p>\n","protected":false},"featured_media":142156,"template":"","meta":{"_crdt_document":"","advanced_seo_description":"","jetpack_seo_html_title":"","jetpack_seo_noindex":false},"product_brand":[],"product_cat":[2223],"product_tag":[2227],"berocket_brand":[],"woo-feed-brand":[],"class_list":{"0":"post-77010","1":"product","2":"type-product","3":"status-publish","4":"has-post-thumbnail","6":"product_cat-hublot-fr","7":"product_tag-fusion-classique","9":"first","10":"instock","11":"sale","12":"taxable","13":"shipping-taxable","14":"purchasable","15":"product-type-simple"},"bundled_by":[],"bundle_stock_status":"instock","bundle_stock_quantity":1,"bundle_virtual":false,"bundle_layout":"","bundle_add_to_cart_form_location":"","bundle_editable_in_cart":false,"bundle_sold_individually_context":"","bundle_item_grouping":"","bundle_min_size":"","bundle_max_size":"","bundle_price":[],"bundled_items":[],"bundle_sell_ids":[],"group_of_quantity":0,"min_quantity":0,"max_quantity":"","exclude_order_quantity_value_rules":"no","exclude_category_quantity_rules":"no","combine_variations":"no","exclude_global_add_ons":[],"addons":[],"jetpack_sharing_enabled":true,"jetpack_likes_enabled":true,"_links":{"self":[{"href":"https:\/\/watchdeluxe.it\/fr\/wp-json\/wp\/v2\/product\/77010","targetHints":{"allow":["GET"]}}],"collection":[{"href":"https:\/\/watchdeluxe.it\/fr\/wp-json\/wp\/v2\/product"}],"about":[{"href":"https:\/\/watchdeluxe.it\/fr\/wp-json\/wp\/v2\/types\/product"}],"wp:featuredmedia":[{"embeddable":true,"href":"https:\/\/watchdeluxe.it\/fr\/wp-json\/wp\/v2\/media\/142156"}],"wp:attachment":[{"href":"https:\/\/watchdeluxe.it\/fr\/wp-json\/wp\/v2\/media?parent=77010"}],"wp:term":[{"taxonomy":"product_brand","embeddable":true,"href":"https:\/\/watchdeluxe.it\/fr\/wp-json\/wp\/v2\/product_brand?post=77010"},{"taxonomy":"product_cat","embeddable":true,"href":"https:\/\/watchdeluxe.it\/fr\/wp-json\/wp\/v2\/product_cat?post=77010"},{"taxonomy":"product_tag","embeddable":true,"href":"https:\/\/watchdeluxe.it\/fr\/wp-json\/wp\/v2\/product_tag?post=77010"},{"taxonomy":"berocket_brand","embeddable":true,"href":"https:\/\/watchdeluxe.it\/fr\/wp-json\/wp\/v2\/berocket_brand?post=77010"},{"taxonomy":"woo-feed-brand","embeddable":true,"href":"https:\/\/watchdeluxe.it\/fr\/wp-json\/wp\/v2\/woo-feed-brand?post=77010"}],"curies":[{"name":"wp","href":"https:\/\/api.w.org\/{rel}","templated":true}]}}