{"id":76878,"date":"2023-03-16T11:36:38","date_gmt":"2023-03-16T10:36:38","guid":{"rendered":"https:\/\/watchdeluxe.it\/prodotto\/hamilton-amercan-classic-railroad-small-second-ref-h40515181\/"},"modified":"2026-04-07T15:36:02","modified_gmt":"2026-04-07T13:36:02","slug":"hamilton-amercan-classic-railroad-small-second-auto-ref-h40515181","status":"publish","type":"product","link":"https:\/\/watchdeluxe.it\/fr\/prodotto\/hamilton-amercan-classic-railroad-small-second-auto-ref-h40515181\/","title":{"rendered":"HAMILTON AMERICAN CLASSIC RAILROAD PETITE SECONDE R\u00c9F. H40515181"},"content":{"rendered":"<p>HAMILTON AMERICAN CLASSIC RAILROAD PETITE SECONDE AUTO R\u00c9F. H40515181<\/p>\n<ul>\n<li class=\"col col-1-2-m watch\">\n<h4 aria-level=\"2\">Horloge<\/h4>\n<p>R\u00e9f\u00e9rence : H40515181<br \/>\nCalibre : H-22<br \/>\nCollection : American Classic<br \/>\nMouvement : Remontage automatique<br \/>\nDimensions du bo\u00eetier : 42 mm<br \/>\nCouleur du cadran : Argent<br \/>\nMat\u00e9riau du bo\u00eetier : acier<br \/>\nVerre : Saphir<br \/>\nLargeur de la boucle : 22 mm<br \/>\nR\u00e9serve de marche : r\u00e9serve de marche de 42 heures<br \/>\nR\u00e9sistance \u00e0 l&#8217;eau : 5 bars (50m)<br \/>\nAnti-reflet : Oui<br \/>\nDos visible : Oui<\/li>\n<li class=\"col col-1-2-m strap\">\n<h4 aria-level=\"2\">Bracelet\/Strap<\/h4>\n<p>Type de bracelet : Acier<br \/>\nType de boucle : Boucle d\u00e9ployante<\/li>\n<\/ul>\n","protected":false},"excerpt":{"rendered":"<p>HAMILTON AMERICAN CLASSIC RAILROAD PETITE SECONDE AUTO R\u00c9F. H40515181 Horloge R\u00e9f\u00e9rence : H40515181 Calibre : H-22 Collection : American Classic Mouvement : Remontage automatique Dimensions du bo\u00eetier : 42 mm Couleur du cadran : Argent Mat\u00e9riau du bo\u00eetier : acier Verre : Saphir Largeur de la boucle : 22 mm R\u00e9serve de marche : r\u00e9serve [&hellip;]<\/p>\n","protected":false},"featured_media":158830,"template":"","meta":{"_crdt_document":"","advanced_seo_description":"","jetpack_seo_html_title":"","jetpack_seo_noindex":false},"product_brand":[],"product_cat":[2292],"product_tag":[3436],"berocket_brand":[],"woo-feed-brand":[],"class_list":{"0":"post-76878","1":"product","2":"type-product","3":"status-publish","4":"has-post-thumbnail","6":"product_cat-hamilton-fr","7":"product_tag-railroad-fr","9":"first","10":"instock","11":"taxable","12":"shipping-taxable","13":"purchasable","14":"product-type-simple"},"bundled_by":[],"bundle_stock_status":"instock","bundle_stock_quantity":1,"bundle_virtual":false,"bundle_layout":"","bundle_add_to_cart_form_location":"","bundle_editable_in_cart":false,"bundle_sold_individually_context":"","bundle_item_grouping":"","bundle_min_size":"","bundle_max_size":"","bundle_price":[],"bundled_items":[],"bundle_sell_ids":[],"group_of_quantity":0,"min_quantity":0,"max_quantity":"","exclude_order_quantity_value_rules":"no","exclude_category_quantity_rules":"no","combine_variations":"no","jetpack_sharing_enabled":true,"jetpack_likes_enabled":true,"_links":{"self":[{"href":"https:\/\/watchdeluxe.it\/fr\/wp-json\/wp\/v2\/product\/76878","targetHints":{"allow":["GET"]}}],"collection":[{"href":"https:\/\/watchdeluxe.it\/fr\/wp-json\/wp\/v2\/product"}],"about":[{"href":"https:\/\/watchdeluxe.it\/fr\/wp-json\/wp\/v2\/types\/product"}],"wp:featuredmedia":[{"embeddable":true,"href":"https:\/\/watchdeluxe.it\/fr\/wp-json\/wp\/v2\/media\/158830"}],"wp:attachment":[{"href":"https:\/\/watchdeluxe.it\/fr\/wp-json\/wp\/v2\/media?parent=76878"}],"wp:term":[{"taxonomy":"product_brand","embeddable":true,"href":"https:\/\/watchdeluxe.it\/fr\/wp-json\/wp\/v2\/product_brand?post=76878"},{"taxonomy":"product_cat","embeddable":true,"href":"https:\/\/watchdeluxe.it\/fr\/wp-json\/wp\/v2\/product_cat?post=76878"},{"taxonomy":"product_tag","embeddable":true,"href":"https:\/\/watchdeluxe.it\/fr\/wp-json\/wp\/v2\/product_tag?post=76878"},{"taxonomy":"berocket_brand","embeddable":true,"href":"https:\/\/watchdeluxe.it\/fr\/wp-json\/wp\/v2\/berocket_brand?post=76878"},{"taxonomy":"woo-feed-brand","embeddable":true,"href":"https:\/\/watchdeluxe.it\/fr\/wp-json\/wp\/v2\/woo-feed-brand?post=76878"}],"curies":[{"name":"wp","href":"https:\/\/api.w.org\/{rel}","templated":true}]}}