{"id":76846,"date":"2023-03-16T11:36:37","date_gmt":"2023-03-16T10:36:37","guid":{"rendered":"https:\/\/watchdeluxe.it\/prodotto\/hamilton-khaki-navy-frogman-ref-h77725335\/"},"modified":"2026-04-29T15:43:53","modified_gmt":"2026-04-29T13:43:53","slug":"hamilton-khaki-navy-frogman-ref-h77725335","status":"publish","type":"product","link":"https:\/\/watchdeluxe.it\/fr\/prodotto\/hamilton-khaki-navy-frogman-ref-h77725335\/","title":{"rendered":"Hamilton Khaki Navy Frogman ref. H77725335"},"content":{"rendered":"<p>Hamilton Khaki Navy Frogman ref. H77725335<\/p>\n<ul>\n<li class=\"col col-1-2-m watch\">R\u00e9f\u00e9rence : H77725335<br \/>\nCalibre : H-10<br \/>\nCollection : Khaki Navy<br \/>\nMouvement : Remontage automatique<br \/>\nDimensions du bo\u00eetier : 42 mm<br \/>\nCouleur du cadran : Noir<br \/>\nMat\u00e9riau du bo\u00eetier : acier<br \/>\nVerre : Saphir<br \/>\nLargeur de la boucle : 20 mm<br \/>\nR\u00e9serve de marche : r\u00e9serve de marche de 80 heures<br \/>\nR\u00e9sistance \u00e0 l&#8217;eau : 30 bars (300m)<br \/>\nAnti-reflet : Oui<br \/>\nCouronne viss\u00e9e : Oui<\/li>\n<li class=\"col col-1-2-m strap\">\n<h4 aria-level=\"2\">Bracelet\/Strap<\/h4>\n<p>Accessoire REF : H6007761361<br \/>\nType de boucle : Boucle \u00e0 ardillon<br \/>\nLargeur de la boucle : 18mm<\/li>\n<\/ul>\n","protected":false},"excerpt":{"rendered":"<p>Hamilton Khaki Navy Frogman ref. H77725335 R\u00e9f\u00e9rence : H77725335 Calibre : H-10 Collection : Khaki Navy Mouvement : Remontage automatique Dimensions du bo\u00eetier : 42 mm Couleur du cadran : Noir Mat\u00e9riau du bo\u00eetier : acier Verre : Saphir Largeur de la boucle : 20 mm R\u00e9serve de marche : r\u00e9serve de marche de 80 [&hellip;]<\/p>\n","protected":false},"featured_media":180814,"template":"","meta":{"_crdt_document":"","advanced_seo_description":"","jetpack_seo_html_title":"","jetpack_seo_noindex":false},"product_brand":[],"product_cat":[2292],"product_tag":[2306],"berocket_brand":[],"woo-feed-brand":[],"class_list":{"0":"post-76846","1":"product","2":"type-product","3":"status-publish","4":"has-post-thumbnail","6":"product_cat-hamilton-fr","7":"product_tag-kaki","9":"first","10":"instock","11":"taxable","12":"shipping-taxable","13":"purchasable","14":"product-type-simple"},"bundled_by":[],"bundle_stock_status":"instock","bundle_stock_quantity":1,"bundle_virtual":false,"bundle_layout":"","bundle_add_to_cart_form_location":"","bundle_editable_in_cart":false,"bundle_sold_individually_context":"","bundle_item_grouping":"","bundle_min_size":"","bundle_max_size":"","bundle_price":[],"bundled_items":[],"bundle_sell_ids":[],"group_of_quantity":0,"min_quantity":0,"max_quantity":"","exclude_order_quantity_value_rules":"no","exclude_category_quantity_rules":"no","combine_variations":"no","jetpack_sharing_enabled":true,"jetpack_likes_enabled":true,"_links":{"self":[{"href":"https:\/\/watchdeluxe.it\/fr\/wp-json\/wp\/v2\/product\/76846","targetHints":{"allow":["GET"]}}],"collection":[{"href":"https:\/\/watchdeluxe.it\/fr\/wp-json\/wp\/v2\/product"}],"about":[{"href":"https:\/\/watchdeluxe.it\/fr\/wp-json\/wp\/v2\/types\/product"}],"wp:featuredmedia":[{"embeddable":true,"href":"https:\/\/watchdeluxe.it\/fr\/wp-json\/wp\/v2\/media\/180814"}],"wp:attachment":[{"href":"https:\/\/watchdeluxe.it\/fr\/wp-json\/wp\/v2\/media?parent=76846"}],"wp:term":[{"taxonomy":"product_brand","embeddable":true,"href":"https:\/\/watchdeluxe.it\/fr\/wp-json\/wp\/v2\/product_brand?post=76846"},{"taxonomy":"product_cat","embeddable":true,"href":"https:\/\/watchdeluxe.it\/fr\/wp-json\/wp\/v2\/product_cat?post=76846"},{"taxonomy":"product_tag","embeddable":true,"href":"https:\/\/watchdeluxe.it\/fr\/wp-json\/wp\/v2\/product_tag?post=76846"},{"taxonomy":"berocket_brand","embeddable":true,"href":"https:\/\/watchdeluxe.it\/fr\/wp-json\/wp\/v2\/berocket_brand?post=76846"},{"taxonomy":"woo-feed-brand","embeddable":true,"href":"https:\/\/watchdeluxe.it\/fr\/wp-json\/wp\/v2\/woo-feed-brand?post=76846"}],"curies":[{"name":"wp","href":"https:\/\/api.w.org\/{rel}","templated":true}]}}