{"id":76817,"date":"2023-03-17T18:39:34","date_gmt":"2023-03-17T17:39:34","guid":{"rendered":"https:\/\/watchdeluxe.it\/prodotto\/longines-hydroconquest-ref-l37813569\/"},"modified":"2026-04-02T18:04:45","modified_gmt":"2026-04-02T16:04:45","slug":"longines-hydroconquest-ref-l37813569","status":"publish","type":"product","link":"https:\/\/watchdeluxe.it\/fr\/prodotto\/longines-hydroconquest-ref-l37813569\/","title":{"rendered":"Longines Hydroconquest r\u00e9f. L37813569"},"content":{"rendered":"<p>Bo\u00eetier \u00e9l\u00e9gant et robuste en acier inoxydable 41 mm<\/p>\n<p>acier<br \/>\nCadran noir audacieux avec aiguilles et index luminescents<br \/>\nVerre saphir antirayures<br \/>\nMouvement suisse \u00e0 quartz pr\u00e9cis<br \/>\n\u00c9tanch\u00e9it\u00e9 jusqu&#8217;\u00e0 300 m\u00e8tres<br \/>\nLunette tournante unidirectionnelle<br \/>\nBracelet en acier inoxydable avec fermoir d\u00e9ployant \u00e0 double s\u00e9curit\u00e9<\/p>\n","protected":false},"excerpt":{"rendered":"<p>Bo\u00eetier \u00e9l\u00e9gant et robuste en acier inoxydable 41 mm acier Cadran noir audacieux avec aiguilles et index luminescents Verre saphir antirayures Mouvement suisse \u00e0 quartz pr\u00e9cis \u00c9tanch\u00e9it\u00e9 jusqu&#8217;\u00e0 300 m\u00e8tres Lunette tournante unidirectionnelle Bracelet en acier inoxydable avec fermoir d\u00e9ployant \u00e0 double s\u00e9curit\u00e9<\/p>\n","protected":false},"featured_media":165651,"template":"","meta":{"_crdt_document":"","advanced_seo_description":"","jetpack_seo_html_title":"","jetpack_seo_noindex":false},"product_brand":[],"product_cat":[2188],"product_tag":[3737],"berocket_brand":[],"woo-feed-brand":[],"class_list":{"0":"post-76817","1":"product","2":"type-product","3":"status-publish","4":"has-post-thumbnail","6":"product_cat-longines-fr","7":"product_tag-hydroconquest-2","9":"first","10":"instock","11":"sale","12":"taxable","13":"shipping-taxable","14":"purchasable","15":"product-type-simple"},"bundled_by":[],"bundle_stock_status":"instock","bundle_stock_quantity":1,"bundle_virtual":false,"bundle_layout":"","bundle_add_to_cart_form_location":"","bundle_editable_in_cart":false,"bundle_sold_individually_context":"","bundle_item_grouping":"","bundle_min_size":"","bundle_max_size":"","bundle_price":[],"bundled_items":[],"bundle_sell_ids":[],"group_of_quantity":0,"min_quantity":0,"max_quantity":"","exclude_order_quantity_value_rules":"no","exclude_category_quantity_rules":"no","combine_variations":"no","jetpack_sharing_enabled":true,"jetpack_likes_enabled":true,"_links":{"self":[{"href":"https:\/\/watchdeluxe.it\/fr\/wp-json\/wp\/v2\/product\/76817","targetHints":{"allow":["GET"]}}],"collection":[{"href":"https:\/\/watchdeluxe.it\/fr\/wp-json\/wp\/v2\/product"}],"about":[{"href":"https:\/\/watchdeluxe.it\/fr\/wp-json\/wp\/v2\/types\/product"}],"wp:featuredmedia":[{"embeddable":true,"href":"https:\/\/watchdeluxe.it\/fr\/wp-json\/wp\/v2\/media\/165651"}],"wp:attachment":[{"href":"https:\/\/watchdeluxe.it\/fr\/wp-json\/wp\/v2\/media?parent=76817"}],"wp:term":[{"taxonomy":"product_brand","embeddable":true,"href":"https:\/\/watchdeluxe.it\/fr\/wp-json\/wp\/v2\/product_brand?post=76817"},{"taxonomy":"product_cat","embeddable":true,"href":"https:\/\/watchdeluxe.it\/fr\/wp-json\/wp\/v2\/product_cat?post=76817"},{"taxonomy":"product_tag","embeddable":true,"href":"https:\/\/watchdeluxe.it\/fr\/wp-json\/wp\/v2\/product_tag?post=76817"},{"taxonomy":"berocket_brand","embeddable":true,"href":"https:\/\/watchdeluxe.it\/fr\/wp-json\/wp\/v2\/berocket_brand?post=76817"},{"taxonomy":"woo-feed-brand","embeddable":true,"href":"https:\/\/watchdeluxe.it\/fr\/wp-json\/wp\/v2\/woo-feed-brand?post=76817"}],"curies":[{"name":"wp","href":"https:\/\/api.w.org\/{rel}","templated":true}]}}