{"id":76807,"date":"2023-03-17T18:39:27","date_gmt":"2023-03-17T17:39:27","guid":{"rendered":"https:\/\/watchdeluxe.it\/prodotto\/nomos-tangente-neomatik-41-update-night-blue-ref-182\/"},"modified":"2026-04-24T09:59:19","modified_gmt":"2026-04-24T07:59:19","slug":"nomos-tangent-neomatik-41-update-nuit-bleue-ref-182","status":"publish","type":"product","link":"https:\/\/watchdeluxe.it\/fr\/prodotto\/nomos-tangent-neomatik-41-update-nuit-bleue-ref-182\/","title":{"rendered":"Nomos Tangente neomatik 41 Update night blue ref. 182"},"content":{"rendered":"<p>Nomos Tangente neomatik 41 Update night blue ref. 182<\/p>\n<div class=\"specs-list\">\n<dl>\n<dt>Cas<\/dt>\n<dd>acier inoxydable, bipartite<br \/>\nfond en verre saphir<\/dd>\n<\/dl>\n<dl>\n<dt>Verre<\/dt>\n<dd>verre saphir avec traitement antireflet \u00e0 l&#8217;int\u00e9rieur<\/dd>\n<\/dl>\n<dl>\n<dt>Charge<\/dt>\n<dd>automatique<\/dd>\n<\/dl>\n<dl>\n<dt>Dimensions<\/dt>\n<dd>Diam\u00e8tre de <span class=\"size-property\"> 40,5 mm <\/span><br \/>\n\u00e9paisseur 7 <span class=\"size-property\">,8 mm <\/span><br \/>\nTaille de la boucle ext\u00e9rieure <span class=\"size-property\"> 49,3 mm <\/span> <\/dd>\n<\/dl>\n<dl>\n<dt>R\u00e9sistance \u00e0 l&#8217;eau<\/dt>\n<dd>5 atm (\u00e9tanche sous la douche)<\/dd>\n<\/dl>\n<\/div>\n<div class=\"specs-list\">\n<dl>\n<dt>Cadran<\/dt>\n<dd>bleu nuit<br \/>\nbague d&#8217;affichage de la date avec superluminova vert<br \/>\naffichage brevet\u00e9 de la date<\/dd>\n<\/dl>\n<dl>\n<dt>Mains<\/dt>\n<dd>rhodi\u00e9<\/dd>\n<\/dl>\n<dl>\n<dt>sangle<\/dt>\n<dd>Horween Genuine Shell Cordovan noir, rembord\u00e9<br \/>\n<span class=\"size-property\">  largeur de la boucle 20 mm  <\/span><\/dd>\n<\/dl>\n<dl>\n<dt>Boucle<\/dt>\n<dd>Boucle \u00e0 ardillon, carr\u00e9e, en acier inoxydable<\/dd>\n<\/dl>\n<\/div>\n","protected":false},"excerpt":{"rendered":"<p>Nomos Tangente neomatik 41 Update night blue ref. 182 Cas acier inoxydable, bipartite fond en verre saphir Verre verre saphir avec traitement antireflet \u00e0 l&#8217;int\u00e9rieur Charge automatique Dimensions Diam\u00e8tre de 40,5 mm \u00e9paisseur 7 ,8 mm Taille de la boucle ext\u00e9rieure 49,3 mm R\u00e9sistance \u00e0 l&#8217;eau 5 atm (\u00e9tanche sous la douche) Cadran bleu nuit [&hellip;]<\/p>\n","protected":false},"featured_media":178231,"template":"","meta":{"_crdt_document":"","advanced_seo_description":"","jetpack_seo_html_title":"","jetpack_seo_noindex":false},"product_brand":[],"product_cat":[2376],"product_tag":[2417],"berocket_brand":[],"woo-feed-brand":[],"class_list":{"0":"post-76807","1":"product","2":"type-product","3":"status-publish","4":"has-post-thumbnail","6":"product_cat-nomos-glashutte-fr","7":"product_tag-tangente-fr","9":"first","10":"instock","11":"sale","12":"taxable","13":"shipping-taxable","14":"purchasable","15":"product-type-simple"},"bundled_by":[],"bundle_stock_status":"instock","bundle_stock_quantity":1,"bundle_virtual":false,"bundle_layout":"","bundle_add_to_cart_form_location":"","bundle_editable_in_cart":false,"bundle_sold_individually_context":"","bundle_item_grouping":"","bundle_min_size":"","bundle_max_size":"","bundle_price":[],"bundled_items":[],"bundle_sell_ids":[],"group_of_quantity":0,"min_quantity":0,"max_quantity":"","exclude_order_quantity_value_rules":"no","exclude_category_quantity_rules":"no","combine_variations":"no","exclude_global_add_ons":[],"addons":[],"jetpack_sharing_enabled":true,"jetpack_likes_enabled":true,"_links":{"self":[{"href":"https:\/\/watchdeluxe.it\/fr\/wp-json\/wp\/v2\/product\/76807","targetHints":{"allow":["GET"]}}],"collection":[{"href":"https:\/\/watchdeluxe.it\/fr\/wp-json\/wp\/v2\/product"}],"about":[{"href":"https:\/\/watchdeluxe.it\/fr\/wp-json\/wp\/v2\/types\/product"}],"wp:featuredmedia":[{"embeddable":true,"href":"https:\/\/watchdeluxe.it\/fr\/wp-json\/wp\/v2\/media\/178231"}],"wp:attachment":[{"href":"https:\/\/watchdeluxe.it\/fr\/wp-json\/wp\/v2\/media?parent=76807"}],"wp:term":[{"taxonomy":"product_brand","embeddable":true,"href":"https:\/\/watchdeluxe.it\/fr\/wp-json\/wp\/v2\/product_brand?post=76807"},{"taxonomy":"product_cat","embeddable":true,"href":"https:\/\/watchdeluxe.it\/fr\/wp-json\/wp\/v2\/product_cat?post=76807"},{"taxonomy":"product_tag","embeddable":true,"href":"https:\/\/watchdeluxe.it\/fr\/wp-json\/wp\/v2\/product_tag?post=76807"},{"taxonomy":"berocket_brand","embeddable":true,"href":"https:\/\/watchdeluxe.it\/fr\/wp-json\/wp\/v2\/berocket_brand?post=76807"},{"taxonomy":"woo-feed-brand","embeddable":true,"href":"https:\/\/watchdeluxe.it\/fr\/wp-json\/wp\/v2\/woo-feed-brand?post=76807"}],"curies":[{"name":"wp","href":"https:\/\/api.w.org\/{rel}","templated":true}]}}