{"id":76694,"date":"2023-03-17T18:39:40","date_gmt":"2023-03-17T17:39:40","guid":{"rendered":"https:\/\/watchdeluxe.it\/prodotto\/rado-captain-cook-bronze-ref-r32504307\/"},"modified":"2026-04-07T11:17:41","modified_gmt":"2026-04-07T09:17:41","slug":"rado-captain-cook-bronze-ref-r32504307","status":"publish","type":"product","link":"https:\/\/watchdeluxe.it\/fr\/prodotto\/rado-captain-cook-bronze-ref-r32504307\/","title":{"rendered":"Rado Captain Cook Bronze r\u00e9f. R32504307"},"content":{"rendered":"<p>Rado Captain Cook Bronze r\u00e9f. R32504307<\/p>\n<div class=\"product info detailed\">\n<div class=\"product data items\" role=\"tablist\">\n<div id=\"additional\" class=\"data item content\" role=\"tabpanel\" aria-hidden=\"false\" data-role=\"content\" aria-labelledby=\"tab-label-additional\">\n<div class=\"additional-attributes-wrapper table-wrapper\">\n<div>\n<h2>Mouvement<\/h2>\n<ul>\n<li><strong>Type de mouvement :<\/strong> Automatique<\/li>\n<li><strong>R\u00e9serve de remontage du mouvement :<\/strong> 80 heures<\/li>\n<li><strong>R\u00e9f\u00e9rence du mouvement :<\/strong> 03.763.035<\/li>\n<\/ul>\n<\/div>\n<div>\n<h2>Cas<\/h2>\n<ul>\n<li><strong>Mat\u00e9riaux du bo\u00eetier :<\/strong> bronze<\/li>\n<li><strong>Epaisseur du bo\u00eetier :<\/strong> 12,5 mm<\/li>\n<li>Etanch\u00e9it\u00e9 <strong>du bo\u00eetier :<\/strong> 30 bars (300 m)<\/li>\n<li><strong>Affaire Sexe :<\/strong> Masculin<\/li>\n<li><strong>Taille du bo\u00eetier :<\/strong> 42,0 mm<\/li>\n<\/ul>\n<\/div>\n<div>\n<h2>Cadran<\/h2>\n<ul>\n<li><strong>Couleur du cadran :<\/strong> brun<\/li>\n<li><strong>Cadran squelette\/c\u0153ur ouvert :<\/strong> Non<\/li>\n<li>Le <strong>cadran porte la date :<\/strong> Oui<\/li>\n<\/ul>\n<\/div>\n<div>\n<h2>Bracelet<\/h2>\n<ul>\n<li><strong>Mat\u00e9riaux du bracelet :<\/strong> bronze, toile<\/li>\n<\/ul>\n<\/div>\n<\/div>\n<\/div>\n<\/div>\n<\/div>\n","protected":false},"excerpt":{"rendered":"<p>Rado Captain Cook Bronze r\u00e9f. R32504307 Mouvement Type de mouvement : Automatique R\u00e9serve de remontage du mouvement : 80 heures R\u00e9f\u00e9rence du mouvement : 03.763.035 Cas Mat\u00e9riaux du bo\u00eetier : bronze Epaisseur du bo\u00eetier : 12,5 mm Etanch\u00e9it\u00e9 du bo\u00eetier : 30 bars (300 m) Affaire Sexe : Masculin Taille du bo\u00eetier : 42,0 mm [&hellip;]<\/p>\n","protected":false},"featured_media":146745,"template":"","meta":{"_crdt_document":"","advanced_seo_description":"","jetpack_seo_html_title":"","jetpack_seo_noindex":false},"product_brand":[],"product_cat":[2401],"product_tag":[2520],"berocket_brand":[],"woo-feed-brand":[],"class_list":{"0":"post-76694","1":"product","2":"type-product","3":"status-publish","4":"has-post-thumbnail","6":"product_cat-rado-fr","7":"product_tag-capitaine-cook","9":"first","10":"instock","11":"sale","12":"taxable","13":"shipping-taxable","14":"purchasable","15":"product-type-simple"},"bundled_by":[],"bundle_stock_status":"instock","bundle_stock_quantity":1,"bundle_virtual":false,"bundle_layout":"","bundle_add_to_cart_form_location":"","bundle_editable_in_cart":false,"bundle_sold_individually_context":"","bundle_item_grouping":"","bundle_min_size":"","bundle_max_size":"","bundle_price":[],"bundled_items":[],"bundle_sell_ids":[],"group_of_quantity":0,"min_quantity":0,"max_quantity":"","exclude_order_quantity_value_rules":"no","exclude_category_quantity_rules":"no","combine_variations":"no","exclude_global_add_ons":[],"addons":[],"jetpack_sharing_enabled":true,"jetpack_likes_enabled":true,"_links":{"self":[{"href":"https:\/\/watchdeluxe.it\/fr\/wp-json\/wp\/v2\/product\/76694","targetHints":{"allow":["GET"]}}],"collection":[{"href":"https:\/\/watchdeluxe.it\/fr\/wp-json\/wp\/v2\/product"}],"about":[{"href":"https:\/\/watchdeluxe.it\/fr\/wp-json\/wp\/v2\/types\/product"}],"wp:featuredmedia":[{"embeddable":true,"href":"https:\/\/watchdeluxe.it\/fr\/wp-json\/wp\/v2\/media\/146745"}],"wp:attachment":[{"href":"https:\/\/watchdeluxe.it\/fr\/wp-json\/wp\/v2\/media?parent=76694"}],"wp:term":[{"taxonomy":"product_brand","embeddable":true,"href":"https:\/\/watchdeluxe.it\/fr\/wp-json\/wp\/v2\/product_brand?post=76694"},{"taxonomy":"product_cat","embeddable":true,"href":"https:\/\/watchdeluxe.it\/fr\/wp-json\/wp\/v2\/product_cat?post=76694"},{"taxonomy":"product_tag","embeddable":true,"href":"https:\/\/watchdeluxe.it\/fr\/wp-json\/wp\/v2\/product_tag?post=76694"},{"taxonomy":"berocket_brand","embeddable":true,"href":"https:\/\/watchdeluxe.it\/fr\/wp-json\/wp\/v2\/berocket_brand?post=76694"},{"taxonomy":"woo-feed-brand","embeddable":true,"href":"https:\/\/watchdeluxe.it\/fr\/wp-json\/wp\/v2\/woo-feed-brand?post=76694"}],"curies":[{"name":"wp","href":"https:\/\/api.w.org\/{rel}","templated":true}]}}