{"id":76563,"date":"2023-03-17T18:41:29","date_gmt":"2023-03-17T17:41:29","guid":{"rendered":"https:\/\/watchdeluxe.it\/prodotto\/mido-multifort-chronometre-1-ref-m0384311603100\/"},"modified":"2026-04-03T10:39:39","modified_gmt":"2026-04-03T08:39:39","slug":"mido-multifort-chronometer-1-ref-m0384311603100","status":"publish","type":"product","link":"https:\/\/watchdeluxe.it\/fr\/prodotto\/mido-multifort-chronometer-1-ref-m0384311603100\/","title":{"rendered":"Mido Multifort Chronom\u00e8tre 1 ref. M0384311603100"},"content":{"rendered":"<p>Mido Multifort Chronometer 1 r\u00e9f. M0384311603100nn<\/p>\n<div id=\"tab-2\" class=\"tab__content\" role=\"tabpanel\" aria-labelledby=\"case-and-crystal\">n<\/p>\n<ul>n  <\/p>\n<li>n<br \/>\n<h4>Options de cas<\/h4>\n<p>nBo\u00eetier avec fond transparent, couronne viss\u00e9e<\/li>\n<p>n  <\/p>\n<li>n<br \/>\n<h4>Verre<\/h4>\n<p>nVerre saphir avec traitement antireflet des deux c\u00f4t\u00e9s<\/li>\n<p>n  <\/p>\n<li>n<br \/>\n<h4>Mat\u00e9riau de l&#8217;\u00e9tui<\/h4>\n<p>nAcier inoxydable<\/li>\n<p>n  <\/p>\n<li>n<br \/>\n<h4>\u00c9paisseur (mm)<\/h4>\n<p>n12<\/li>\n<p>n  <\/p>\n<li>n<br \/>\n<h4>Bandes (mm)<\/h4>\n<p>n22,00<\/li>\n<p>n  <\/p>\n<li>n<br \/>\n<h4>Largeur (mm)<\/h4>\n<p>n42,00<\/li>\n<p>n  <\/p>\n<li>n<br \/>\n<h4>Longueur (mm)<\/h4>\n<p>n42,00<\/li>\n<p>n  <\/p>\n<li>n<br \/>\n<h4>Forme de l&#8217;affaire<\/h4>\n<p>nRond<\/li>\n<p>n  <\/p>\n<li>Fonctions<\/li>\n<p>n  <\/p>\n<li>n\n<div id=\"tab-4\" class=\"tab__content\" role=\"tabpanel\" aria-labelledby=\"movement\">n<\/p>\n<ul>n  <\/p>\n<li>Date, jour, silicium, chronom\u00e8tre COSC<\/li>\n<p>n  <\/p>\n<li>n<br \/>\n<h4>Calibre<\/h4>\n<p>nAutomatique Mido Calibre 80 COSC Si (base ETA C07.821)<\/li>\n<p>n  <\/p>\n<li>n<br \/>\n<h4>Mouvement<\/h4>\n<p>nMido Chronom\u00e8tre Automatique<\/li>\n<p>n  <\/p>\n<li>n<br \/>\n<h4>R\u00e9serve de marche<\/h4>\n<p>nR\u00e9serve de marche de 80 heures<\/li>\n<p>n  <\/p>\n<li>n<br \/>\n<h4>Rubis<\/h4>\n<p>n25<\/li>\n<p>n  <\/p>\n<li>n<br \/>\n<h4>Diam\u00e8tre de la jauge (mm)<\/h4>\n<p>n26,00<\/li>\n<p>n  <\/p>\n<li>n<br \/>\n<h4>Calibre<\/h4>\n<p>n11 1\/2&#8221;&#8217;<\/li>\n<p>n  <\/p>\n<li>n<br \/>\n<h4>Certificat COSC<\/h4>\n<p>nOui<\/li>\n<p>n<\/ul>\n<p>n<\/p><\/div>\n<\/li>\n<p>n<\/ul>\n<p>n<\/p><\/div>\n","protected":false},"excerpt":{"rendered":"<p>Mido Multifort Chronometer 1 r\u00e9f. M0384311603100nn n n n Options de cas nBo\u00eetier avec fond transparent, couronne viss\u00e9e n n Verre nVerre saphir avec traitement antireflet des deux c\u00f4t\u00e9s n n Mat\u00e9riau de l&#8217;\u00e9tui nAcier inoxydable n n \u00c9paisseur (mm) n12 n n Bandes (mm) n22,00 n n Largeur (mm) n42,00 n n Longueur (mm) [&hellip;]<\/p>\n","protected":false},"featured_media":144412,"template":"","meta":{"_crdt_document":"","advanced_seo_description":"","jetpack_seo_html_title":"","jetpack_seo_noindex":false,"jetpack_post_was_ever_published":false},"product_brand":[],"product_cat":[2941],"product_tag":[2943],"berocket_brand":[],"woo-feed-brand":[],"class_list":{"0":"post-76563","1":"product","2":"type-product","3":"status-publish","4":"has-post-thumbnail","6":"product_cat-mido-fr","7":"product_tag-multifort-fr","9":"first","10":"instock","11":"sale","12":"taxable","13":"shipping-taxable","14":"purchasable","15":"product-type-simple"},"bundled_by":[],"bundle_stock_status":"instock","bundle_stock_quantity":1,"bundle_virtual":false,"bundle_layout":"","bundle_add_to_cart_form_location":"","bundle_editable_in_cart":false,"bundle_sold_individually_context":"","bundle_item_grouping":"","bundle_min_size":"","bundle_max_size":"","bundle_price":[],"bundled_items":[],"bundle_sell_ids":[],"group_of_quantity":0,"min_quantity":0,"max_quantity":"","exclude_order_quantity_value_rules":"no","exclude_category_quantity_rules":"no","combine_variations":"no","exclude_global_add_ons":[],"addons":[],"jetpack_sharing_enabled":true,"jetpack_likes_enabled":true,"_links":{"self":[{"href":"https:\/\/watchdeluxe.it\/fr\/wp-json\/wp\/v2\/product\/76563","targetHints":{"allow":["GET"]}}],"collection":[{"href":"https:\/\/watchdeluxe.it\/fr\/wp-json\/wp\/v2\/product"}],"about":[{"href":"https:\/\/watchdeluxe.it\/fr\/wp-json\/wp\/v2\/types\/product"}],"wp:featuredmedia":[{"embeddable":true,"href":"https:\/\/watchdeluxe.it\/fr\/wp-json\/wp\/v2\/media\/144412"}],"wp:attachment":[{"href":"https:\/\/watchdeluxe.it\/fr\/wp-json\/wp\/v2\/media?parent=76563"}],"wp:term":[{"taxonomy":"product_brand","embeddable":true,"href":"https:\/\/watchdeluxe.it\/fr\/wp-json\/wp\/v2\/product_brand?post=76563"},{"taxonomy":"product_cat","embeddable":true,"href":"https:\/\/watchdeluxe.it\/fr\/wp-json\/wp\/v2\/product_cat?post=76563"},{"taxonomy":"product_tag","embeddable":true,"href":"https:\/\/watchdeluxe.it\/fr\/wp-json\/wp\/v2\/product_tag?post=76563"},{"taxonomy":"berocket_brand","embeddable":true,"href":"https:\/\/watchdeluxe.it\/fr\/wp-json\/wp\/v2\/berocket_brand?post=76563"},{"taxonomy":"woo-feed-brand","embeddable":true,"href":"https:\/\/watchdeluxe.it\/fr\/wp-json\/wp\/v2\/woo-feed-brand?post=76563"}],"curies":[{"name":"wp","href":"https:\/\/api.w.org\/{rel}","templated":true}]}}