{"id":76439,"date":"2023-03-17T18:40:25","date_gmt":"2023-03-17T17:40:25","guid":{"rendered":"https:\/\/watchdeluxe.it\/prodotto\/omega-constellationco-axial-27-mm-ref-123-20-27-20-55-001\/"},"modified":"2023-03-17T18:40:25","modified_gmt":"2023-03-17T17:40:25","slug":"omega-constellationco-axial-27-mm-ref-123-20-27-20-55-001","status":"publish","type":"product","link":"https:\/\/watchdeluxe.it\/fr\/prodotto\/omega-constellationco-axial-27-mm-ref-123-20-27-20-55-001\/","title":{"rendered":"Omega Constellationco-axial 27 mm ref. 123.20.27.20.55.001"},"content":{"rendered":"<p>Omega Constellationco-axial 27 mm ref. 123.20.27.20.55.001<\/p>\n<div class=\"product-info-data features pm-anim-show seen\" style=\"opacity: 1;\">\n<h3 class=\"product-info-data-title\"><span class=\"hidden-tablet\">Caract\u00e9ristiques<\/span><\/h3>\n<div id=\"product-info-data-61923fe54dcb2\" class=\"product-info-data-content features watches\">\n<ul>\n<li>\n<div class=\"pm-feature-tooltip\">\n<p><a class=\"tooltip-toggle\" aria-expanded=\"false\" aria-describedby=\"tooltip-content-61923fe54ff6f\">  Date  <\/a><\/p>\n<\/div>\n<\/li>\n<li>\n<div class=\"pm-feature-tooltip\">\n<p><a class=\"tooltip-toggle\" aria-expanded=\"false\" aria-describedby=\"tooltip-content-61923fe550ba9\">  Diamant  <\/a><\/p>\n<\/div>\n<\/li>\n<li>\n<div class=\"pm-feature-tooltip\">\n<p><a class=\"tooltip-toggle\" aria-expanded=\"false\" aria-describedby=\"tooltip-content-61923fe551197\">  Dos transparent  <\/a><\/p>\n<\/div>\n<\/li>\n<\/ul>\n<\/div>\n<\/div>\n<div class=\"product-info-data technical-data pm-anim-show seen\" style=\"opacity: 1;\">\n<h3 class=\"product-info-data-title\"><span class=\"hidden-tablet\">Sp\u00e9cifications techniques<\/span><\/h3>\n<div id=\"product-info-data-61923fe551728\" class=\"product-info-data-content technical-data watches\">\n<ul>\n<li><strong>Distance entre les cornes :<\/strong> <span class=\"technical-data-value\" data-code=\"watch_between_lugs_size\">18 mm<\/span><\/li>\n<li><strong>Bracelet :<\/strong> <span class=\"technical-data-value\" data-code=\"watch_bracelet\">Acier-or rouge<\/span><\/li>\n<li><strong>Bo\u00eetier :<\/strong> <span class=\"technical-data-value\" data-code=\"watch_watchcase\">Acier-or rouge<\/span><\/li>\n<li>Diam\u00e8tre : 27 mm<\/li>\n<li><strong>Couleur du cadran :<\/strong> <span class=\"technical-data-value\" data-code=\"watch_dial\">Blanc<\/span><\/li>\n<li><strong>Verre :<\/strong> <span class=\"technical-data-value\" data-code=\"watch_crystal\">Verre saphir bomb\u00e9 r\u00e9sistant aux rayures avec traitement antireflet sur les deux faces<\/span><\/li>\n<li><strong>R\u00e9sistance \u00e0 l&#8217;eau :<\/strong> <span class=\"technical-data-value\" data-code=\"watch_waterresistance\">10 bars (100 m\u00e8tres \/ 330 pieds)<\/span><\/li>\n<\/ul>\n<\/div>\n<\/div>\n","protected":false},"excerpt":{"rendered":"<p>Omega Constellationco-axial 27 mm ref. 123.20.27.20.55.001 Caract\u00e9ristiques Date Diamant Dos transparent Sp\u00e9cifications techniques Distance entre les cornes : 18 mm Bracelet : Acier-or rouge Bo\u00eetier : Acier-or rouge Diam\u00e8tre : 27 mm Couleur du cadran : Blanc Verre : Verre saphir bomb\u00e9 r\u00e9sistant aux rayures avec traitement antireflet sur les deux faces R\u00e9sistance \u00e0 l&#8217;eau [&hellip;]<\/p>\n","protected":false},"featured_media":59216,"template":"","meta":{"_crdt_document":"","advanced_seo_description":"","jetpack_seo_html_title":"","jetpack_seo_noindex":false,"jetpack_post_was_ever_published":false},"product_brand":[2155],"product_cat":[2310],"product_tag":[2977],"berocket_brand":[],"woo-feed-brand":[],"class_list":{"0":"post-76439","1":"product","2":"type-product","3":"status-publish","4":"has-post-thumbnail","6":"product_brand-omega","7":"product_cat-omega-fr","8":"product_tag-constellation-fr","10":"first","11":"instock","12":"sale","13":"taxable","14":"shipping-taxable","15":"purchasable","16":"product-type-simple"},"bundled_by":[],"bundle_stock_status":"instock","bundle_stock_quantity":1,"bundle_virtual":false,"bundle_layout":"","bundle_add_to_cart_form_location":"","bundle_editable_in_cart":false,"bundle_sold_individually_context":"","bundle_item_grouping":"","bundle_min_size":"","bundle_max_size":"","bundle_price":[],"bundled_items":[],"bundle_sell_ids":[],"group_of_quantity":0,"min_quantity":0,"max_quantity":"","exclude_order_quantity_value_rules":"no","exclude_category_quantity_rules":"no","combine_variations":"no","exclude_global_add_ons":[],"addons":[],"jetpack_sharing_enabled":true,"jetpack_likes_enabled":true,"_links":{"self":[{"href":"https:\/\/watchdeluxe.it\/fr\/wp-json\/wp\/v2\/product\/76439","targetHints":{"allow":["GET"]}}],"collection":[{"href":"https:\/\/watchdeluxe.it\/fr\/wp-json\/wp\/v2\/product"}],"about":[{"href":"https:\/\/watchdeluxe.it\/fr\/wp-json\/wp\/v2\/types\/product"}],"wp:featuredmedia":[{"embeddable":true,"href":"https:\/\/watchdeluxe.it\/fr\/wp-json\/wp\/v2\/media\/59216"}],"wp:attachment":[{"href":"https:\/\/watchdeluxe.it\/fr\/wp-json\/wp\/v2\/media?parent=76439"}],"wp:term":[{"taxonomy":"product_brand","embeddable":true,"href":"https:\/\/watchdeluxe.it\/fr\/wp-json\/wp\/v2\/product_brand?post=76439"},{"taxonomy":"product_cat","embeddable":true,"href":"https:\/\/watchdeluxe.it\/fr\/wp-json\/wp\/v2\/product_cat?post=76439"},{"taxonomy":"product_tag","embeddable":true,"href":"https:\/\/watchdeluxe.it\/fr\/wp-json\/wp\/v2\/product_tag?post=76439"},{"taxonomy":"berocket_brand","embeddable":true,"href":"https:\/\/watchdeluxe.it\/fr\/wp-json\/wp\/v2\/berocket_brand?post=76439"},{"taxonomy":"woo-feed-brand","embeddable":true,"href":"https:\/\/watchdeluxe.it\/fr\/wp-json\/wp\/v2\/woo-feed-brand?post=76439"}],"curies":[{"name":"wp","href":"https:\/\/api.w.org\/{rel}","templated":true}]}}