{"id":76377,"date":"2023-03-17T18:41:45","date_gmt":"2023-03-17T17:41:45","guid":{"rendered":"https:\/\/watchdeluxe.it\/prodotto\/longines-blue-automatic-master-stainless-ref-l27934976\/"},"modified":"2025-04-30T17:31:30","modified_gmt":"2025-04-30T15:31:30","slug":"longines-blue-automatic-master-stainless-ref-l27934976","status":"publish","type":"product","link":"https:\/\/watchdeluxe.it\/fr\/prodotto\/longines-blue-automatic-master-stainless-ref-l27934976\/","title":{"rendered":"Longines Blue Automatic Master Stainless ref. L27934976"},"content":{"rendered":"<p><span id=\"watchNotes\" data-mce-fragment=\"1\">Forme <br data-mce-fragment=\"1\">Ronde <br data-mce-fragment=\"1\">Mat\u00e9riau <br data-mce-fragment=\"1\">Acier inoxydable <br data-mce-fragment=\"1\">Verre <br data-mce-fragment=\"1\">Verre saphir inrayable <br data-mce-fragment=\"1\">Fond du bo\u00eetier <br data-mce-fragment=\"1\">Fond transparent en verre saphir <br data-mce-fragment=\"1\">Dimensions <br data-mce-fragment=\"1\">\u00d8 40.00 mm <br data-mce-fragment=\"1\">Distance entre les cornes <br data-mce-fragment=\"1\">21 mm <br data-mce-fragment=\"1\">Epaisseur <br data-mce-fragment=\"1\">9.80 mm <br data-mce-fragment=\"1\">Etanch\u00e9it\u00e9 <br data-mce-fragment=\"1\">Etanche jusqu&#8217;\u00e0 3 bars  <br data-mce-fragment=\"1\"><br data-mce-fragment=\"1\"><br data-mce-fragment=\"1\"><br data-mce-fragment=\"1\">Couleur <br data-mce-fragment=\"1\">Bleu soleil <br data-mce-fragment=\"1\">Cercle horaire <br data-mce-fragment=\"1\">Index en diamant <br data-mce-fragment=\"1\">Aiguilles en argent poli <br data-mce-fragment=\"1\">Aiguilles en argent poli <br data-mce-fragment=\"1\">Diamants <br data-mce-fragment=\"1\">Cadran serti de 13 diamants Top Wesselton VS-SI, d&#8217;une valeur totale de 0,059 carats.  <br data-mce-fragment=\"1\"><br data-mce-fragment=\"1\"><br data-mce-fragment=\"1\"><br data-mce-fragment=\"1\">Type de mouvement <br data-mce-fragment=\"1\">Automatique <br data-mce-fragment=\"1\">Calibre <br data-mce-fragment=\"1\">L888 <br data-mce-fragment=\"1\">Description du mouvement <br data-mce-fragment=\"1\">Mouvement m\u00e9canique \u00e0 remontage automatique avec une fr\u00e9quence de 25&#8217;200 alternances par heure et une r\u00e9serve de marche d&#8217;environ 72 heures <br data-mce-fragment=\"1\">Fonction <br data-mce-fragment=\"1\">Heures, minutes, secondes et date  <br data-mce-fragment=\"1\"><br data-mce-fragment=\"1\"><br data-mce-fragment=\"1\"><br data-mce-fragment=\"1\">Mat\u00e9riau du bracelet <br data-mce-fragment=\"1\">Acier inoxydable <br data-mce-fragment=\"1\">Boucle <br data-mce-fragment=\"1\">Avec boucle d\u00e9ployante \u00e0 triple s\u00e9curit\u00e9 et m\u00e9canisme d&#8217;ouverture \u00e0 bouton-poussoir<\/span><\/p>\n","protected":false},"excerpt":{"rendered":"<p>Forme Ronde Mat\u00e9riau Acier inoxydable Verre Verre saphir inrayable Fond du bo\u00eetier Fond transparent en verre saphir Dimensions \u00d8 40.00 mm Distance entre les cornes 21 mm Epaisseur 9.80 mm Etanch\u00e9it\u00e9 Etanche jusqu&#8217;\u00e0 3 bars Couleur Bleu soleil Cercle horaire Index en diamant Aiguilles en argent poli Aiguilles en argent poli Diamants Cadran serti de [&hellip;]<\/p>\n","protected":false},"featured_media":151502,"template":"","meta":{"_crdt_document":"","advanced_seo_description":"","jetpack_seo_html_title":"","jetpack_seo_noindex":false,"jetpack_post_was_ever_published":false},"product_brand":[],"product_cat":[2188],"product_tag":[2986],"berocket_brand":[],"woo-feed-brand":[],"class_list":{"0":"post-76377","1":"product","2":"type-product","3":"status-publish","4":"has-post-thumbnail","6":"product_cat-longines-fr","7":"product_tag-maitre","9":"first","10":"instock","11":"sale","12":"taxable","13":"shipping-taxable","14":"purchasable","15":"product-type-simple"},"bundled_by":[],"bundle_stock_status":"instock","bundle_stock_quantity":1,"bundle_virtual":false,"bundle_layout":"","bundle_add_to_cart_form_location":"","bundle_editable_in_cart":false,"bundle_sold_individually_context":"","bundle_item_grouping":"","bundle_min_size":"","bundle_max_size":"","bundle_price":[],"bundled_items":[],"bundle_sell_ids":[],"group_of_quantity":0,"min_quantity":0,"max_quantity":"","exclude_order_quantity_value_rules":"no","exclude_category_quantity_rules":"no","combine_variations":"no","exclude_global_add_ons":[],"addons":[],"jetpack_sharing_enabled":true,"jetpack_likes_enabled":true,"_links":{"self":[{"href":"https:\/\/watchdeluxe.it\/fr\/wp-json\/wp\/v2\/product\/76377","targetHints":{"allow":["GET"]}}],"collection":[{"href":"https:\/\/watchdeluxe.it\/fr\/wp-json\/wp\/v2\/product"}],"about":[{"href":"https:\/\/watchdeluxe.it\/fr\/wp-json\/wp\/v2\/types\/product"}],"wp:featuredmedia":[{"embeddable":true,"href":"https:\/\/watchdeluxe.it\/fr\/wp-json\/wp\/v2\/media\/151502"}],"wp:attachment":[{"href":"https:\/\/watchdeluxe.it\/fr\/wp-json\/wp\/v2\/media?parent=76377"}],"wp:term":[{"taxonomy":"product_brand","embeddable":true,"href":"https:\/\/watchdeluxe.it\/fr\/wp-json\/wp\/v2\/product_brand?post=76377"},{"taxonomy":"product_cat","embeddable":true,"href":"https:\/\/watchdeluxe.it\/fr\/wp-json\/wp\/v2\/product_cat?post=76377"},{"taxonomy":"product_tag","embeddable":true,"href":"https:\/\/watchdeluxe.it\/fr\/wp-json\/wp\/v2\/product_tag?post=76377"},{"taxonomy":"berocket_brand","embeddable":true,"href":"https:\/\/watchdeluxe.it\/fr\/wp-json\/wp\/v2\/berocket_brand?post=76377"},{"taxonomy":"woo-feed-brand","embeddable":true,"href":"https:\/\/watchdeluxe.it\/fr\/wp-json\/wp\/v2\/woo-feed-brand?post=76377"}],"curies":[{"name":"wp","href":"https:\/\/api.w.org\/{rel}","templated":true}]}}