{"id":76373,"date":"2023-03-17T18:41:36","date_gmt":"2023-03-17T17:41:36","guid":{"rendered":"https:\/\/watchdeluxe.it\/prodotto\/tag-heuer-carrera-porsche-edition-ref-cbn2a1f-fc6492\/"},"modified":"2026-04-07T11:57:20","modified_gmt":"2026-04-07T09:57:20","slug":"tag-heuer-carrera-porsche-edition-ref-cbn2a1f-fc6492","status":"publish","type":"product","link":"https:\/\/watchdeluxe.it\/fr\/prodotto\/tag-heuer-carrera-porsche-edition-ref-cbn2a1f-fc6492\/","title":{"rendered":"Tag Heuer carrera Porsche Edition ref. CBN2A1F.FC6492"},"content":{"rendered":"<p>Tag Heuer carrera Porsche Edition ref. CBN2A1F.FC6492<\/p>\n<p>Une union authentique entre deux ic\u00f4nes du design et de l&#8217;innovation, qui ont collabor\u00e9 pour cr\u00e9er cette \u00e9dition sp\u00e9ciale du chronographe TAG Heuer Carrera Porsche.<\/p>\n<p>Bo\u00eetier en acier de 44 mm<\/p>\n<p>Bracelet en cuir<\/p>\n<p>Cadran gris<\/p>\n<p>Mouvement <span class=\"spec-value\" data-mce-fragment=\"1\">Calibre Heuer 02 Automatique <\/span><\/p>\n<p><span class=\"spec-value\" data-mce-fragment=\"1\"><span class=\"spec-title\">Fonctions <\/span> Heures, Minutes, Secondes, Chronographe : 1\/4 de seconde, compteur 30 minutes, compteur 12 heures, Date  <\/span><\/p>\n","protected":false},"excerpt":{"rendered":"<p>Tag Heuer carrera Porsche Edition ref. CBN2A1F.FC6492 Une union authentique entre deux ic\u00f4nes du design et de l&#8217;innovation, qui ont collabor\u00e9 pour cr\u00e9er cette \u00e9dition sp\u00e9ciale du chronographe TAG Heuer Carrera Porsche. Bo\u00eetier en acier de 44 mm Bracelet en cuir Cadran gris Mouvement Calibre Heuer 02 Automatique Fonctions Heures, Minutes, Secondes, Chronographe : 1\/4 [&hellip;]<\/p>\n","protected":false},"featured_media":157377,"template":"","meta":{"_crdt_document":"","advanced_seo_description":"","jetpack_seo_html_title":"","jetpack_seo_noindex":false},"product_brand":[],"product_cat":[2243],"product_tag":[2362],"berocket_brand":[],"woo-feed-brand":[],"class_list":{"0":"post-76373","1":"product","2":"type-product","3":"status-publish","4":"has-post-thumbnail","6":"product_cat-tag-heuer-fr","7":"product_tag-carrera-fr","9":"first","10":"instock","11":"sale","12":"taxable","13":"shipping-taxable","14":"purchasable","15":"product-type-simple"},"bundled_by":[],"bundle_stock_status":"instock","bundle_stock_quantity":1,"bundle_virtual":false,"bundle_layout":"","bundle_add_to_cart_form_location":"","bundle_editable_in_cart":false,"bundle_sold_individually_context":"","bundle_item_grouping":"","bundle_min_size":"","bundle_max_size":"","bundle_price":[],"bundled_items":[],"bundle_sell_ids":[],"group_of_quantity":0,"min_quantity":0,"max_quantity":"","exclude_order_quantity_value_rules":"no","exclude_category_quantity_rules":"no","combine_variations":"no","jetpack_sharing_enabled":true,"jetpack_likes_enabled":true,"_links":{"self":[{"href":"https:\/\/watchdeluxe.it\/fr\/wp-json\/wp\/v2\/product\/76373","targetHints":{"allow":["GET"]}}],"collection":[{"href":"https:\/\/watchdeluxe.it\/fr\/wp-json\/wp\/v2\/product"}],"about":[{"href":"https:\/\/watchdeluxe.it\/fr\/wp-json\/wp\/v2\/types\/product"}],"wp:featuredmedia":[{"embeddable":true,"href":"https:\/\/watchdeluxe.it\/fr\/wp-json\/wp\/v2\/media\/157377"}],"wp:attachment":[{"href":"https:\/\/watchdeluxe.it\/fr\/wp-json\/wp\/v2\/media?parent=76373"}],"wp:term":[{"taxonomy":"product_brand","embeddable":true,"href":"https:\/\/watchdeluxe.it\/fr\/wp-json\/wp\/v2\/product_brand?post=76373"},{"taxonomy":"product_cat","embeddable":true,"href":"https:\/\/watchdeluxe.it\/fr\/wp-json\/wp\/v2\/product_cat?post=76373"},{"taxonomy":"product_tag","embeddable":true,"href":"https:\/\/watchdeluxe.it\/fr\/wp-json\/wp\/v2\/product_tag?post=76373"},{"taxonomy":"berocket_brand","embeddable":true,"href":"https:\/\/watchdeluxe.it\/fr\/wp-json\/wp\/v2\/berocket_brand?post=76373"},{"taxonomy":"woo-feed-brand","embeddable":true,"href":"https:\/\/watchdeluxe.it\/fr\/wp-json\/wp\/v2\/woo-feed-brand?post=76373"}],"curies":[{"name":"wp","href":"https:\/\/api.w.org\/{rel}","templated":true}]}}