{"id":76353,"date":"2023-03-17T18:41:41","date_gmt":"2023-03-17T17:41:41","guid":{"rendered":"https:\/\/watchdeluxe.it\/prodotto\/iwc-pilots-watch-chronograph-41-mm-ref-iw388101\/"},"modified":"2026-04-02T17:56:47","modified_gmt":"2026-04-02T15:56:47","slug":"iwc-pilots-watch-chronograph-41-mm-ref-iw388101","status":"publish","type":"product","link":"https:\/\/watchdeluxe.it\/fr\/prodotto\/iwc-pilots-watch-chronograph-41-mm-ref-iw388101\/","title":{"rendered":"IWC MONTRE D\u2019AVIATEUR CHRONOGRAPHE 41 MM R\u00c9F. IW388101"},"content":{"rendered":"<div class=\"col-xs-24 col-md-12\" data-mce-fragment=\"1\">\n<div class=\"m-b-0\" data-mce-fragment=\"1\">\n<table data-mce-fragment=\"1\">\n<tbody data-mce-fragment=\"1\">\n<tr data-mce-fragment=\"1\">\n<td data-mce-fragment=\"1\">\n<div data-mce-fragment=\"1\"><span id=\"watchNotes\" data-mce-fragment=\"1\">  Avec son design inspir\u00e9 des instruments, la Pilot&#8217;s Watch Chronograph est r\u00e9put\u00e9e pour sa grande endurance et son extr\u00eame polyvalence. Le nouveau mod\u00e8le est dot\u00e9 d&#8217;un bo\u00eetier compact en acier de 41 mm et d&#8217;un syst\u00e8me ing\u00e9nieux de changement rapide du bracelet. Destin\u00e9 \u00e0 une grande vari\u00e9t\u00e9 d&#8217;applications quotidiennes, il est v\u00e9ritablement la r\u00e9f\u00e9rence dans sa cat\u00e9gorie. Un mod\u00e8le de montre de sport parfait.  <br data-mce-fragment=\"1\"><br data-mce-fragment=\"1\">Marque IWC SCHAFFHAUSEN <br data-mce-fragment=\"1\">PILOT&#8217;S Line <br data-mce-fragment=\"1\">Complication CHRONOGRAPH <br data-mce-fragment=\"1\">Mouvement AUTOMATIQUE <br data-mce-fragment=\"1\">Forme ronde <br data-mce-fragment=\"1\">Taille 41 MM <br data-mce-fragment=\"1\">Mati\u00e8re acier <br data-mce-fragment=\"1\">Cadran BLEU <br data-mce-fragment=\"1\">Bracelet CUIR <br data-mce-fragment=\"1\">Etanch\u00e9it\u00e9 100 M<\/span><\/div>\n<\/td>\n<\/tr>\n<\/tbody>\n<\/table>\n<\/div>\n<div class=\"full-xs m-t-3\" data-mce-fragment=\"1\"><\/div>\n<\/div>\n","protected":false},"excerpt":{"rendered":"<p>Avec son design inspir\u00e9 des instruments, la Pilot&#8217;s Watch Chronograph est r\u00e9put\u00e9e pour sa grande endurance et son extr\u00eame polyvalence. Le nouveau mod\u00e8le est dot\u00e9 d&#8217;un bo\u00eetier compact en acier de 41 mm et d&#8217;un syst\u00e8me ing\u00e9nieux de changement rapide du bracelet. Destin\u00e9 \u00e0 une grande vari\u00e9t\u00e9 d&#8217;applications quotidiennes, il est v\u00e9ritablement la r\u00e9f\u00e9rence dans [&hellip;]<\/p>\n","protected":false},"featured_media":139146,"template":"","meta":{"_crdt_document":"","advanced_seo_description":"","jetpack_seo_html_title":"","jetpack_seo_noindex":false,"jetpack_post_was_ever_published":false},"product_brand":[],"product_cat":[2229],"product_tag":[],"berocket_brand":[],"woo-feed-brand":[],"class_list":{"0":"post-76353","1":"product","2":"type-product","3":"status-publish","4":"has-post-thumbnail","6":"product_cat-iwc-fr","8":"first","9":"instock","10":"sale","11":"taxable","12":"shipping-taxable","13":"purchasable","14":"product-type-simple"},"bundled_by":[],"bundle_stock_status":"instock","bundle_stock_quantity":1,"bundle_virtual":false,"bundle_layout":"","bundle_add_to_cart_form_location":"","bundle_editable_in_cart":false,"bundle_sold_individually_context":"","bundle_item_grouping":"","bundle_min_size":"","bundle_max_size":"","bundle_price":[],"bundled_items":[],"bundle_sell_ids":[],"group_of_quantity":0,"min_quantity":0,"max_quantity":"","exclude_order_quantity_value_rules":"no","exclude_category_quantity_rules":"no","combine_variations":"no","exclude_global_add_ons":[],"addons":[],"jetpack_sharing_enabled":true,"jetpack_likes_enabled":true,"_links":{"self":[{"href":"https:\/\/watchdeluxe.it\/fr\/wp-json\/wp\/v2\/product\/76353","targetHints":{"allow":["GET"]}}],"collection":[{"href":"https:\/\/watchdeluxe.it\/fr\/wp-json\/wp\/v2\/product"}],"about":[{"href":"https:\/\/watchdeluxe.it\/fr\/wp-json\/wp\/v2\/types\/product"}],"wp:featuredmedia":[{"embeddable":true,"href":"https:\/\/watchdeluxe.it\/fr\/wp-json\/wp\/v2\/media\/139146"}],"wp:attachment":[{"href":"https:\/\/watchdeluxe.it\/fr\/wp-json\/wp\/v2\/media?parent=76353"}],"wp:term":[{"taxonomy":"product_brand","embeddable":true,"href":"https:\/\/watchdeluxe.it\/fr\/wp-json\/wp\/v2\/product_brand?post=76353"},{"taxonomy":"product_cat","embeddable":true,"href":"https:\/\/watchdeluxe.it\/fr\/wp-json\/wp\/v2\/product_cat?post=76353"},{"taxonomy":"product_tag","embeddable":true,"href":"https:\/\/watchdeluxe.it\/fr\/wp-json\/wp\/v2\/product_tag?post=76353"},{"taxonomy":"berocket_brand","embeddable":true,"href":"https:\/\/watchdeluxe.it\/fr\/wp-json\/wp\/v2\/berocket_brand?post=76353"},{"taxonomy":"woo-feed-brand","embeddable":true,"href":"https:\/\/watchdeluxe.it\/fr\/wp-json\/wp\/v2\/woo-feed-brand?post=76353"}],"curies":[{"name":"wp","href":"https:\/\/api.w.org\/{rel}","templated":true}]}}