{"id":76172,"date":"2023-03-17T18:43:33","date_gmt":"2023-03-17T17:43:33","guid":{"rendered":"https:\/\/watchdeluxe.it\/prodotto\/tag-heuer-carrera-chronograph-ref-cbn2a1a-ba0643\/"},"modified":"2026-01-19T16:40:31","modified_gmt":"2026-01-19T15:40:31","slug":"tag-heuer-chronographe-ref-cbn2a1a-ba0643","status":"publish","type":"product","link":"https:\/\/watchdeluxe.it\/fr\/prodotto\/tag-heuer-chronographe-ref-cbn2a1a-ba0643\/","title":{"rendered":"TAG Heuer Carrera Chronograph ref. CBN2A1A.BA0643"},"content":{"rendered":"<p><span id=\"watchNotes\" data-mce-fragment=\"1\">Marque : Tag Heuer <br data-mce-fragment=\"1\">Mod\u00e8le : Carrera <br data-mce-fragment=\"1\">R\u00e9f\u00e9rence : CBN2A1A.BA0643  <br data-mce-fragment=\"1\">Mouvement : automatique <br data-mce-fragment=\"1\">Bo\u00eetier : bo\u00eetier en acier satin\u00e9 et poli  <br data-mce-fragment=\"1\">Bracelet : acier <br data-mce-fragment=\"1\">Diam\u00e8tre : 44 mm <br data-mce-fragment=\"1\">Lunette : acier et c\u00e9ramique fixe bleue avec \u00e9chelle tachym\u00e9trique  <br data-mce-fragment=\"1\">Verre : saphir bomb\u00e9 avec double traitement antireflet  <br data-mce-fragment=\"1\">Cadran : bleu <br data-mce-fragment=\"1\">Fonctions : chronographe <br data-mce-fragment=\"1\">Fond : verre saphir viss\u00e9 et acier <br data-mce-fragment=\"1\">Couronne : push-pull <br data-mce-fragment=\"1\">R\u00e9sistance \u00e0 l&#8217;eau : 10 bars (100m) <br data-mce-fragment=\"1\">Garantie : 2 ans au niveau international <br data-mce-fragment=\"1\">Disponibilit\u00e9 : nous contacter pour la disponibilit\u00e9 <br data-mce-fragment=\"1\">Autres : r\u00e9serve de marche de 80 heures<\/span><\/p>\n","protected":false},"excerpt":{"rendered":"<p>Marque : Tag Heuer Mod\u00e8le : Carrera R\u00e9f\u00e9rence : CBN2A1A.BA0643 Mouvement : automatique Bo\u00eetier : bo\u00eetier en acier satin\u00e9 et poli Bracelet : acier Diam\u00e8tre : 44 mm Lunette : acier et c\u00e9ramique fixe bleue avec \u00e9chelle tachym\u00e9trique Verre : saphir bomb\u00e9 avec double traitement antireflet Cadran : bleu Fonctions : chronographe Fond : verre [&hellip;]<\/p>\n","protected":false},"featured_media":157410,"template":"","meta":{"_crdt_document":"","advanced_seo_description":"","jetpack_seo_html_title":"","jetpack_seo_noindex":false},"product_brand":[],"product_cat":[2243],"product_tag":[2362],"berocket_brand":[],"woo-feed-brand":[],"class_list":{"0":"post-76172","1":"product","2":"type-product","3":"status-publish","4":"has-post-thumbnail","6":"product_cat-tag-heuer-fr","7":"product_tag-carrera-fr","9":"first","10":"instock","11":"sale","12":"taxable","13":"shipping-taxable","14":"purchasable","15":"product-type-simple"},"bundled_by":[],"bundle_stock_status":"instock","bundle_stock_quantity":1,"bundle_virtual":false,"bundle_layout":"","bundle_add_to_cart_form_location":"","bundle_editable_in_cart":false,"bundle_sold_individually_context":"","bundle_item_grouping":"","bundle_min_size":"","bundle_max_size":"","bundle_price":[],"bundled_items":[],"bundle_sell_ids":[],"group_of_quantity":0,"min_quantity":0,"max_quantity":"","exclude_order_quantity_value_rules":"no","exclude_category_quantity_rules":"no","combine_variations":"no","jetpack_sharing_enabled":true,"jetpack_likes_enabled":true,"_links":{"self":[{"href":"https:\/\/watchdeluxe.it\/fr\/wp-json\/wp\/v2\/product\/76172","targetHints":{"allow":["GET"]}}],"collection":[{"href":"https:\/\/watchdeluxe.it\/fr\/wp-json\/wp\/v2\/product"}],"about":[{"href":"https:\/\/watchdeluxe.it\/fr\/wp-json\/wp\/v2\/types\/product"}],"wp:featuredmedia":[{"embeddable":true,"href":"https:\/\/watchdeluxe.it\/fr\/wp-json\/wp\/v2\/media\/157410"}],"wp:attachment":[{"href":"https:\/\/watchdeluxe.it\/fr\/wp-json\/wp\/v2\/media?parent=76172"}],"wp:term":[{"taxonomy":"product_brand","embeddable":true,"href":"https:\/\/watchdeluxe.it\/fr\/wp-json\/wp\/v2\/product_brand?post=76172"},{"taxonomy":"product_cat","embeddable":true,"href":"https:\/\/watchdeluxe.it\/fr\/wp-json\/wp\/v2\/product_cat?post=76172"},{"taxonomy":"product_tag","embeddable":true,"href":"https:\/\/watchdeluxe.it\/fr\/wp-json\/wp\/v2\/product_tag?post=76172"},{"taxonomy":"berocket_brand","embeddable":true,"href":"https:\/\/watchdeluxe.it\/fr\/wp-json\/wp\/v2\/berocket_brand?post=76172"},{"taxonomy":"woo-feed-brand","embeddable":true,"href":"https:\/\/watchdeluxe.it\/fr\/wp-json\/wp\/v2\/woo-feed-brand?post=76172"}],"curies":[{"name":"wp","href":"https:\/\/api.w.org\/{rel}","templated":true}]}}