{"id":76127,"date":"2023-03-17T18:43:34","date_gmt":"2023-03-17T17:43:34","guid":{"rendered":"https:\/\/watchdeluxe.it\/prodotto\/tag-heuer-carrera-calibre-16-ref-cbk2110-ba0715\/"},"modified":"2026-01-19T16:37:55","modified_gmt":"2026-01-19T15:37:55","slug":"tag-heuer-carrera-calibre-16-ref-cbk2110-ba0715","status":"publish","type":"product","link":"https:\/\/watchdeluxe.it\/fr\/prodotto\/tag-heuer-carrera-calibre-16-ref-cbk2110-ba0715\/","title":{"rendered":"TAG Heuer Carrera Calibre 16 ref. CBK2110.BA0715"},"content":{"rendered":"<p><span id=\"watchNotes\" data-mce-fragment=\"1\">Marques TAG HEUER <br data-mce-fragment=\"1\">Mod\u00e8le CARRERA CHRONO <br data-mce-fragment=\"1\">R\u00e9f\u00e9rence CBK2110.BA0715 <br data-mce-fragment=\"1\">Etat g\u00e9n\u00e9ral Nouveau <br data-mce-fragment=\"1\">Genre Homme <br data-mce-fragment=\"1\">Dimensions 41mm <br data-mce-fragment=\"1\">Verre saphir <br data-mce-fragment=\"1\">Cadran noir <br data-mce-fragment=\"1\">Mouvement automatique <br data-mce-fragment=\"1\">Complication Date, Chronographe <br data-mce-fragment=\"1\">Bracelet en acier <br data-mce-fragment=\"1\">Fermoirs Boucle d\u00e9ployante <br data-mce-fragment=\"1\">Bo\u00eetier en acier<\/span><\/p>\n","protected":false},"excerpt":{"rendered":"<p>Marques TAG HEUER Mod\u00e8le CARRERA CHRONO R\u00e9f\u00e9rence CBK2110.BA0715 Etat g\u00e9n\u00e9ral Nouveau Genre Homme Dimensions 41mm Verre saphir Cadran noir Mouvement automatique Complication Date, Chronographe Bracelet en acier Fermoirs Boucle d\u00e9ployante Bo\u00eetier en acier<\/p>\n","protected":false},"featured_media":157462,"template":"","meta":{"_crdt_document":"","advanced_seo_description":"","jetpack_seo_html_title":"","jetpack_seo_noindex":false},"product_brand":[],"product_cat":[2243],"product_tag":[2357],"berocket_brand":[],"woo-feed-brand":[],"class_list":{"0":"post-76127","1":"product","2":"type-product","3":"status-publish","4":"has-post-thumbnail","6":"product_cat-tag-heuer-fr","7":"product_tag-carrera-en","9":"first","10":"instock","11":"sale","12":"taxable","13":"shipping-taxable","14":"purchasable","15":"product-type-simple"},"bundled_by":[],"bundle_stock_status":"instock","bundle_stock_quantity":1,"bundle_virtual":false,"bundle_layout":"","bundle_add_to_cart_form_location":"","bundle_editable_in_cart":false,"bundle_sold_individually_context":"","bundle_item_grouping":"","bundle_min_size":"","bundle_max_size":"","bundle_price":[],"bundled_items":[],"bundle_sell_ids":[],"group_of_quantity":0,"min_quantity":0,"max_quantity":"","exclude_order_quantity_value_rules":"no","exclude_category_quantity_rules":"no","combine_variations":"no","jetpack_sharing_enabled":true,"jetpack_likes_enabled":true,"_links":{"self":[{"href":"https:\/\/watchdeluxe.it\/fr\/wp-json\/wp\/v2\/product\/76127","targetHints":{"allow":["GET"]}}],"collection":[{"href":"https:\/\/watchdeluxe.it\/fr\/wp-json\/wp\/v2\/product"}],"about":[{"href":"https:\/\/watchdeluxe.it\/fr\/wp-json\/wp\/v2\/types\/product"}],"wp:featuredmedia":[{"embeddable":true,"href":"https:\/\/watchdeluxe.it\/fr\/wp-json\/wp\/v2\/media\/157462"}],"wp:attachment":[{"href":"https:\/\/watchdeluxe.it\/fr\/wp-json\/wp\/v2\/media?parent=76127"}],"wp:term":[{"taxonomy":"product_brand","embeddable":true,"href":"https:\/\/watchdeluxe.it\/fr\/wp-json\/wp\/v2\/product_brand?post=76127"},{"taxonomy":"product_cat","embeddable":true,"href":"https:\/\/watchdeluxe.it\/fr\/wp-json\/wp\/v2\/product_cat?post=76127"},{"taxonomy":"product_tag","embeddable":true,"href":"https:\/\/watchdeluxe.it\/fr\/wp-json\/wp\/v2\/product_tag?post=76127"},{"taxonomy":"berocket_brand","embeddable":true,"href":"https:\/\/watchdeluxe.it\/fr\/wp-json\/wp\/v2\/berocket_brand?post=76127"},{"taxonomy":"woo-feed-brand","embeddable":true,"href":"https:\/\/watchdeluxe.it\/fr\/wp-json\/wp\/v2\/woo-feed-brand?post=76127"}],"curies":[{"name":"wp","href":"https:\/\/api.w.org\/{rel}","templated":true}]}}