{"id":76081,"date":"2023-03-17T18:43:34","date_gmt":"2023-03-17T17:43:34","guid":{"rendered":"https:\/\/watchdeluxe.it\/prodotto\/tag-heuer-formula-1-quartz-43mm-chronographe-ref-caz101ag-fc8304\/"},"modified":"2026-04-07T12:05:28","modified_gmt":"2026-04-07T10:05:28","slug":"tag-heuer-formula-1-quartz-43mm-chronograph-ref-caz101ag-fc8304","status":"publish","type":"product","link":"https:\/\/watchdeluxe.it\/fr\/prodotto\/tag-heuer-formula-1-quartz-43mm-chronograph-ref-caz101ag-fc8304\/","title":{"rendered":"TAG Heuer Formula 1 Quartz 43mm Chronographe ref. CAZ101AG.FC8304"},"content":{"rendered":"<div class=\"col-xs-24 col-md-12\" data-mce-fragment=\"1\">\n<div class=\"m-b-0\" data-mce-fragment=\"1\">\n<table data-mce-fragment=\"1\">\n<tbody data-mce-fragment=\"1\">\n<tr data-mce-fragment=\"1\">\n<td data-mce-fragment=\"1\">\n<div data-mce-fragment=\"1\"><span id=\"watchNotes\" data-mce-fragment=\"1\">  Un chronographe inspir\u00e9 de la course automobile avec un cadran gris asphalte, un must pour ceux qui aiment les d\u00e9fis \u00e0 grande vitesse. Polyvalente et robuste, cette montre de sport est \u00e9tanche jusqu&#8217;\u00e0 200 m\u00e8tres gr\u00e2ce \u00e0 sa couronne viss\u00e9e en PVD noir.  <br data-mce-fragment=\"1\"><br data-mce-fragment=\"1\"><br data-mce-fragment=\"1\"><br data-mce-fragment=\"1\">Calibre Quartz <br data-mce-fragment=\"1\"><br data-mce-fragment=\"1\">Mouvement Chronographe \u00e0 quartz <br data-mce-fragment=\"1\"><br data-mce-fragment=\"1\">Fonctions Heures, minutes, secondes, chronographe : 1\/10e de seconde, secondes, compteur 30 minutes, date <br data-mce-fragment=\"1\"><br data-mce-fragment=\"1\"><br data-mce-fragment=\"1\">Taille 43 mm <br data-mce-fragment=\"1\"><br data-mce-fragment=\"1\">R\u00e9sistance \u00e0 l&#8217;eau 200 m <br data-mce-fragment=\"1\"><br data-mce-fragment=\"1\">Corps du bo\u00eetier Acier Finition satin\u00e9e\/polissage <br data-mce-fragment=\"1\"><br data-mce-fragment=\"1\">Lunette Lunette fixe C\u00e9ramique <br data-mce-fragment=\"1\"><br data-mce-fragment=\"1\">Dos en acier<\/span><\/div>\n<\/td>\n<\/tr>\n<\/tbody>\n<\/table>\n<\/div>\n<div class=\"full-xs m-t-3\" data-mce-fragment=\"1\"><\/div>\n<\/div>\n","protected":false},"excerpt":{"rendered":"<p>Un chronographe inspir\u00e9 de la course automobile avec un cadran gris asphalte, un must pour ceux qui aiment les d\u00e9fis \u00e0 grande vitesse. Polyvalente et robuste, cette montre de sport est \u00e9tanche jusqu&#8217;\u00e0 200 m\u00e8tres gr\u00e2ce \u00e0 sa couronne viss\u00e9e en PVD noir. Calibre Quartz Mouvement Chronographe \u00e0 quartz Fonctions Heures, minutes, secondes, chronographe : [&hellip;]<\/p>\n","protected":false},"featured_media":146691,"template":"","meta":{"_crdt_document":"","advanced_seo_description":"","jetpack_seo_html_title":"","jetpack_seo_noindex":false},"product_brand":[],"product_cat":[2243],"product_tag":[2245],"berocket_brand":[],"woo-feed-brand":[],"class_list":{"0":"post-76081","1":"product","2":"type-product","3":"status-publish","4":"has-post-thumbnail","6":"product_cat-tag-heuer-fr","7":"product_tag-formule-1","9":"first","10":"instock","11":"sale","12":"taxable","13":"shipping-taxable","14":"purchasable","15":"product-type-simple"},"bundled_by":[],"bundle_stock_status":"instock","bundle_stock_quantity":1,"bundle_virtual":false,"bundle_layout":"","bundle_add_to_cart_form_location":"","bundle_editable_in_cart":false,"bundle_sold_individually_context":"","bundle_item_grouping":"","bundle_min_size":"","bundle_max_size":"","bundle_price":[],"bundled_items":[],"bundle_sell_ids":[],"group_of_quantity":0,"min_quantity":0,"max_quantity":"","exclude_order_quantity_value_rules":"no","exclude_category_quantity_rules":"no","combine_variations":"no","exclude_global_add_ons":[],"addons":[],"jetpack_sharing_enabled":true,"jetpack_likes_enabled":true,"_links":{"self":[{"href":"https:\/\/watchdeluxe.it\/fr\/wp-json\/wp\/v2\/product\/76081","targetHints":{"allow":["GET"]}}],"collection":[{"href":"https:\/\/watchdeluxe.it\/fr\/wp-json\/wp\/v2\/product"}],"about":[{"href":"https:\/\/watchdeluxe.it\/fr\/wp-json\/wp\/v2\/types\/product"}],"wp:featuredmedia":[{"embeddable":true,"href":"https:\/\/watchdeluxe.it\/fr\/wp-json\/wp\/v2\/media\/146691"}],"wp:attachment":[{"href":"https:\/\/watchdeluxe.it\/fr\/wp-json\/wp\/v2\/media?parent=76081"}],"wp:term":[{"taxonomy":"product_brand","embeddable":true,"href":"https:\/\/watchdeluxe.it\/fr\/wp-json\/wp\/v2\/product_brand?post=76081"},{"taxonomy":"product_cat","embeddable":true,"href":"https:\/\/watchdeluxe.it\/fr\/wp-json\/wp\/v2\/product_cat?post=76081"},{"taxonomy":"product_tag","embeddable":true,"href":"https:\/\/watchdeluxe.it\/fr\/wp-json\/wp\/v2\/product_tag?post=76081"},{"taxonomy":"berocket_brand","embeddable":true,"href":"https:\/\/watchdeluxe.it\/fr\/wp-json\/wp\/v2\/berocket_brand?post=76081"},{"taxonomy":"woo-feed-brand","embeddable":true,"href":"https:\/\/watchdeluxe.it\/fr\/wp-json\/wp\/v2\/woo-feed-brand?post=76081"}],"curies":[{"name":"wp","href":"https:\/\/api.w.org\/{rel}","templated":true}]}}