{"id":76019,"date":"2024-09-23T10:31:29","date_gmt":"2024-09-23T08:31:29","guid":{"rendered":"https:\/\/watchdeluxe.it\/prodotto\/rado-captain-cook-automatic-ref-r32105103\/"},"modified":"2024-09-23T10:31:38","modified_gmt":"2024-09-23T08:31:38","slug":"rado-captain-cook-automatic-ref-r32105103","status":"publish","type":"product","link":"https:\/\/watchdeluxe.it\/fr\/prodotto\/rado-captain-cook-automatic-ref-r32105103\/","title":{"rendered":"Rado Captain Cook Automatic ref. R32105103"},"content":{"rendered":"<p><span id=\"watchNotes\" data-mce-fragment=\"1\">Le look original de 1962 est raviv\u00e9 sous une forme nouvelle et am\u00e9lior\u00e9e pour le 21e si\u00e8cle. Avec ses d\u00e9tails vintage et son style fid\u00e8le \u00e0 l&#8217;original, Captain Cook est une montre con\u00e7ue pour r\u00e9sister \u00e0 l&#8217;\u00e9preuve du temps.  <br data-mce-fragment=\"1\"><br data-mce-fragment=\"1\">Ce pr\u00e9cieux garde-temps est dot\u00e9 d&#8217;un bo\u00eetier en acier de 42 mm et d&#8217;une lunette en c\u00e9ramique high-tech noire.  <br data-mce-fragment=\"1\"><br data-mce-fragment=\"1\">Le cadran est de la m\u00eame couleur et pr\u00e9sente des index et des aiguilles argent\u00e9s tr\u00e8s visibles, recouverts de superluminova. Le logo avec l&#8217;ancre mobile et l&#8217;aiguille des heures en forme de fl\u00e8che est caract\u00e9ristique.  <br data-mce-fragment=\"1\"><br data-mce-fragment=\"1\">Il est compl\u00e9t\u00e9 par un bracelet en acier \u00e9labor\u00e9 de haute qualit\u00e9, dot\u00e9 d&#8217;un syst\u00e8me EasyClip pour un changement de bracelet sans effort.  <br data-mce-fragment=\"1\"><br data-mce-fragment=\"1\">Anim\u00e9e par un mouvement pr\u00e9cis \u00e0 remontage automatique de fabrication suisse, c&#8217;est une montre au style \u00e9l\u00e9gant et sportif.  <br data-mce-fragment=\"1\"><br data-mce-fragment=\"1\"><br data-mce-fragment=\"1\">Mouvement : automatique <br data-mce-fragment=\"1\"><br data-mce-fragment=\"1\">Dimensions : 42,0 mm  <br data-mce-fragment=\"1\"><br data-mce-fragment=\"1\">Edition limit\u00e9e : \u00e9dition limit\u00e9e \u00e0 999 pi\u00e8ces  <br data-mce-fragment=\"1\"><br data-mce-fragment=\"1\">Poids total : 140 grammes<\/span><\/p>\n","protected":false},"excerpt":{"rendered":"<p>Le look original de 1962 est raviv\u00e9 sous une forme nouvelle et am\u00e9lior\u00e9e pour le 21e si\u00e8cle. Avec ses d\u00e9tails vintage et son style fid\u00e8le \u00e0 l&#8217;original, Captain Cook est une montre con\u00e7ue pour r\u00e9sister \u00e0 l&#8217;\u00e9preuve du temps. Ce pr\u00e9cieux garde-temps est dot\u00e9 d&#8217;un bo\u00eetier en acier de 42 mm et d&#8217;une lunette en [&hellip;]<\/p>\n","protected":false},"featured_media":57795,"template":"","meta":{"_crdt_document":"","advanced_seo_description":"","jetpack_seo_html_title":"","jetpack_seo_noindex":false},"product_brand":[],"product_cat":[2401],"product_tag":[2520],"berocket_brand":[],"woo-feed-brand":[],"class_list":{"0":"post-76019","1":"product","2":"type-product","3":"status-publish","4":"has-post-thumbnail","6":"product_cat-rado-fr","7":"product_tag-capitaine-cook","9":"first","10":"instock","11":"sale","12":"taxable","13":"shipping-taxable","14":"purchasable","15":"product-type-simple"},"bundled_by":[],"bundle_stock_status":"instock","bundle_stock_quantity":1,"bundle_virtual":false,"bundle_layout":"","bundle_add_to_cart_form_location":"","bundle_editable_in_cart":false,"bundle_sold_individually_context":"","bundle_item_grouping":"","bundle_min_size":"","bundle_max_size":"","bundle_price":[],"bundled_items":[],"bundle_sell_ids":[],"group_of_quantity":0,"min_quantity":0,"max_quantity":"","exclude_order_quantity_value_rules":"no","exclude_category_quantity_rules":"no","combine_variations":"no","jetpack_sharing_enabled":true,"jetpack_likes_enabled":true,"_links":{"self":[{"href":"https:\/\/watchdeluxe.it\/fr\/wp-json\/wp\/v2\/product\/76019","targetHints":{"allow":["GET"]}}],"collection":[{"href":"https:\/\/watchdeluxe.it\/fr\/wp-json\/wp\/v2\/product"}],"about":[{"href":"https:\/\/watchdeluxe.it\/fr\/wp-json\/wp\/v2\/types\/product"}],"wp:featuredmedia":[{"embeddable":true,"href":"https:\/\/watchdeluxe.it\/fr\/wp-json\/wp\/v2\/media\/57795"}],"wp:attachment":[{"href":"https:\/\/watchdeluxe.it\/fr\/wp-json\/wp\/v2\/media?parent=76019"}],"wp:term":[{"taxonomy":"product_brand","embeddable":true,"href":"https:\/\/watchdeluxe.it\/fr\/wp-json\/wp\/v2\/product_brand?post=76019"},{"taxonomy":"product_cat","embeddable":true,"href":"https:\/\/watchdeluxe.it\/fr\/wp-json\/wp\/v2\/product_cat?post=76019"},{"taxonomy":"product_tag","embeddable":true,"href":"https:\/\/watchdeluxe.it\/fr\/wp-json\/wp\/v2\/product_tag?post=76019"},{"taxonomy":"berocket_brand","embeddable":true,"href":"https:\/\/watchdeluxe.it\/fr\/wp-json\/wp\/v2\/berocket_brand?post=76019"},{"taxonomy":"woo-feed-brand","embeddable":true,"href":"https:\/\/watchdeluxe.it\/fr\/wp-json\/wp\/v2\/woo-feed-brand?post=76019"}],"curies":[{"name":"wp","href":"https:\/\/api.w.org\/{rel}","templated":true}]}}