{"id":76007,"date":"2023-03-17T18:44:02","date_gmt":"2023-03-17T17:44:02","guid":{"rendered":"https:\/\/watchdeluxe.it\/prodotto\/rado-ceramic-ref-r21702702\/"},"modified":"2026-04-02T17:41:01","modified_gmt":"2026-04-02T15:41:01","slug":"rado-ceramica-ref-r21702702","status":"publish","type":"product","link":"https:\/\/watchdeluxe.it\/fr\/prodotto\/rado-ceramica-ref-r21702702\/","title":{"rendered":"Rado Ceramic ref.R21702702"},"content":{"rendered":"<p><span id=\"watchNotes\" data-mce-fragment=\"1\">Caract\u00e9ristiques <br data-mce-fragment=\"1\"><br data-mce-fragment=\"1\">Mouvement \u00e0 quartz Swiss Made <br data-mce-fragment=\"1\">Verre saphir inrayable <br data-mce-fragment=\"1\">Cadran noir <br data-mce-fragment=\"1\">4 diamants sur le cadran, 0,011 ct <br data-mce-fragment=\"1\">Bo\u00eetier et bracelet en c\u00e9ramique haute technologie et titane PVD noir <br data-mce-fragment=\"1\">Fermoir en titane <br data-mce-fragment=\"1\">\u00c9tanche jusqu\u2019\u00e0 5 bar (50 m) <br data-mce-fragment=\"1\"><br data-mce-fragment=\"1\">Sp\u00e9cifications <br data-mce-fragment=\"1\"><br data-mce-fragment=\"1\">Diam\u00e8tre du bo\u00eetier 22,9 x 31,7 mm <br data-mce-fragment=\"1\">\u00c9paisseur du bo\u00eetier 6,6 mm <br data-mce-fragment=\"1\"><br data-mce-fragment=\"1\">Mouvement  <br data-mce-fragment=\"1\"><br data-mce-fragment=\"1\">Quartz suisse ETA 282.001 <br data-mce-fragment=\"1\">5 1\/2 x 8, 11,64 x 16,93 mm, 13 rubis, pile de type Renata 321<\/span><\/p>\n","protected":false},"excerpt":{"rendered":"<p>Caract\u00e9ristiques Mouvement \u00e0 quartz Swiss Made Verre saphir inrayable Cadran noir 4 diamants sur le cadran, 0,011 ct Bo\u00eetier et bracelet en c\u00e9ramique haute technologie et titane PVD noir Fermoir en titane \u00c9tanche jusqu\u2019\u00e0 5 bar (50 m) Sp\u00e9cifications Diam\u00e8tre du bo\u00eetier 22,9 x 31,7 mm \u00c9paisseur du bo\u00eetier 6,6 mm Mouvement Quartz suisse ETA [&hellip;]<\/p>\n","protected":false},"featured_media":148618,"template":"","meta":{"_crdt_document":"","advanced_seo_description":"","jetpack_seo_html_title":"","jetpack_seo_noindex":false},"product_brand":[],"product_cat":[2401],"product_tag":[],"berocket_brand":[],"woo-feed-brand":[],"class_list":{"0":"post-76007","1":"product","2":"type-product","3":"status-publish","4":"has-post-thumbnail","6":"product_cat-rado-fr","8":"first","9":"instock","10":"sale","11":"taxable","12":"shipping-taxable","13":"purchasable","14":"product-type-simple"},"bundled_by":[],"bundle_stock_status":"instock","bundle_stock_quantity":1,"bundle_virtual":false,"bundle_layout":"","bundle_add_to_cart_form_location":"","bundle_editable_in_cart":false,"bundle_sold_individually_context":"","bundle_item_grouping":"","bundle_min_size":"","bundle_max_size":"","bundle_price":[],"bundled_items":[],"bundle_sell_ids":[],"group_of_quantity":0,"min_quantity":0,"max_quantity":"","exclude_order_quantity_value_rules":"no","exclude_category_quantity_rules":"no","combine_variations":"no","exclude_global_add_ons":[],"addons":[],"jetpack_sharing_enabled":true,"jetpack_likes_enabled":true,"_links":{"self":[{"href":"https:\/\/watchdeluxe.it\/fr\/wp-json\/wp\/v2\/product\/76007","targetHints":{"allow":["GET"]}}],"collection":[{"href":"https:\/\/watchdeluxe.it\/fr\/wp-json\/wp\/v2\/product"}],"about":[{"href":"https:\/\/watchdeluxe.it\/fr\/wp-json\/wp\/v2\/types\/product"}],"wp:featuredmedia":[{"embeddable":true,"href":"https:\/\/watchdeluxe.it\/fr\/wp-json\/wp\/v2\/media\/148618"}],"wp:attachment":[{"href":"https:\/\/watchdeluxe.it\/fr\/wp-json\/wp\/v2\/media?parent=76007"}],"wp:term":[{"taxonomy":"product_brand","embeddable":true,"href":"https:\/\/watchdeluxe.it\/fr\/wp-json\/wp\/v2\/product_brand?post=76007"},{"taxonomy":"product_cat","embeddable":true,"href":"https:\/\/watchdeluxe.it\/fr\/wp-json\/wp\/v2\/product_cat?post=76007"},{"taxonomy":"product_tag","embeddable":true,"href":"https:\/\/watchdeluxe.it\/fr\/wp-json\/wp\/v2\/product_tag?post=76007"},{"taxonomy":"berocket_brand","embeddable":true,"href":"https:\/\/watchdeluxe.it\/fr\/wp-json\/wp\/v2\/berocket_brand?post=76007"},{"taxonomy":"woo-feed-brand","embeddable":true,"href":"https:\/\/watchdeluxe.it\/fr\/wp-json\/wp\/v2\/woo-feed-brand?post=76007"}],"curies":[{"name":"wp","href":"https:\/\/api.w.org\/{rel}","templated":true}]}}