{"id":75899,"date":"2023-03-17T18:44:16","date_gmt":"2023-03-17T17:44:16","guid":{"rendered":"https:\/\/watchdeluxe.it\/prodotto\/longines-conquest-classic-automatic-ref-l27855563\/"},"modified":"2026-04-06T06:45:39","modified_gmt":"2026-04-06T04:45:39","slug":"longines-conquest-classic-automatic-ref-l27855563","status":"publish","type":"product","link":"https:\/\/watchdeluxe.it\/fr\/prodotto\/longines-conquest-classic-automatic-ref-l27855563\/","title":{"rendered":"Longines Conquest Classic Automatic r\u00e9f. L27855563"},"content":{"rendered":"<p>&nbsp;<\/p>\n<div class=\"oSioSc\" data-mce-fragment=\"1\">\n<div id=\"tw-target\" data-mce-fragment=\"1\">\n<div id=\"kAz1tf\" class=\"g9WsWb\" data-mce-fragment=\"1\">\n<div id=\"tw-target-text-container\" class=\"tw-ta-container hide-focus-ring tw-nfl\" data-mce-fragment=\"1\">\n<h4 id=\"tw-target-text\" class=\"tw-data-text tw-text-large XcVN5d tw-ta\" dir=\"ltr\" style=\"text-align: left\" data-placeholder=\"Traduzione\" data-mce-fragment=\"1\"><span lang=\"it\" data-mce-fragment=\"1\">  Couleur noir Finition noir Index Aiguilles lumineuses couleur or rose Bo\u00eetier Mat\u00e9riau acier inoxydable Cristal saphir Fond transparent Forme ronde Diam\u00e8tre 40 mm Hauteur 10.8 mm Largeur boucle &#8211; Mouvement Calibre &#8211; Type Automatique Diam\u00e8tre &#8211; Joyaux &#8211; R\u00e9serve 42 heures Fr\u00e9quence 80042 Heure &#8211; Compl\u00e9mentaire &#8211; Groupe musical Mat\u00e9riau Cuir Caract\u00e9ristiques Etanch\u00e9it\u00e9 50 m<\/span><\/h4>\n<\/div>\n<\/div>\n<\/div>\n<\/div>\n","protected":false},"excerpt":{"rendered":"<p>&nbsp; Couleur noir Finition noir Index Aiguilles lumineuses couleur or rose Bo\u00eetier Mat\u00e9riau acier inoxydable Cristal saphir Fond transparent Forme ronde Diam\u00e8tre 40 mm Hauteur 10.8 mm Largeur boucle &#8211; Mouvement Calibre &#8211; Type Automatique Diam\u00e8tre &#8211; Joyaux &#8211; R\u00e9serve 42 heures Fr\u00e9quence 80042 Heure &#8211; Compl\u00e9mentaire &#8211; Groupe musical Mat\u00e9riau Cuir Caract\u00e9ristiques Etanch\u00e9it\u00e9 50 [&hellip;]<\/p>\n","protected":false},"featured_media":151554,"template":"","meta":{"_crdt_document":"","advanced_seo_description":"","jetpack_seo_html_title":"","jetpack_seo_noindex":false},"product_brand":[],"product_cat":[2188],"product_tag":[2408,2983,2842],"berocket_brand":[],"woo-feed-brand":[],"class_list":{"0":"post-75899","1":"product","2":"type-product","3":"status-publish","4":"has-post-thumbnail","6":"product_cat-longines-fr","7":"product_tag-conquete","8":"product_tag-hydroconquest-fr","9":"product_tag-quartz-fr","11":"first","12":"instock","13":"sale","14":"taxable","15":"shipping-taxable","16":"purchasable","17":"product-type-simple"},"bundled_by":[],"bundle_stock_status":"instock","bundle_stock_quantity":1,"bundle_virtual":false,"bundle_layout":"","bundle_add_to_cart_form_location":"","bundle_editable_in_cart":false,"bundle_sold_individually_context":"","bundle_item_grouping":"","bundle_min_size":"","bundle_max_size":"","bundle_price":[],"bundled_items":[],"bundle_sell_ids":[],"group_of_quantity":0,"min_quantity":0,"max_quantity":"","exclude_order_quantity_value_rules":"no","exclude_category_quantity_rules":"no","combine_variations":"no","exclude_global_add_ons":[],"addons":[],"jetpack_sharing_enabled":true,"jetpack_likes_enabled":true,"_links":{"self":[{"href":"https:\/\/watchdeluxe.it\/fr\/wp-json\/wp\/v2\/product\/75899","targetHints":{"allow":["GET"]}}],"collection":[{"href":"https:\/\/watchdeluxe.it\/fr\/wp-json\/wp\/v2\/product"}],"about":[{"href":"https:\/\/watchdeluxe.it\/fr\/wp-json\/wp\/v2\/types\/product"}],"wp:featuredmedia":[{"embeddable":true,"href":"https:\/\/watchdeluxe.it\/fr\/wp-json\/wp\/v2\/media\/151554"}],"wp:attachment":[{"href":"https:\/\/watchdeluxe.it\/fr\/wp-json\/wp\/v2\/media?parent=75899"}],"wp:term":[{"taxonomy":"product_brand","embeddable":true,"href":"https:\/\/watchdeluxe.it\/fr\/wp-json\/wp\/v2\/product_brand?post=75899"},{"taxonomy":"product_cat","embeddable":true,"href":"https:\/\/watchdeluxe.it\/fr\/wp-json\/wp\/v2\/product_cat?post=75899"},{"taxonomy":"product_tag","embeddable":true,"href":"https:\/\/watchdeluxe.it\/fr\/wp-json\/wp\/v2\/product_tag?post=75899"},{"taxonomy":"berocket_brand","embeddable":true,"href":"https:\/\/watchdeluxe.it\/fr\/wp-json\/wp\/v2\/berocket_brand?post=75899"},{"taxonomy":"woo-feed-brand","embeddable":true,"href":"https:\/\/watchdeluxe.it\/fr\/wp-json\/wp\/v2\/woo-feed-brand?post=75899"}],"curies":[{"name":"wp","href":"https:\/\/api.w.org\/{rel}","templated":true}]}}