{"id":75675,"date":"2023-03-17T18:44:27","date_gmt":"2023-03-17T17:44:27","guid":{"rendered":"https:\/\/watchdeluxe.it\/prodotto\/omega-seamaster-olympic-chronometre-officiel-39-5-mm-ref-522-32-40-20-01-001\/"},"modified":"2023-09-18T16:10:14","modified_gmt":"2023-09-18T14:10:14","slug":"omega-seamaster-olympic-official-timekeeper-395-mm-ref-522-32-40-20-01-001","status":"publish","type":"product","link":"https:\/\/watchdeluxe.it\/fr\/prodotto\/omega-seamaster-olympic-official-timekeeper-395-mm-ref-522-32-40-20-01-001\/","title":{"rendered":"OMEGA SEAMASTER OLYMPIC Chronom\u00e8tre officiel 39.5 MM REF. 522.32.40.20.01.001"},"content":{"rendered":"<table class=\"data-table\" data-mce-fragment=\"1\">\n<tbody data-mce-fragment=\"1\">\n<tr class=\"odd\" data-mce-fragment=\"1\">\n<td class=\"spec-name\" data-mce-fragment=\"1\">Marque<\/td>\n<td class=\"spec-value\" data-mce-fragment=\"1\">Om\u00e9ga<\/td>\n<\/tr>\n<tr class=\"even\" data-mce-fragment=\"1\">\n<td class=\"spec-name\" data-mce-fragment=\"1\">Ligne<\/td>\n<td class=\"spec-value\" data-mce-fragment=\"1\">SEAMASTER<\/td>\n<\/tr>\n<tr class=\"odd\" data-mce-fragment=\"1\">\n<td class=\"spec-name\" data-mce-fragment=\"1\">Mod\u00e8le<\/td>\n<td class=\"spec-value\" data-mce-fragment=\"1\">CHRONOM\u00c8TRE OFFICIEL OLYMPIQUE SEAMASTER<\/td>\n<\/tr>\n<tr class=\"even\" data-mce-fragment=\"1\">\n<td class=\"spec-name\" data-mce-fragment=\"1\">Complications<\/td>\n<td class=\"spec-value\" data-mce-fragment=\"1\">TEMPS SEULEMENT<\/td>\n<\/tr>\n<tr class=\"odd\" data-mce-fragment=\"1\">\n<td class=\"spec-name\" data-mce-fragment=\"1\">Mouvement<\/td>\n<td class=\"spec-value\" data-mce-fragment=\"1\">AUTOMATIQUE<\/td>\n<\/tr>\n<tr class=\"even\" data-mce-fragment=\"1\">\n<td class=\"spec-name\" data-mce-fragment=\"1\">Dater<\/td>\n<td class=\"spec-value\" data-mce-fragment=\"1\">DONN\u00c9ES<\/td>\n<\/tr>\n<tr class=\"odd\" data-mce-fragment=\"1\">\n<td class=\"spec-name\" data-mce-fragment=\"1\">Formulaire<\/td>\n<td class=\"spec-value\" data-mce-fragment=\"1\">ROND<\/td>\n<\/tr>\n<tr class=\"even\" data-mce-fragment=\"1\">\n<td class=\"spec-name\" data-mce-fragment=\"1\">Taille<\/td>\n<td class=\"spec-value\" data-mce-fragment=\"1\">39,5 MM<\/td>\n<\/tr>\n<tr class=\"odd\" data-mce-fragment=\"1\">\n<td class=\"spec-name\" data-mce-fragment=\"1\">Mat\u00e9riau<\/td>\n<td class=\"spec-value\" data-mce-fragment=\"1\">Acier<\/td>\n<\/tr>\n<tr class=\"even\" data-mce-fragment=\"1\">\n<td class=\"spec-name\" data-mce-fragment=\"1\">Type de verre<\/td>\n<td class=\"spec-value\" data-mce-fragment=\"1\">SAPPHIRE<\/td>\n<\/tr>\n<tr class=\"odd\" data-mce-fragment=\"1\">\n<td class=\"spec-name\" data-mce-fragment=\"1\">Cadran<\/td>\n<td class=\"spec-value\" data-mce-fragment=\"1\">NOIR<\/td>\n<\/tr>\n<tr class=\"even\" data-mce-fragment=\"1\">\n<td class=\"spec-name\" data-mce-fragment=\"1\">Courroie<\/td>\n<td class=\"spec-value\" data-mce-fragment=\"1\">CUIR<\/td>\n<\/tr>\n<tr class=\"odd\" data-mce-fragment=\"1\">\n<td class=\"spec-name\" data-mce-fragment=\"1\">Imperm\u00e9able \u00e0 l&#8217;eau<\/td>\n<td class=\"spec-value\" data-mce-fragment=\"1\">60 M<\/td>\n<\/tr>\n<tr class=\"even\" data-mce-fragment=\"1\">\n<td class=\"spec-name\" data-mce-fragment=\"1\">\u00c9dition<\/td>\n<td class=\"spec-value\" data-mce-fragment=\"1\">\u00c9DITION LIMIT\u00c9E \u00c0 2032 PI\u00c8CES<\/td>\n<\/tr>\n<\/tbody>\n<\/table>\n","protected":false},"excerpt":{"rendered":"<p>Marque Om\u00e9ga Ligne SEAMASTER Mod\u00e8le CHRONOM\u00c8TRE OFFICIEL OLYMPIQUE SEAMASTER Complications TEMPS SEULEMENT Mouvement AUTOMATIQUE Dater DONN\u00c9ES Formulaire ROND Taille 39,5 MM Mat\u00e9riau Acier Type de verre SAPPHIRE Cadran NOIR Courroie CUIR Imperm\u00e9able \u00e0 l&#8217;eau 60 M \u00c9dition \u00c9DITION LIMIT\u00c9E \u00c0 2032 PI\u00c8CES<\/p>\n","protected":false},"featured_media":59039,"template":"","meta":{"_crdt_document":"","advanced_seo_description":"","jetpack_seo_html_title":"","jetpack_seo_noindex":false},"product_brand":[2155],"product_cat":[1921],"product_tag":[3961],"berocket_brand":[],"woo-feed-brand":[],"class_list":{"0":"post-75675","1":"product","2":"type-product","3":"status-publish","4":"has-post-thumbnail","6":"product_brand-omega","7":"product_cat-omega","8":"product_tag-seamaster-2","10":"first","11":"instock","12":"sale","13":"taxable","14":"shipping-taxable","15":"purchasable","16":"product-type-simple"},"bundled_by":[],"bundle_stock_status":"instock","bundle_stock_quantity":1,"bundle_virtual":false,"bundle_layout":"","bundle_add_to_cart_form_location":"","bundle_editable_in_cart":false,"bundle_sold_individually_context":"","bundle_item_grouping":"","bundle_min_size":"","bundle_max_size":"","bundle_price":[],"bundled_items":[],"bundle_sell_ids":[],"group_of_quantity":0,"min_quantity":0,"max_quantity":"","exclude_order_quantity_value_rules":"no","exclude_category_quantity_rules":"no","combine_variations":"no","jetpack_sharing_enabled":true,"jetpack_likes_enabled":true,"_links":{"self":[{"href":"https:\/\/watchdeluxe.it\/fr\/wp-json\/wp\/v2\/product\/75675","targetHints":{"allow":["GET"]}}],"collection":[{"href":"https:\/\/watchdeluxe.it\/fr\/wp-json\/wp\/v2\/product"}],"about":[{"href":"https:\/\/watchdeluxe.it\/fr\/wp-json\/wp\/v2\/types\/product"}],"wp:featuredmedia":[{"embeddable":true,"href":"https:\/\/watchdeluxe.it\/fr\/wp-json\/wp\/v2\/media\/59039"}],"wp:attachment":[{"href":"https:\/\/watchdeluxe.it\/fr\/wp-json\/wp\/v2\/media?parent=75675"}],"wp:term":[{"taxonomy":"product_brand","embeddable":true,"href":"https:\/\/watchdeluxe.it\/fr\/wp-json\/wp\/v2\/product_brand?post=75675"},{"taxonomy":"product_cat","embeddable":true,"href":"https:\/\/watchdeluxe.it\/fr\/wp-json\/wp\/v2\/product_cat?post=75675"},{"taxonomy":"product_tag","embeddable":true,"href":"https:\/\/watchdeluxe.it\/fr\/wp-json\/wp\/v2\/product_tag?post=75675"},{"taxonomy":"berocket_brand","embeddable":true,"href":"https:\/\/watchdeluxe.it\/fr\/wp-json\/wp\/v2\/berocket_brand?post=75675"},{"taxonomy":"woo-feed-brand","embeddable":true,"href":"https:\/\/watchdeluxe.it\/fr\/wp-json\/wp\/v2\/woo-feed-brand?post=75675"}],"curies":[{"name":"wp","href":"https:\/\/api.w.org\/{rel}","templated":true}]}}