{"id":75575,"date":"2023-03-17T18:44:37","date_gmt":"2023-03-17T17:44:37","guid":{"rendered":"https:\/\/watchdeluxe.it\/prodotto\/omega-seamaster-diver-300m-omega-co-axial-master-chronometer-42-mm-ref-210-32-42-20-01-001\/"},"modified":"2025-04-30T17:37:29","modified_gmt":"2025-04-30T15:37:29","slug":"omega-seamaster-diver-300m-omega-co%e2%80%91axial-master-chronometer-42-mm-ref-210-32-42-20-01-001","status":"publish","type":"product","link":"https:\/\/watchdeluxe.it\/fr\/prodotto\/omega-seamaster-diver-300m-omega-co%e2%80%91axial-master-chronometer-42-mm-ref-210-32-42-20-01-001\/","title":{"rendered":"OMEGA SEAMASTER DIVER 300M OMEGA CO-AXIAL MASTER CHRONOMETER 42 MM REF. 210.32.42.20.01.001"},"content":{"rendered":"<table class=\"data-table\" data-mce-fragment=\"1\">\n<tbody data-mce-fragment=\"1\">\n<tr class=\"odd\" data-mce-fragment=\"1\">\n<td class=\"spec-name\" data-mce-fragment=\"1\">Marque<\/td>\n<td class=\"spec-value\" data-mce-fragment=\"1\">Omega<\/td>\n<\/tr>\n<tr class=\"even\" data-mce-fragment=\"1\">\n<td class=\"spec-name\" data-mce-fragment=\"1\">Ligne<\/td>\n<td class=\"spec-value\" data-mce-fragment=\"1\">SEAMASTER<\/td>\n<\/tr>\n<tr class=\"odd\" data-mce-fragment=\"1\">\n<td class=\"spec-name\" data-mce-fragment=\"1\">Mod\u00e8le<\/td>\n<td class=\"spec-value\" data-mce-fragment=\"1\">Seamaster Diver 300M<\/td>\n<\/tr>\n<tr class=\"even\" data-mce-fragment=\"1\">\n<td class=\"spec-name\" data-mce-fragment=\"1\">Complication<\/td>\n<td class=\"spec-value\" data-mce-fragment=\"1\">TEMPS SEULEMENT<\/td>\n<\/tr>\n<tr class=\"odd\" data-mce-fragment=\"1\">\n<td class=\"spec-name\" data-mce-fragment=\"1\">Mouvement<\/td>\n<td class=\"spec-value\" data-mce-fragment=\"1\">AUTOMATIQUE<\/td>\n<\/tr>\n<tr class=\"even\" data-mce-fragment=\"1\">\n<td class=\"spec-name\" data-mce-fragment=\"1\">Dateur<\/td>\n<td class=\"spec-value\" data-mce-fragment=\"1\">DATE<\/td>\n<\/tr>\n<tr class=\"odd\" data-mce-fragment=\"1\">\n<td class=\"spec-name\" data-mce-fragment=\"1\">Forme<\/td>\n<td class=\"spec-value\" data-mce-fragment=\"1\">ROND<\/td>\n<\/tr>\n<tr class=\"even\" data-mce-fragment=\"1\">\n<td class=\"spec-name\" data-mce-fragment=\"1\">Taille<\/td>\n<td class=\"spec-value\" data-mce-fragment=\"1\">42 MM<\/td>\n<\/tr>\n<tr class=\"odd\" data-mce-fragment=\"1\">\n<td class=\"spec-name\" data-mce-fragment=\"1\">Mat\u00e9riau<\/td>\n<td class=\"spec-value\" data-mce-fragment=\"1\">ACIER ET LUNETTE EN C\u00c9RAMIQUE<\/td>\n<\/tr>\n<tr class=\"even\" data-mce-fragment=\"1\">\n<td class=\"spec-name\" data-mce-fragment=\"1\">Type de verre<\/td>\n<td class=\"spec-value\" data-mce-fragment=\"1\">SAPPHIRE<\/td>\n<\/tr>\n<tr class=\"odd\" data-mce-fragment=\"1\">\n<td class=\"spec-name\" data-mce-fragment=\"1\">Cadran<\/td>\n<td class=\"spec-value\" data-mce-fragment=\"1\">C\u00c9RAMIQUE NOIRE<\/td>\n<\/tr>\n<tr class=\"even\" data-mce-fragment=\"1\">\n<td class=\"spec-name\" data-mce-fragment=\"1\">Sangle<\/td>\n<td class=\"spec-value\" data-mce-fragment=\"1\">CAUCCIU<\/td>\n<\/tr>\n<tr class=\"odd\" data-mce-fragment=\"1\">\n<td class=\"spec-name\" data-mce-fragment=\"1\">\u00c9tanch\u00e9it\u00e9<\/td>\n<td class=\"spec-value\" data-mce-fragment=\"1\">300 M<\/td>\n<\/tr>\n<\/tbody>\n<\/table>\n","protected":false},"excerpt":{"rendered":"<p>Marque Omega Ligne SEAMASTER Mod\u00e8le Seamaster Diver 300M Complication TEMPS SEULEMENT Mouvement AUTOMATIQUE Dateur DATE Forme ROND Taille 42 MM Mat\u00e9riau ACIER ET LUNETTE EN C\u00c9RAMIQUE Type de verre SAPPHIRE Cadran C\u00c9RAMIQUE NOIRE Sangle CAUCCIU \u00c9tanch\u00e9it\u00e9 300 M<\/p>\n","protected":false},"featured_media":58856,"template":"","meta":{"_crdt_document":"","advanced_seo_description":"","jetpack_seo_html_title":"","jetpack_seo_noindex":false},"product_brand":[2155],"product_cat":[2310],"product_tag":[2312],"berocket_brand":[],"woo-feed-brand":[],"class_list":{"0":"post-75575","1":"product","2":"type-product","3":"status-publish","4":"has-post-thumbnail","6":"product_brand-omega","7":"product_cat-omega-fr","8":"product_tag-seamaster-fr","10":"first","11":"instock","12":"sale","13":"taxable","14":"shipping-taxable","15":"purchasable","16":"product-type-simple"},"bundled_by":[],"bundle_stock_status":"instock","bundle_stock_quantity":1,"bundle_virtual":false,"bundle_layout":"","bundle_add_to_cart_form_location":"","bundle_editable_in_cart":false,"bundle_sold_individually_context":"","bundle_item_grouping":"","bundle_min_size":"","bundle_max_size":"","bundle_price":[],"bundled_items":[],"bundle_sell_ids":[],"group_of_quantity":0,"min_quantity":0,"max_quantity":"","exclude_order_quantity_value_rules":"no","exclude_category_quantity_rules":"no","combine_variations":"no","exclude_global_add_ons":[],"addons":[],"jetpack_sharing_enabled":true,"jetpack_likes_enabled":true,"_links":{"self":[{"href":"https:\/\/watchdeluxe.it\/fr\/wp-json\/wp\/v2\/product\/75575","targetHints":{"allow":["GET"]}}],"collection":[{"href":"https:\/\/watchdeluxe.it\/fr\/wp-json\/wp\/v2\/product"}],"about":[{"href":"https:\/\/watchdeluxe.it\/fr\/wp-json\/wp\/v2\/types\/product"}],"wp:featuredmedia":[{"embeddable":true,"href":"https:\/\/watchdeluxe.it\/fr\/wp-json\/wp\/v2\/media\/58856"}],"wp:attachment":[{"href":"https:\/\/watchdeluxe.it\/fr\/wp-json\/wp\/v2\/media?parent=75575"}],"wp:term":[{"taxonomy":"product_brand","embeddable":true,"href":"https:\/\/watchdeluxe.it\/fr\/wp-json\/wp\/v2\/product_brand?post=75575"},{"taxonomy":"product_cat","embeddable":true,"href":"https:\/\/watchdeluxe.it\/fr\/wp-json\/wp\/v2\/product_cat?post=75575"},{"taxonomy":"product_tag","embeddable":true,"href":"https:\/\/watchdeluxe.it\/fr\/wp-json\/wp\/v2\/product_tag?post=75575"},{"taxonomy":"berocket_brand","embeddable":true,"href":"https:\/\/watchdeluxe.it\/fr\/wp-json\/wp\/v2\/berocket_brand?post=75575"},{"taxonomy":"woo-feed-brand","embeddable":true,"href":"https:\/\/watchdeluxe.it\/fr\/wp-json\/wp\/v2\/woo-feed-brand?post=75575"}],"curies":[{"name":"wp","href":"https:\/\/api.w.org\/{rel}","templated":true}]}}