{"id":75406,"date":"2023-03-17T19:02:11","date_gmt":"2023-03-17T18:02:11","guid":{"rendered":"https:\/\/watchdeluxe.it\/prodotto\/longines-master-40-mm-ref-l26294926\/"},"modified":"2026-04-02T17:20:56","modified_gmt":"2026-04-02T15:20:56","slug":"longines-master-40-mm-ref-l26294926-2","status":"publish","type":"product","link":"https:\/\/watchdeluxe.it\/fr\/prodotto\/longines-master-40-mm-ref-l26294926-2\/","title":{"rendered":"LONGINES MASTER 40 MM R\u00c9F. L26294926"},"content":{"rendered":"<p>LONGINES MASTER 40 MM R\u00c9F. L26294926<\/p>\n<table class=\"data-table\">\n<tbody>\n<tr class=\"odd\">\n<td class=\"spec-name\">Marque<\/td>\n<td class=\"spec-value\">Longines<\/td>\n<\/tr>\n<tr class=\"even\">\n<td class=\"spec-name\">Ligne<\/td>\n<td class=\"spec-value\">MASTER<\/td>\n<\/tr>\n<tr class=\"odd\">\n<td class=\"spec-name\">Complications<\/td>\n<td class=\"spec-value\">CHRONOGRAPHIE<\/td>\n<\/tr>\n<tr class=\"even\">\n<td class=\"spec-name\">Mouvement<\/td>\n<td class=\"spec-value\">AUTOMATIQUE<\/td>\n<\/tr>\n<tr class=\"odd\">\n<td class=\"spec-name\">Dateur<\/td>\n<td class=\"spec-value\">DATE<\/td>\n<\/tr>\n<tr class=\"even\">\n<td class=\"spec-name\">Forme<\/td>\n<td class=\"spec-value\">ROND<\/td>\n<\/tr>\n<tr class=\"odd\">\n<td class=\"spec-name\">Taille<\/td>\n<td class=\"spec-value\">40 MM<\/td>\n<\/tr>\n<tr class=\"even\">\n<td class=\"spec-name\">Mat\u00e9riau<\/td>\n<td class=\"spec-value\">Acier<\/td>\n<\/tr>\n<tr class=\"odd\">\n<td class=\"spec-name\">Cadran<\/td>\n<td class=\"spec-value\">INDICES BLEUS<\/td>\n<\/tr>\n<tr class=\"even\">\n<td class=\"spec-name\">Bracelet<\/td>\n<td class=\"spec-value\">ACIER<\/td>\n<\/tr>\n<tr class=\"odd\">\n<td class=\"spec-name\">R\u00e9sistance \u00e0 l&#8217;eau<\/td>\n<td class=\"spec-value\">30 M<\/td>\n<\/tr>\n<\/tbody>\n<\/table>\n","protected":false},"excerpt":{"rendered":"<p>LONGINES MASTER 40 MM R\u00c9F. L26294926 Marque Longines Ligne MASTER Complications CHRONOGRAPHIE Mouvement AUTOMATIQUE Dateur DATE Forme ROND Taille 40 MM Mat\u00e9riau Acier Cadran INDICES BLEUS Bracelet ACIER R\u00e9sistance \u00e0 l&#8217;eau 30 M<\/p>\n","protected":false},"featured_media":170331,"template":"","meta":{"_crdt_document":"","advanced_seo_description":"","jetpack_seo_html_title":"","jetpack_seo_noindex":false},"product_brand":[],"product_cat":[2188],"product_tag":[2983,2986,2842],"berocket_brand":[],"woo-feed-brand":[],"class_list":{"0":"post-75406","1":"product","2":"type-product","3":"status-publish","4":"has-post-thumbnail","6":"product_cat-longines-fr","7":"product_tag-hydroconquest-fr","8":"product_tag-maitre","9":"product_tag-quartz-fr","11":"first","12":"instock","13":"sale","14":"taxable","15":"shipping-taxable","16":"purchasable","17":"product-type-simple"},"bundled_by":[],"bundle_stock_status":"instock","bundle_stock_quantity":1,"bundle_virtual":false,"bundle_layout":"","bundle_add_to_cart_form_location":"","bundle_editable_in_cart":false,"bundle_sold_individually_context":"","bundle_item_grouping":"","bundle_min_size":"","bundle_max_size":"","bundle_price":[],"bundled_items":[],"bundle_sell_ids":[],"group_of_quantity":0,"min_quantity":0,"max_quantity":"","exclude_order_quantity_value_rules":"no","exclude_category_quantity_rules":"no","combine_variations":"no","jetpack_sharing_enabled":true,"jetpack_likes_enabled":true,"_links":{"self":[{"href":"https:\/\/watchdeluxe.it\/fr\/wp-json\/wp\/v2\/product\/75406","targetHints":{"allow":["GET"]}}],"collection":[{"href":"https:\/\/watchdeluxe.it\/fr\/wp-json\/wp\/v2\/product"}],"about":[{"href":"https:\/\/watchdeluxe.it\/fr\/wp-json\/wp\/v2\/types\/product"}],"wp:featuredmedia":[{"embeddable":true,"href":"https:\/\/watchdeluxe.it\/fr\/wp-json\/wp\/v2\/media\/170331"}],"wp:attachment":[{"href":"https:\/\/watchdeluxe.it\/fr\/wp-json\/wp\/v2\/media?parent=75406"}],"wp:term":[{"taxonomy":"product_brand","embeddable":true,"href":"https:\/\/watchdeluxe.it\/fr\/wp-json\/wp\/v2\/product_brand?post=75406"},{"taxonomy":"product_cat","embeddable":true,"href":"https:\/\/watchdeluxe.it\/fr\/wp-json\/wp\/v2\/product_cat?post=75406"},{"taxonomy":"product_tag","embeddable":true,"href":"https:\/\/watchdeluxe.it\/fr\/wp-json\/wp\/v2\/product_tag?post=75406"},{"taxonomy":"berocket_brand","embeddable":true,"href":"https:\/\/watchdeluxe.it\/fr\/wp-json\/wp\/v2\/berocket_brand?post=75406"},{"taxonomy":"woo-feed-brand","embeddable":true,"href":"https:\/\/watchdeluxe.it\/fr\/wp-json\/wp\/v2\/woo-feed-brand?post=75406"}],"curies":[{"name":"wp","href":"https:\/\/api.w.org\/{rel}","templated":true}]}}