{"id":75367,"date":"2023-03-17T19:02:17","date_gmt":"2023-03-17T18:02:17","guid":{"rendered":"https:\/\/watchdeluxe.it\/prodotto\/longines-les-grandes-classiques-30-mm-presence-ref-l43224116\/"},"modified":"2026-04-02T17:22:13","modified_gmt":"2026-04-02T15:22:13","slug":"longines-les-grandes-classiques-30-mm-presence-ref-l43224116-2","status":"publish","type":"product","link":"https:\/\/watchdeluxe.it\/fr\/prodotto\/longines-les-grandes-classiques-30-mm-presence-ref-l43224116-2\/","title":{"rendered":"LONGINES LES GRANDES CLASSIQUES 30 MM PR\u00c9SENCE R\u00c9F. L43224116"},"content":{"rendered":"<table class=\"data-table\" data-mce-fragment=\"1\">\n<tbody data-mce-fragment=\"1\">\n<tr class=\"odd\" data-mce-fragment=\"1\">\n<td class=\"spec-name\" data-mce-fragment=\"1\">Marque<\/td>\n<td class=\"spec-value\" data-mce-fragment=\"1\">Longines<\/td>\n<\/tr>\n<tr class=\"even\" data-mce-fragment=\"1\">\n<td class=\"spec-name\" data-mce-fragment=\"1\">Ligne<\/td>\n<td class=\"spec-value\" data-mce-fragment=\"1\">LES GRANDES CLASSIQUES<\/td>\n<\/tr>\n<tr class=\"odd\" data-mce-fragment=\"1\">\n<td class=\"spec-name\" data-mce-fragment=\"1\">Mod\u00e8le<\/td>\n<td class=\"spec-value\" data-mce-fragment=\"1\">PR\u00c9SENCE<\/td>\n<\/tr>\n<tr class=\"even\" data-mce-fragment=\"1\">\n<td class=\"spec-name\" data-mce-fragment=\"1\">Complication<\/td>\n<td class=\"spec-value\" data-mce-fragment=\"1\">TEMPS SEULEMENT<\/td>\n<\/tr>\n<tr class=\"odd\" data-mce-fragment=\"1\">\n<td class=\"spec-name\" data-mce-fragment=\"1\">Mouvement<\/td>\n<td class=\"spec-value\" data-mce-fragment=\"1\">AUTOMATIQUE<\/td>\n<\/tr>\n<tr class=\"even\" data-mce-fragment=\"1\">\n<td class=\"spec-name\" data-mce-fragment=\"1\">Dateur<\/td>\n<td class=\"spec-value\" data-mce-fragment=\"1\">DATE<\/td>\n<\/tr>\n<tr class=\"odd\" data-mce-fragment=\"1\">\n<td class=\"spec-name\" data-mce-fragment=\"1\">Forme<\/td>\n<td class=\"spec-value\" data-mce-fragment=\"1\">ROND<\/td>\n<\/tr>\n<tr class=\"even\" data-mce-fragment=\"1\">\n<td class=\"spec-name\" data-mce-fragment=\"1\">Taille<\/td>\n<td class=\"spec-value\" data-mce-fragment=\"1\">30 MM<\/td>\n<\/tr>\n<tr class=\"odd\" data-mce-fragment=\"1\">\n<td class=\"spec-name\" data-mce-fragment=\"1\">Mat\u00e9riau<\/td>\n<td class=\"spec-value\" data-mce-fragment=\"1\">Acier<\/td>\n<\/tr>\n<tr class=\"even\" data-mce-fragment=\"1\">\n<td class=\"spec-name\" data-mce-fragment=\"1\">Cadran<\/td>\n<td class=\"spec-value\" data-mce-fragment=\"1\">BLANC ROMAIN<\/td>\n<\/tr>\n<tr class=\"odd\" data-mce-fragment=\"1\">\n<td class=\"spec-name\" data-mce-fragment=\"1\">Bracelet<\/td>\n<td class=\"spec-value\" data-mce-fragment=\"1\">ACIER<\/td>\n<\/tr>\n<tr class=\"even\" data-mce-fragment=\"1\">\n<td class=\"spec-name\" data-mce-fragment=\"1\">R\u00e9sistance \u00e0 l&#8217;eau<\/td>\n<td class=\"spec-value\" data-mce-fragment=\"1\">30 M<\/td>\n<\/tr>\n<\/tbody>\n<\/table>\n","protected":false},"excerpt":{"rendered":"<p>Marque Longines Ligne LES GRANDES CLASSIQUES Mod\u00e8le PR\u00c9SENCE Complication TEMPS SEULEMENT Mouvement AUTOMATIQUE Dateur DATE Forme ROND Taille 30 MM Mat\u00e9riau Acier Cadran BLANC ROMAIN Bracelet ACIER R\u00e9sistance \u00e0 l&#8217;eau 30 M<\/p>\n","protected":false},"featured_media":166436,"template":"","meta":{"_crdt_document":"","advanced_seo_description":"","jetpack_seo_html_title":"","jetpack_seo_noindex":false},"product_brand":[],"product_cat":[2188],"product_tag":[2983,3292,2842],"berocket_brand":[],"woo-feed-brand":[],"class_list":{"0":"post-75367","1":"product","2":"type-product","3":"status-publish","4":"has-post-thumbnail","6":"product_cat-longines-fr","7":"product_tag-hydroconquest-fr","8":"product_tag-les-grandes-classiques-fr","9":"product_tag-quartz-fr","11":"first","12":"instock","13":"sale","14":"taxable","15":"shipping-taxable","16":"purchasable","17":"product-type-simple"},"bundled_by":[],"bundle_stock_status":"instock","bundle_stock_quantity":1,"bundle_virtual":false,"bundle_layout":"","bundle_add_to_cart_form_location":"","bundle_editable_in_cart":false,"bundle_sold_individually_context":"","bundle_item_grouping":"","bundle_min_size":"","bundle_max_size":"","bundle_price":[],"bundled_items":[],"bundle_sell_ids":[],"group_of_quantity":0,"min_quantity":0,"max_quantity":"","exclude_order_quantity_value_rules":"no","exclude_category_quantity_rules":"no","combine_variations":"no","jetpack_sharing_enabled":true,"jetpack_likes_enabled":true,"_links":{"self":[{"href":"https:\/\/watchdeluxe.it\/fr\/wp-json\/wp\/v2\/product\/75367","targetHints":{"allow":["GET"]}}],"collection":[{"href":"https:\/\/watchdeluxe.it\/fr\/wp-json\/wp\/v2\/product"}],"about":[{"href":"https:\/\/watchdeluxe.it\/fr\/wp-json\/wp\/v2\/types\/product"}],"wp:featuredmedia":[{"embeddable":true,"href":"https:\/\/watchdeluxe.it\/fr\/wp-json\/wp\/v2\/media\/166436"}],"wp:attachment":[{"href":"https:\/\/watchdeluxe.it\/fr\/wp-json\/wp\/v2\/media?parent=75367"}],"wp:term":[{"taxonomy":"product_brand","embeddable":true,"href":"https:\/\/watchdeluxe.it\/fr\/wp-json\/wp\/v2\/product_brand?post=75367"},{"taxonomy":"product_cat","embeddable":true,"href":"https:\/\/watchdeluxe.it\/fr\/wp-json\/wp\/v2\/product_cat?post=75367"},{"taxonomy":"product_tag","embeddable":true,"href":"https:\/\/watchdeluxe.it\/fr\/wp-json\/wp\/v2\/product_tag?post=75367"},{"taxonomy":"berocket_brand","embeddable":true,"href":"https:\/\/watchdeluxe.it\/fr\/wp-json\/wp\/v2\/berocket_brand?post=75367"},{"taxonomy":"woo-feed-brand","embeddable":true,"href":"https:\/\/watchdeluxe.it\/fr\/wp-json\/wp\/v2\/woo-feed-brand?post=75367"}],"curies":[{"name":"wp","href":"https:\/\/api.w.org\/{rel}","templated":true}]}}