{"id":75225,"date":"2023-03-17T18:45:09","date_gmt":"2023-03-17T17:45:09","guid":{"rendered":"https:\/\/watchdeluxe.it\/prodotto\/tag-heuer-monaco-chronographe-en-acier-ref-cbl2113-ba0644\/"},"modified":"2026-01-19T16:27:43","modified_gmt":"2026-01-19T15:27:43","slug":"tag-heuer-monk-chronograph-steel-ref-cbl2113-ba0644","status":"publish","type":"product","link":"https:\/\/watchdeluxe.it\/fr\/prodotto\/tag-heuer-monk-chronograph-steel-ref-cbl2113-ba0644\/","title":{"rendered":"TAG HEUER MONACO chronographe en acier r\u00e9f. CBL2113.BA0644"},"content":{"rendered":"<p>TAG HEUER MONACO chronographe en acier r\u00e9f. CBL2113.BA0644<br data-mce-fragment=\"1\"><b data-mce-fragment=\"1\">Mouvement :<\/b> Chronographe automatique<br data-mce-fragment=\"1\"><b data-mce-fragment=\"1\">Cadran :<\/b> noir<br data-mce-fragment=\"1\"><b data-mce-fragment=\"1\">Bo\u00eetier :<\/b> acier, poli satin\u00e9<br data-mce-fragment=\"1\"><b data-mce-fragment=\"1\">Taille :<\/b> 39 mm<br data-mce-fragment=\"1\"><b data-mce-fragment=\"1\">Bracelet :<\/b> Acier<br data-mce-fragment=\"1\"><b data-mce-fragment=\"1\">Etanch\u00e9it\u00e9 :<\/b> 10 bar<br data-mce-fragment=\"1\"><b data-mce-fragment=\"1\">Verre :<\/b> saphir bomb\u00e9<\/p>\n","protected":false},"excerpt":{"rendered":"<p>TAG HEUER MONACO chronographe en acier r\u00e9f. CBL2113.BA0644Mouvement : Chronographe automatiqueCadran : noirBo\u00eetier : acier, poli satin\u00e9Taille : 39 mmBracelet : AcierEtanch\u00e9it\u00e9 : 10 barVerre : saphir bomb\u00e9<\/p>\n","protected":false},"featured_media":157456,"template":"","meta":{"_crdt_document":"","advanced_seo_description":"","jetpack_seo_html_title":"","jetpack_seo_noindex":false},"product_brand":[],"product_cat":[2243],"product_tag":[2288],"berocket_brand":[],"woo-feed-brand":[],"class_list":{"0":"post-75225","1":"product","2":"type-product","3":"status-publish","4":"has-post-thumbnail","6":"product_cat-tag-heuer-fr","7":"product_tag-monaco-fr","9":"first","10":"instock","11":"sale","12":"taxable","13":"shipping-taxable","14":"purchasable","15":"product-type-simple"},"bundled_by":[],"bundle_stock_status":"instock","bundle_stock_quantity":1,"bundle_virtual":false,"bundle_layout":"","bundle_add_to_cart_form_location":"","bundle_editable_in_cart":false,"bundle_sold_individually_context":"","bundle_item_grouping":"","bundle_min_size":"","bundle_max_size":"","bundle_price":[],"bundled_items":[],"bundle_sell_ids":[],"group_of_quantity":0,"min_quantity":0,"max_quantity":"","exclude_order_quantity_value_rules":"no","exclude_category_quantity_rules":"no","combine_variations":"no","exclude_global_add_ons":[],"addons":[],"jetpack_sharing_enabled":true,"jetpack_likes_enabled":true,"_links":{"self":[{"href":"https:\/\/watchdeluxe.it\/fr\/wp-json\/wp\/v2\/product\/75225","targetHints":{"allow":["GET"]}}],"collection":[{"href":"https:\/\/watchdeluxe.it\/fr\/wp-json\/wp\/v2\/product"}],"about":[{"href":"https:\/\/watchdeluxe.it\/fr\/wp-json\/wp\/v2\/types\/product"}],"wp:featuredmedia":[{"embeddable":true,"href":"https:\/\/watchdeluxe.it\/fr\/wp-json\/wp\/v2\/media\/157456"}],"wp:attachment":[{"href":"https:\/\/watchdeluxe.it\/fr\/wp-json\/wp\/v2\/media?parent=75225"}],"wp:term":[{"taxonomy":"product_brand","embeddable":true,"href":"https:\/\/watchdeluxe.it\/fr\/wp-json\/wp\/v2\/product_brand?post=75225"},{"taxonomy":"product_cat","embeddable":true,"href":"https:\/\/watchdeluxe.it\/fr\/wp-json\/wp\/v2\/product_cat?post=75225"},{"taxonomy":"product_tag","embeddable":true,"href":"https:\/\/watchdeluxe.it\/fr\/wp-json\/wp\/v2\/product_tag?post=75225"},{"taxonomy":"berocket_brand","embeddable":true,"href":"https:\/\/watchdeluxe.it\/fr\/wp-json\/wp\/v2\/berocket_brand?post=75225"},{"taxonomy":"woo-feed-brand","embeddable":true,"href":"https:\/\/watchdeluxe.it\/fr\/wp-json\/wp\/v2\/woo-feed-brand?post=75225"}],"curies":[{"name":"wp","href":"https:\/\/api.w.org\/{rel}","templated":true}]}}