{"id":75193,"date":"2023-03-17T18:45:17","date_gmt":"2023-03-17T17:45:17","guid":{"rendered":"https:\/\/watchdeluxe.it\/prodotto\/tag-heuer-carrera-blue-42mm-ref-cbn2011-ba0642\/"},"modified":"2026-04-07T12:07:47","modified_gmt":"2026-04-07T10:07:47","slug":"tag-heuer-carrera-blu-42mm-ref-cbn2011-ba0642","status":"publish","type":"product","link":"https:\/\/watchdeluxe.it\/fr\/prodotto\/tag-heuer-carrera-blu-42mm-ref-cbn2011-ba0642\/","title":{"rendered":"TAG Heuer Carrera blue 42mm ref. CBN2011.BA0642"},"content":{"rendered":"<ul>\n<li>Marque : Tag Heuer<\/li>\n<li>Mod\u00e8le : Carrera<\/li>\n<li>R\u00e9f\u00e9rence : CBN2011.BA0642<\/li>\n<li>Mouvement : automatique<\/li>\n<li>Bo\u00eetier : acier<\/li>\n<li>Bracelet : acier<\/li>\n<li>Diam\u00e8tre : 42 mm<\/li>\n<li>Lunette : lunette fixe en acier rhodi\u00e9 et poli<\/li>\n<li>Verre : saphir convexe et biseaut\u00e9, traitement antireflet sur les deux faces<\/li>\n<li>Cadran : bleu<\/li>\n<li>Fonctions : chronographe<\/li>\n<li>Fond : verre saphir viss\u00e9 et acier<\/li>\n<li>R\u00e9sistance \u00e0 l&#8217;eau : 10 bars (100m)<\/li>\n<li>Garantie : 2 ans au niveau international<\/li>\n<\/ul>\n","protected":false},"excerpt":{"rendered":"<p>Marque : Tag Heuer Mod\u00e8le : Carrera R\u00e9f\u00e9rence : CBN2011.BA0642 Mouvement : automatique Bo\u00eetier : acier Bracelet : acier Diam\u00e8tre : 42 mm Lunette : lunette fixe en acier rhodi\u00e9 et poli Verre : saphir convexe et biseaut\u00e9, traitement antireflet sur les deux faces Cadran : bleu Fonctions : chronographe Fond : verre saphir viss\u00e9 [&hellip;]<\/p>\n","protected":false},"featured_media":157430,"template":"","meta":{"_crdt_document":"","advanced_seo_description":"","jetpack_seo_html_title":"","jetpack_seo_noindex":false},"product_brand":[],"product_cat":[1920],"product_tag":[3738],"berocket_brand":[],"woo-feed-brand":[],"class_list":{"0":"post-75193","1":"product","2":"type-product","3":"status-publish","4":"has-post-thumbnail","6":"product_cat-tag-heuer","7":"product_tag-carrera-2","9":"first","10":"instock","11":"sale","12":"taxable","13":"shipping-taxable","14":"purchasable","15":"product-type-simple"},"bundled_by":[],"bundle_stock_status":"instock","bundle_stock_quantity":1,"bundle_virtual":false,"bundle_layout":"","bundle_add_to_cart_form_location":"","bundle_editable_in_cart":false,"bundle_sold_individually_context":"","bundle_item_grouping":"","bundle_min_size":"","bundle_max_size":"","bundle_price":[],"bundled_items":[],"bundle_sell_ids":[],"group_of_quantity":0,"min_quantity":0,"max_quantity":"","exclude_order_quantity_value_rules":"no","exclude_category_quantity_rules":"no","combine_variations":"no","exclude_global_add_ons":[],"addons":[],"jetpack_sharing_enabled":true,"jetpack_likes_enabled":true,"_links":{"self":[{"href":"https:\/\/watchdeluxe.it\/fr\/wp-json\/wp\/v2\/product\/75193","targetHints":{"allow":["GET"]}}],"collection":[{"href":"https:\/\/watchdeluxe.it\/fr\/wp-json\/wp\/v2\/product"}],"about":[{"href":"https:\/\/watchdeluxe.it\/fr\/wp-json\/wp\/v2\/types\/product"}],"wp:featuredmedia":[{"embeddable":true,"href":"https:\/\/watchdeluxe.it\/fr\/wp-json\/wp\/v2\/media\/157430"}],"wp:attachment":[{"href":"https:\/\/watchdeluxe.it\/fr\/wp-json\/wp\/v2\/media?parent=75193"}],"wp:term":[{"taxonomy":"product_brand","embeddable":true,"href":"https:\/\/watchdeluxe.it\/fr\/wp-json\/wp\/v2\/product_brand?post=75193"},{"taxonomy":"product_cat","embeddable":true,"href":"https:\/\/watchdeluxe.it\/fr\/wp-json\/wp\/v2\/product_cat?post=75193"},{"taxonomy":"product_tag","embeddable":true,"href":"https:\/\/watchdeluxe.it\/fr\/wp-json\/wp\/v2\/product_tag?post=75193"},{"taxonomy":"berocket_brand","embeddable":true,"href":"https:\/\/watchdeluxe.it\/fr\/wp-json\/wp\/v2\/berocket_brand?post=75193"},{"taxonomy":"woo-feed-brand","embeddable":true,"href":"https:\/\/watchdeluxe.it\/fr\/wp-json\/wp\/v2\/woo-feed-brand?post=75193"}],"curies":[{"name":"wp","href":"https:\/\/api.w.org\/{rel}","templated":true}]}}