{"id":75089,"date":"2025-09-23T16:19:28","date_gmt":"2025-09-23T14:19:28","guid":{"rendered":"https:\/\/watchdeluxe.it\/prodotto\/zenith-chronomaster-sport-ref-03-3100-3600-21-c822\/"},"modified":"2025-11-26T10:05:05","modified_gmt":"2025-11-26T09:05:05","slug":"zenith-chronomaster-sport-ref-03-3100-3600-21-c822","status":"publish","type":"product","link":"https:\/\/watchdeluxe.it\/fr\/prodotto\/zenith-chronomaster-sport-ref-03-3100-3600-21-c822\/","title":{"rendered":"Zenith Chronomaster sport ref. 03.3100.3600\/21.C822"},"content":{"rendered":"<p>Zenith Chronomaster sport ref. 03.3100.3600\/21.C822<\/p>\n<p>Le CHRONOMASTER Sport, avec son bo\u00eetier moderne de 41 mm, combine des \u00e9l\u00e9ments d&#8217;anciens chronographes ZENITH, tels que le cadran tricolore, les boutons de pompe et le bracelet en acier, avec une lunette en c\u00e9ramique noire. Anim\u00e9 par le mouvement chronographe automatique El Primero 3600, pr\u00e9cis au 1\/10e de seconde, ce mod\u00e8le est dot\u00e9 d&#8217;un cadran noir et d&#8217;un bracelet en caoutchouc noir.<\/p>\n<table aria-describedby=\"Tabella: Cinturino\" data-v-434880a2=\"\">\n<tbody>\n<tr data-v-434880a2=\"\">\n<th scope=\"row\" data-v-434880a2=\"\">sangle<\/th>\n<td data-v-434880a2=\"\">Effet &#8220;Cordura&#8221; noir<\/td>\n<\/tr>\n<\/tbody>\n<\/table>\n<table aria-describedby=\"Tabella: Cassa\" data-v-434880a2=\"\">\n<tbody>\n<tr data-v-434880a2=\"\">\n<th scope=\"row\" data-v-434880a2=\"\">mat\u00e9riau<\/th>\n<td data-v-434880a2=\"\">Acier et c\u00e9ramique<\/td>\n<\/tr>\n<tr data-v-434880a2=\"\">\n<th scope=\"row\" data-v-434880a2=\"\">diam\u00e8tre<\/th>\n<td data-v-434880a2=\"\">41 mm<\/td>\n<\/tr>\n<tr data-v-434880a2=\"\">\n<th scope=\"row\" data-v-434880a2=\"\">R\u00e9sistance \u00e0 l&#8217;eau<\/th>\n<td data-v-434880a2=\"\">10 ATM<\/td>\n<\/tr>\n<tr data-v-434880a2=\"\">\n<th scope=\"row\" data-v-434880a2=\"\">cadran<\/th>\n<td data-v-434880a2=\"\">Cadran laqu\u00e9 noir avec trois compteurs color\u00e9s<\/td>\n<\/tr>\n<\/tbody>\n<\/table>\n<table aria-describedby=\"Tabella: Funzioni\" data-v-434880a2=\"\">\n<tbody>\n<tr data-v-434880a2=\"\">\n<td scope=\"row\" data-v-434880a2=\"\">Chronographe au 1\/10e de seconde : &#8211; Aiguille centrale du chronographe effectuant un tour en 10 secondes &#8211; Compteur 60 minutes \u00e0 6 heures &#8211; Compteur 60 secondes \u00e0 3 heures<\/td>\n<\/tr>\n<tr data-v-434880a2=\"\">\n<td scope=\"row\" data-v-434880a2=\"\">Heures et minutes au centre Petite seconde \u00e0 9 heures<\/td>\n<\/tr>\n<\/tbody>\n<\/table>\n<table aria-describedby=\"Tabella: Movimento\" data-v-434880a2=\"\">\n<tbody>\n<tr data-v-434880a2=\"\">\n<th scope=\"row\" data-v-434880a2=\"\">mouvement<\/th>\n<td data-v-434880a2=\"\">El Primero<\/td>\n<\/tr>\n<tr data-v-434880a2=\"\">\n<th scope=\"row\" data-v-434880a2=\"\">composants<\/th>\n<td data-v-434880a2=\"\">311<\/td>\n<\/tr>\n<tr data-v-434880a2=\"\">\n<th scope=\"row\" data-v-434880a2=\"\">fr\u00e9quence<\/th>\n<td data-v-434880a2=\"\">36 000 alt\/heure (5 Hz)<\/td>\n<\/tr>\n<tr data-v-434880a2=\"\">\n<th scope=\"row\" data-v-434880a2=\"\">r\u00e9serve de marche<\/th>\n<td data-v-434880a2=\"\">environ 60 heures<\/td>\n<\/tr>\n<\/tbody>\n<\/table>\n","protected":false},"excerpt":{"rendered":"<p>Zenith Chronomaster sport ref. 03.3100.3600\/21.C822 Le CHRONOMASTER Sport, avec son bo\u00eetier moderne de 41 mm, combine des \u00e9l\u00e9ments d&#8217;anciens chronographes ZENITH, tels que le cadran tricolore, les boutons de pompe et le bracelet en acier, avec une lunette en c\u00e9ramique noire. Anim\u00e9 par le mouvement chronographe automatique El Primero 3600, pr\u00e9cis au 1\/10e de seconde, [&hellip;]<\/p>\n","protected":false},"featured_media":65764,"template":"","meta":{"_crdt_document":"","advanced_seo_description":"","jetpack_seo_html_title":"","jetpack_seo_noindex":false},"product_brand":[],"product_cat":[1924],"product_tag":[1401],"berocket_brand":[],"woo-feed-brand":[],"class_list":{"0":"post-75089","1":"product","2":"type-product","3":"status-publish","4":"has-post-thumbnail","6":"product_cat-zenith","7":"product_tag-chronomaster","9":"first","10":"instock","11":"sale","12":"taxable","13":"shipping-taxable","14":"purchasable","15":"product-type-simple"},"bundled_by":[],"bundle_stock_status":"instock","bundle_stock_quantity":1,"bundle_virtual":false,"bundle_layout":"","bundle_add_to_cart_form_location":"","bundle_editable_in_cart":false,"bundle_sold_individually_context":"","bundle_item_grouping":"","bundle_min_size":"","bundle_max_size":"","bundle_price":[],"bundled_items":[],"bundle_sell_ids":[],"group_of_quantity":0,"min_quantity":0,"max_quantity":"","exclude_order_quantity_value_rules":"no","exclude_category_quantity_rules":"no","combine_variations":"no","exclude_global_add_ons":[],"addons":[],"jetpack_sharing_enabled":true,"jetpack_likes_enabled":true,"_links":{"self":[{"href":"https:\/\/watchdeluxe.it\/fr\/wp-json\/wp\/v2\/product\/75089","targetHints":{"allow":["GET"]}}],"collection":[{"href":"https:\/\/watchdeluxe.it\/fr\/wp-json\/wp\/v2\/product"}],"about":[{"href":"https:\/\/watchdeluxe.it\/fr\/wp-json\/wp\/v2\/types\/product"}],"wp:featuredmedia":[{"embeddable":true,"href":"https:\/\/watchdeluxe.it\/fr\/wp-json\/wp\/v2\/media\/65764"}],"wp:attachment":[{"href":"https:\/\/watchdeluxe.it\/fr\/wp-json\/wp\/v2\/media?parent=75089"}],"wp:term":[{"taxonomy":"product_brand","embeddable":true,"href":"https:\/\/watchdeluxe.it\/fr\/wp-json\/wp\/v2\/product_brand?post=75089"},{"taxonomy":"product_cat","embeddable":true,"href":"https:\/\/watchdeluxe.it\/fr\/wp-json\/wp\/v2\/product_cat?post=75089"},{"taxonomy":"product_tag","embeddable":true,"href":"https:\/\/watchdeluxe.it\/fr\/wp-json\/wp\/v2\/product_tag?post=75089"},{"taxonomy":"berocket_brand","embeddable":true,"href":"https:\/\/watchdeluxe.it\/fr\/wp-json\/wp\/v2\/berocket_brand?post=75089"},{"taxonomy":"woo-feed-brand","embeddable":true,"href":"https:\/\/watchdeluxe.it\/fr\/wp-json\/wp\/v2\/woo-feed-brand?post=75089"}],"curies":[{"name":"wp","href":"https:\/\/api.w.org\/{rel}","templated":true}]}}