{"id":75054,"date":"2023-03-17T18:55:31","date_gmt":"2023-03-17T17:55:31","guid":{"rendered":"https:\/\/watchdeluxe.it\/prodotto\/hublot-square-bang-unico-titanium-ceramic-42-mm-ref-821-nm-0170-rx\/"},"modified":"2026-04-02T16:50:39","modified_gmt":"2026-04-02T14:50:39","slug":"hublot-square-bang-unico-titanium-ceramic-42-mm-ref-821-nm-0170-rx-2","status":"publish","type":"product","link":"https:\/\/watchdeluxe.it\/fr\/prodotto\/hublot-square-bang-unico-titanium-ceramic-42-mm-ref-821-nm-0170-rx-2\/","title":{"rendered":"Hublot Square Bang Unico Titanium Ceramic 42 Mm Ref. 821.Nm.0170.Rx"},"content":{"rendered":"<p>Hublot Square Bang Unico Titanium Ceramic 42 Mm Ref. 821.Nm.0170.Rx<\/p>\n<table class=\"data-table\">\n<tbody>\n<tr class=\"odd\">\n<td class=\"spec-name\">Marque<\/td>\n<td class=\"spec-value\">Hublot<\/td>\n<\/tr>\n<tr class=\"even\">\n<td class=\"spec-name\">Ligne<\/td>\n<td class=\"spec-value\">SQUARE BANG<\/td>\n<\/tr>\n<tr class=\"odd\">\n<td class=\"spec-name\">Complications<\/td>\n<td class=\"spec-value\">CHRONOGRAPHIE<\/td>\n<\/tr>\n<tr class=\"even\">\n<td class=\"spec-name\">Mouvement<\/td>\n<td class=\"spec-value\">AUTOMATIQUE<\/td>\n<\/tr>\n<tr class=\"odd\">\n<td class=\"spec-name\">Dateur<\/td>\n<td class=\"spec-value\">DATE<\/td>\n<\/tr>\n<tr class=\"even\">\n<td class=\"spec-name\">Forme<\/td>\n<td class=\"spec-value\">FORME<\/td>\n<\/tr>\n<tr class=\"odd\">\n<td class=\"spec-name\">Taille<\/td>\n<td class=\"spec-value\">42 MM<\/td>\n<\/tr>\n<tr class=\"even\">\n<td class=\"spec-name\">Mat\u00e9riau du bo\u00eetier<\/td>\n<td class=\"spec-value\">Titane et c\u00e9ramique<\/td>\n<\/tr>\n<tr class=\"odd\">\n<td class=\"spec-name\">Cadran<\/td>\n<td class=\"spec-value\">VERRE SAPPHIRE<\/td>\n<\/tr>\n<tr class=\"even\">\n<td class=\"spec-name\">Sangle<\/td>\n<td class=\"spec-value\">CAUCCIU<\/td>\n<\/tr>\n<tr class=\"odd\">\n<td class=\"spec-name\">R\u00e9sistance \u00e0 l&#8217;eau<\/td>\n<td class=\"spec-value\">100 M<\/td>\n<\/tr>\n<\/tbody>\n<\/table>\n","protected":false},"excerpt":{"rendered":"<p>Hublot Square Bang Unico Titanium Ceramic 42 Mm Ref. 821.Nm.0170.Rx Marque Hublot Ligne SQUARE BANG Complications CHRONOGRAPHIE Mouvement AUTOMATIQUE Dateur DATE Forme FORME Taille 42 MM Mat\u00e9riau du bo\u00eetier Titane et c\u00e9ramique Cadran VERRE SAPPHIRE Sangle CAUCCIU R\u00e9sistance \u00e0 l&#8217;eau 100 M<\/p>\n","protected":false},"featured_media":138205,"template":"","meta":{"_crdt_document":"","advanced_seo_description":"","jetpack_seo_html_title":"","jetpack_seo_noindex":false},"product_brand":[],"product_cat":[2223],"product_tag":[],"berocket_brand":[],"woo-feed-brand":[],"class_list":{"0":"post-75054","1":"product","2":"type-product","3":"status-publish","4":"has-post-thumbnail","6":"product_cat-hublot-fr","8":"first","9":"instock","10":"sale","11":"taxable","12":"shipping-taxable","13":"purchasable","14":"product-type-simple"},"bundled_by":[],"bundle_stock_status":"instock","bundle_stock_quantity":1,"bundle_virtual":false,"bundle_layout":"","bundle_add_to_cart_form_location":"","bundle_editable_in_cart":false,"bundle_sold_individually_context":"","bundle_item_grouping":"","bundle_min_size":"","bundle_max_size":"","bundle_price":[],"bundled_items":[],"bundle_sell_ids":[],"group_of_quantity":0,"min_quantity":0,"max_quantity":"","exclude_order_quantity_value_rules":"no","exclude_category_quantity_rules":"no","combine_variations":"no","jetpack_sharing_enabled":true,"jetpack_likes_enabled":true,"_links":{"self":[{"href":"https:\/\/watchdeluxe.it\/fr\/wp-json\/wp\/v2\/product\/75054","targetHints":{"allow":["GET"]}}],"collection":[{"href":"https:\/\/watchdeluxe.it\/fr\/wp-json\/wp\/v2\/product"}],"about":[{"href":"https:\/\/watchdeluxe.it\/fr\/wp-json\/wp\/v2\/types\/product"}],"wp:featuredmedia":[{"embeddable":true,"href":"https:\/\/watchdeluxe.it\/fr\/wp-json\/wp\/v2\/media\/138205"}],"wp:attachment":[{"href":"https:\/\/watchdeluxe.it\/fr\/wp-json\/wp\/v2\/media?parent=75054"}],"wp:term":[{"taxonomy":"product_brand","embeddable":true,"href":"https:\/\/watchdeluxe.it\/fr\/wp-json\/wp\/v2\/product_brand?post=75054"},{"taxonomy":"product_cat","embeddable":true,"href":"https:\/\/watchdeluxe.it\/fr\/wp-json\/wp\/v2\/product_cat?post=75054"},{"taxonomy":"product_tag","embeddable":true,"href":"https:\/\/watchdeluxe.it\/fr\/wp-json\/wp\/v2\/product_tag?post=75054"},{"taxonomy":"berocket_brand","embeddable":true,"href":"https:\/\/watchdeluxe.it\/fr\/wp-json\/wp\/v2\/berocket_brand?post=75054"},{"taxonomy":"woo-feed-brand","embeddable":true,"href":"https:\/\/watchdeluxe.it\/fr\/wp-json\/wp\/v2\/woo-feed-brand?post=75054"}],"curies":[{"name":"wp","href":"https:\/\/api.w.org\/{rel}","templated":true}]}}