{"id":74918,"date":"2023-03-17T18:57:41","date_gmt":"2023-03-17T17:57:41","guid":{"rendered":"https:\/\/watchdeluxe.it\/prodotto\/tag-heuer-carrera-skeleton-chrono-ref-cbg2a1z-ba0658\/"},"modified":"2026-04-10T16:39:22","modified_gmt":"2026-04-10T14:39:22","slug":"tag-heuer-chrono-skeleton-ref-cbg2a1z-ba0658","status":"publish","type":"product","link":"https:\/\/watchdeluxe.it\/fr\/prodotto\/tag-heuer-chrono-skeleton-ref-cbg2a1z-ba0658\/","title":{"rendered":"Tag Heuer Carrera Chronographe Squelette r\u00e9f. CBG2A1Z.BA0658"},"content":{"rendered":"<p>Tag Heuer carrera skeleton chrono ref. CBG2A1Z.BA0658<\/p>\n<div id=\"headingcase\" class=\"card-header\">\n<h3 class=\"mb-0\"><span class=\"spec-title\">Taille <\/span> <span class=\"spec-value\"> 45 mm <\/span> <\/h3>\n<\/div>\n<div id=\"collapsecase\" class=\"collapse show\" data-parent=\"#tech-accordion\" aria-labelledby=\"headingcase\">\n<div class=\"card-body\">\n<div class=\"row\">\n<div class=\"col-12 col-lg-6\">\n<p> <span class=\"spec-title\"> Epaisseur <\/span> <span class=\"spec-value\"> 16,64 mm <\/span> <\/p>\n<\/div>\n<div class=\"col-12 col-lg-6\">\n<p> <span class=\"spec-title\"> Distance entre les ergots <\/span> <span class=\"spec-value\"> 22,50 mm <\/span> <\/p>\n<\/div>\n<div class=\"col-12 col-lg-6\">\n<p> <span class=\"spec-title\"> R\u00e9sistance \u00e0 l&#8217;eau <\/span> <span class=\"spec-value\"> 100 m <\/span> <\/p>\n<div class=\"card\">\n<div id=\"headingmovement\" class=\"card-header\">\n<h3 class=\"mb-0\"><span class=\"spec-title\">Calibre <\/span> <span class=\"spec-value\"> Calibre HEUER02 Automatique <\/span> <\/h3>\n<\/div>\n<div id=\"collapsemovement\" class=\"collapse show\" data-parent=\"#tech-accordion\" aria-labelledby=\"headingmovement\">\n<div class=\"card-body\">\n<div class=\"row\">\n<div class=\"col-12 col-lg-6\">\n<p> <span class=\"spec-title\"> R\u00e9serve de marche (heures) <\/span> <span class=\"spec-value\"> 80 <\/span> <\/p>\n<\/div>\n<div class=\"col-12 col-lg-6\">\n<p> <span class=\"spec-title\"> Fr\u00e9quence de la bascule <\/span> <span class=\"spec-value\"> 28&#8217;800 (4 Hz) <\/span> <\/p>\n<\/div>\n<div class=\"col-12 col-lg-6\">\n<p> <span class=\"spec-title\"> Fonctions <\/span> <span class=\"spec-value\"> Heures, minutes, chronographe : 1\/4 de seconde, compteur 30 minutes, compteur 12 heures, date <\/span> <\/p>\n<\/div>\n<\/div>\n<\/div>\n<\/div>\n<\/div>\n<\/div>\n<\/div>\n<\/div>\n<\/div>\n","protected":false},"excerpt":{"rendered":"<p>Tag Heuer carrera skeleton chrono ref. CBG2A1Z.BA0658 Taille 45 mm Epaisseur 16,64 mm Distance entre les ergots 22,50 mm R\u00e9sistance \u00e0 l&#8217;eau 100 m Calibre Calibre HEUER02 Automatique R\u00e9serve de marche (heures) 80 Fr\u00e9quence de la bascule 28&#8217;800 (4 Hz) Fonctions Heures, minutes, chronographe : 1\/4 de seconde, compteur 30 minutes, compteur 12 heures, date<\/p>\n","protected":false},"featured_media":146655,"template":"","meta":{"_crdt_document":"","advanced_seo_description":"","jetpack_seo_html_title":"","jetpack_seo_noindex":false,"jetpack_post_was_ever_published":false},"product_brand":[],"product_cat":[2243],"product_tag":[2362],"berocket_brand":[],"woo-feed-brand":[],"class_list":{"0":"post-74918","1":"product","2":"type-product","3":"status-publish","4":"has-post-thumbnail","6":"product_cat-tag-heuer-fr","7":"product_tag-carrera-fr","9":"first","10":"instock","11":"sale","12":"taxable","13":"shipping-taxable","14":"purchasable","15":"product-type-simple"},"bundled_by":[],"bundle_stock_status":"instock","bundle_stock_quantity":1,"bundle_virtual":false,"bundle_layout":"","bundle_add_to_cart_form_location":"","bundle_editable_in_cart":false,"bundle_sold_individually_context":"","bundle_item_grouping":"","bundle_min_size":"","bundle_max_size":"","bundle_price":[],"bundled_items":[],"bundle_sell_ids":[],"group_of_quantity":0,"min_quantity":0,"max_quantity":"","exclude_order_quantity_value_rules":"no","exclude_category_quantity_rules":"no","combine_variations":"no","exclude_global_add_ons":[],"addons":[],"jetpack_sharing_enabled":true,"jetpack_likes_enabled":true,"_links":{"self":[{"href":"https:\/\/watchdeluxe.it\/fr\/wp-json\/wp\/v2\/product\/74918","targetHints":{"allow":["GET"]}}],"collection":[{"href":"https:\/\/watchdeluxe.it\/fr\/wp-json\/wp\/v2\/product"}],"about":[{"href":"https:\/\/watchdeluxe.it\/fr\/wp-json\/wp\/v2\/types\/product"}],"wp:featuredmedia":[{"embeddable":true,"href":"https:\/\/watchdeluxe.it\/fr\/wp-json\/wp\/v2\/media\/146655"}],"wp:attachment":[{"href":"https:\/\/watchdeluxe.it\/fr\/wp-json\/wp\/v2\/media?parent=74918"}],"wp:term":[{"taxonomy":"product_brand","embeddable":true,"href":"https:\/\/watchdeluxe.it\/fr\/wp-json\/wp\/v2\/product_brand?post=74918"},{"taxonomy":"product_cat","embeddable":true,"href":"https:\/\/watchdeluxe.it\/fr\/wp-json\/wp\/v2\/product_cat?post=74918"},{"taxonomy":"product_tag","embeddable":true,"href":"https:\/\/watchdeluxe.it\/fr\/wp-json\/wp\/v2\/product_tag?post=74918"},{"taxonomy":"berocket_brand","embeddable":true,"href":"https:\/\/watchdeluxe.it\/fr\/wp-json\/wp\/v2\/berocket_brand?post=74918"},{"taxonomy":"woo-feed-brand","embeddable":true,"href":"https:\/\/watchdeluxe.it\/fr\/wp-json\/wp\/v2\/woo-feed-brand?post=74918"}],"curies":[{"name":"wp","href":"https:\/\/api.w.org\/{rel}","templated":true}]}}