{"id":74738,"date":"2023-03-17T19:06:17","date_gmt":"2023-03-17T18:06:17","guid":{"rendered":"https:\/\/watchdeluxe.it\/prodotto\/maurice-lacroix-aikon-automatic-blue-ai6007-ss002-430-1\/"},"modified":"2026-04-07T12:02:49","modified_gmt":"2026-04-07T10:02:49","slug":"maurice-lacroix-aikon-automatic-blue-ai6007-ss002-430-1","status":"publish","type":"product","link":"https:\/\/watchdeluxe.it\/fr\/prodotto\/maurice-lacroix-aikon-automatic-blue-ai6007-ss002-430-1\/","title":{"rendered":"Maurice Lacroix Aikon Automatic blue AI6007-SS002-430-1"},"content":{"rendered":"<div>\n<p>Maurice Lacroix Aikon Automatic blue AI6007-SS002-430-1<br \/>\nMat\u00e9riau du bo\u00eetier en acier inoxydable<br \/>\nForme du bo\u00eetier Rond<br \/>\nDiam\u00e8tre (sans couronne) en mm 39<br \/>\nMat\u00e9riau du bracelet Acier inoxydable<br \/>\nVerre Saphir<br \/>\nAffichage Type automatique : heures, minutes, secondes<\/p>\n<\/div>\n<ul>\n<li>Cas<\/li>\n<li>&#8211; Bo\u00eetier en : Acier inoxydable<\/li>\n<li>&#8211; Forme du bo\u00eetier : circulaire<\/li>\n<li>&#8211; Couleur du bo\u00eetier : argent<\/li>\n<li>&#8211; Verre : verre saphir<\/li>\n<\/ul>\n","protected":false},"excerpt":{"rendered":"<p>Maurice Lacroix Aikon Automatic blue AI6007-SS002-430-1 Mat\u00e9riau du bo\u00eetier en acier inoxydable Forme du bo\u00eetier Rond Diam\u00e8tre (sans couronne) en mm 39 Mat\u00e9riau du bracelet Acier inoxydable Verre Saphir Affichage Type automatique : heures, minutes, secondes Cas &#8211; Bo\u00eetier en : Acier inoxydable &#8211; Forme du bo\u00eetier : circulaire &#8211; Couleur du bo\u00eetier : argent [&hellip;]<\/p>\n","protected":false},"featured_media":19789,"template":"","meta":{"_crdt_document":"","advanced_seo_description":"","jetpack_seo_html_title":"","jetpack_seo_noindex":false,"jetpack_post_was_ever_published":false},"product_brand":[],"product_cat":[2387],"product_tag":[2388],"berocket_brand":[],"woo-feed-brand":[],"class_list":{"0":"post-74738","1":"product","2":"type-product","3":"status-publish","4":"has-post-thumbnail","6":"product_cat-maurice-lacroix-fr","7":"product_tag-aikon-fr","9":"first","10":"instock","11":"sale","12":"taxable","13":"shipping-taxable","14":"purchasable","15":"product-type-simple"},"bundled_by":[],"bundle_stock_status":"instock","bundle_stock_quantity":1,"bundle_virtual":false,"bundle_layout":"","bundle_add_to_cart_form_location":"","bundle_editable_in_cart":false,"bundle_sold_individually_context":"","bundle_item_grouping":"","bundle_min_size":"","bundle_max_size":"","bundle_price":[],"bundled_items":[],"bundle_sell_ids":[],"group_of_quantity":0,"min_quantity":0,"max_quantity":"","exclude_order_quantity_value_rules":"no","exclude_category_quantity_rules":"no","combine_variations":"no","exclude_global_add_ons":[],"addons":[],"jetpack_sharing_enabled":true,"jetpack_likes_enabled":true,"_links":{"self":[{"href":"https:\/\/watchdeluxe.it\/fr\/wp-json\/wp\/v2\/product\/74738","targetHints":{"allow":["GET"]}}],"collection":[{"href":"https:\/\/watchdeluxe.it\/fr\/wp-json\/wp\/v2\/product"}],"about":[{"href":"https:\/\/watchdeluxe.it\/fr\/wp-json\/wp\/v2\/types\/product"}],"wp:featuredmedia":[{"embeddable":true,"href":"https:\/\/watchdeluxe.it\/fr\/wp-json\/wp\/v2\/media\/19789"}],"wp:attachment":[{"href":"https:\/\/watchdeluxe.it\/fr\/wp-json\/wp\/v2\/media?parent=74738"}],"wp:term":[{"taxonomy":"product_brand","embeddable":true,"href":"https:\/\/watchdeluxe.it\/fr\/wp-json\/wp\/v2\/product_brand?post=74738"},{"taxonomy":"product_cat","embeddable":true,"href":"https:\/\/watchdeluxe.it\/fr\/wp-json\/wp\/v2\/product_cat?post=74738"},{"taxonomy":"product_tag","embeddable":true,"href":"https:\/\/watchdeluxe.it\/fr\/wp-json\/wp\/v2\/product_tag?post=74738"},{"taxonomy":"berocket_brand","embeddable":true,"href":"https:\/\/watchdeluxe.it\/fr\/wp-json\/wp\/v2\/berocket_brand?post=74738"},{"taxonomy":"woo-feed-brand","embeddable":true,"href":"https:\/\/watchdeluxe.it\/fr\/wp-json\/wp\/v2\/woo-feed-brand?post=74738"}],"curies":[{"name":"wp","href":"https:\/\/api.w.org\/{rel}","templated":true}]}}