{"id":74713,"date":"2023-03-17T19:07:03","date_gmt":"2023-03-17T18:07:03","guid":{"rendered":"https:\/\/watchdeluxe.it\/prodotto\/longines-master-collection-l29094786\/"},"modified":"2026-04-02T12:03:39","modified_gmt":"2026-04-02T10:03:39","slug":"longines-master-collection-l29094786","status":"publish","type":"product","link":"https:\/\/watchdeluxe.it\/fr\/prodotto\/longines-master-collection-l29094786\/","title":{"rendered":"Longines Master Collection L29094786"},"content":{"rendered":"<p>Longines Master Collection L29094786<\/p>\n<p>CASH<br \/>\nForme : ronde<br \/>\nMat\u00e9riau : acier inoxydable<br \/>\nVerre : verre saphir inrayable<br \/>\nFond du bo\u00eetier : Fond en verre saphir transparent<br \/>\nDimensions : 40,00 mm<br \/>\nR\u00e9sistance \u00e0 l&#8217;eau : 3 ATM<br \/>\nCADRAN ET MAINS<br \/>\nCouleur : grains d&#8217;orge argent\u00e9s<br \/>\nIndex : Chiffres arabes peints<br \/>\nAiguilles : Aiguilles en acier bleut\u00e9<br \/>\nMOUVEMENT ET FONCTIONS<br \/>\nType de mouvement : Automatique<br \/>\nCalibre : L899<br \/>\nCalibre : Mouvement m\u00e9canique \u00e0 remontage automatique avec une fr\u00e9quence de 25 200 alternances par heure et une r\u00e9serve de marche de 64 heures.<br \/>\nFonction : heures, minutes, secondes, indicateur de phase de lune et indication de la date par une petite aiguille \u00e0 6 heures<br \/>\nBRACELET<br \/>\nMat\u00e9riau : acier inoxydable<br \/>\nBoucle : Avec boucle d\u00e9ployante \u00e0 triple s\u00e9curit\u00e9 et m\u00e9canisme d&#8217;ouverture \u00e0 poussoir<\/p>\n","protected":false},"excerpt":{"rendered":"<p>Longines Master Collection L29094786 CASH Forme : ronde Mat\u00e9riau : acier inoxydable Verre : verre saphir inrayable Fond du bo\u00eetier : Fond en verre saphir transparent Dimensions : 40,00 mm R\u00e9sistance \u00e0 l&#8217;eau : 3 ATM CADRAN ET MAINS Couleur : grains d&#8217;orge argent\u00e9s Index : Chiffres arabes peints Aiguilles : Aiguilles en acier bleut\u00e9 [&hellip;]<\/p>\n","protected":false},"featured_media":158015,"template":"","meta":{"_crdt_document":"","advanced_seo_description":"","jetpack_seo_html_title":"","jetpack_seo_noindex":false},"product_brand":[],"product_cat":[2188],"product_tag":[2983,2842],"berocket_brand":[],"woo-feed-brand":[],"class_list":{"0":"post-74713","1":"product","2":"type-product","3":"status-publish","4":"has-post-thumbnail","6":"product_cat-longines-fr","7":"product_tag-hydroconquest-fr","8":"product_tag-quartz-fr","10":"first","11":"instock","12":"sale","13":"taxable","14":"shipping-taxable","15":"purchasable","16":"product-type-simple"},"bundled_by":[],"bundle_stock_status":"instock","bundle_stock_quantity":1,"bundle_virtual":false,"bundle_layout":"","bundle_add_to_cart_form_location":"","bundle_editable_in_cart":false,"bundle_sold_individually_context":"","bundle_item_grouping":"","bundle_min_size":"","bundle_max_size":"","bundle_price":[],"bundled_items":[],"bundle_sell_ids":[],"group_of_quantity":0,"min_quantity":0,"max_quantity":"","exclude_order_quantity_value_rules":"no","exclude_category_quantity_rules":"no","combine_variations":"no","exclude_global_add_ons":[],"addons":[],"jetpack_sharing_enabled":true,"jetpack_likes_enabled":true,"_links":{"self":[{"href":"https:\/\/watchdeluxe.it\/fr\/wp-json\/wp\/v2\/product\/74713","targetHints":{"allow":["GET"]}}],"collection":[{"href":"https:\/\/watchdeluxe.it\/fr\/wp-json\/wp\/v2\/product"}],"about":[{"href":"https:\/\/watchdeluxe.it\/fr\/wp-json\/wp\/v2\/types\/product"}],"wp:featuredmedia":[{"embeddable":true,"href":"https:\/\/watchdeluxe.it\/fr\/wp-json\/wp\/v2\/media\/158015"}],"wp:attachment":[{"href":"https:\/\/watchdeluxe.it\/fr\/wp-json\/wp\/v2\/media?parent=74713"}],"wp:term":[{"taxonomy":"product_brand","embeddable":true,"href":"https:\/\/watchdeluxe.it\/fr\/wp-json\/wp\/v2\/product_brand?post=74713"},{"taxonomy":"product_cat","embeddable":true,"href":"https:\/\/watchdeluxe.it\/fr\/wp-json\/wp\/v2\/product_cat?post=74713"},{"taxonomy":"product_tag","embeddable":true,"href":"https:\/\/watchdeluxe.it\/fr\/wp-json\/wp\/v2\/product_tag?post=74713"},{"taxonomy":"berocket_brand","embeddable":true,"href":"https:\/\/watchdeluxe.it\/fr\/wp-json\/wp\/v2\/berocket_brand?post=74713"},{"taxonomy":"woo-feed-brand","embeddable":true,"href":"https:\/\/watchdeluxe.it\/fr\/wp-json\/wp\/v2\/woo-feed-brand?post=74713"}],"curies":[{"name":"wp","href":"https:\/\/api.w.org\/{rel}","templated":true}]}}