{"id":74652,"date":"2023-03-17T19:08:39","date_gmt":"2023-03-17T18:08:39","guid":{"rendered":"https:\/\/watchdeluxe.it\/prodotto\/longines-hydroconquest-chronograph-ref-l38834566\/"},"modified":"2026-04-02T12:02:20","modified_gmt":"2026-04-02T10:02:20","slug":"longines-hydroconquest-chronograph-ref-l38834566","status":"publish","type":"product","link":"https:\/\/watchdeluxe.it\/fr\/prodotto\/longines-hydroconquest-chronograph-ref-l38834566\/","title":{"rendered":"Longines Hydroconquest Chronographe r\u00e9f. L38834566"},"content":{"rendered":"<p><strong>Longines Hydroconquest Chronographe r\u00e9f. L38834566<\/strong><\/p>\n<table class=\"data-table\" data-mce-fragment=\"1\">\n<tbody data-mce-fragment=\"1\">\n<tr class=\"odd\" data-mce-fragment=\"1\">\n<td class=\"spec-name\" data-mce-fragment=\"1\">Marque<\/td>\n<td class=\"spec-value\" data-mce-fragment=\"1\">Longines<\/td>\n<\/tr>\n<tr class=\"even\" data-mce-fragment=\"1\">\n<td class=\"spec-name\" data-mce-fragment=\"1\">Ligne<\/td>\n<td class=\"spec-value\" data-mce-fragment=\"1\">HYDROCONQUEST<\/td>\n<\/tr>\n<tr class=\"odd\" data-mce-fragment=\"1\">\n<td class=\"spec-name\" data-mce-fragment=\"1\">Complications<\/td>\n<td class=\"spec-value\" data-mce-fragment=\"1\">CHRONOGRAPHIE<\/td>\n<\/tr>\n<tr class=\"even\" data-mce-fragment=\"1\">\n<td class=\"spec-name\" data-mce-fragment=\"1\">Mouvement<\/td>\n<td class=\"spec-value\" data-mce-fragment=\"1\">AUTOMATIQUE<\/td>\n<\/tr>\n<tr class=\"odd\" data-mce-fragment=\"1\">\n<td class=\"spec-name\" data-mce-fragment=\"1\">Dateur<\/td>\n<td class=\"spec-value\" data-mce-fragment=\"1\">DATE<\/td>\n<\/tr>\n<tr class=\"even\" data-mce-fragment=\"1\">\n<td class=\"spec-name\" data-mce-fragment=\"1\">Forme<\/td>\n<td class=\"spec-value\" data-mce-fragment=\"1\">ROND<\/td>\n<\/tr>\n<tr class=\"odd\" data-mce-fragment=\"1\">\n<td class=\"spec-name\" data-mce-fragment=\"1\">Taille<\/td>\n<td class=\"spec-value\" data-mce-fragment=\"1\">43 MM<\/td>\n<\/tr>\n<tr class=\"even\" data-mce-fragment=\"1\">\n<td class=\"spec-name\" data-mce-fragment=\"1\">Mat\u00e9riau<\/td>\n<td class=\"spec-value\" data-mce-fragment=\"1\">ACIER ET LUNETTE EN C\u00c9RAMIQUE<\/td>\n<\/tr>\n<tr class=\"odd\" data-mce-fragment=\"1\">\n<td class=\"spec-name\" data-mce-fragment=\"1\">Cadran<\/td>\n<td class=\"spec-value\" data-mce-fragment=\"1\">NOIR<\/td>\n<\/tr>\n<tr class=\"even\" data-mce-fragment=\"1\">\n<td class=\"spec-name\" data-mce-fragment=\"1\">Bracelet<\/td>\n<td class=\"spec-value\" data-mce-fragment=\"1\">ACIER<\/td>\n<\/tr>\n<tr class=\"odd\" data-mce-fragment=\"1\">\n<td class=\"spec-name\" data-mce-fragment=\"1\">\u00c9tanch\u00e9it\u00e9<\/td>\n<td class=\"spec-value\" data-mce-fragment=\"1\">300 M<\/td>\n<\/tr>\n<\/tbody>\n<\/table>\n<p>&nbsp;<\/p>\n","protected":false},"excerpt":{"rendered":"<p>Longines Hydroconquest Chronographe r\u00e9f. L38834566 Marque Longines Ligne HYDROCONQUEST Complications CHRONOGRAPHIE Mouvement AUTOMATIQUE Dateur DATE Forme ROND Taille 43 MM Mat\u00e9riau ACIER ET LUNETTE EN C\u00c9RAMIQUE Cadran NOIR Bracelet ACIER \u00c9tanch\u00e9it\u00e9 300 M &nbsp;<\/p>\n","protected":false},"featured_media":20184,"template":"","meta":{"_crdt_document":"","advanced_seo_description":"","jetpack_seo_html_title":"","jetpack_seo_noindex":false,"jetpack_post_was_ever_published":false},"product_brand":[],"product_cat":[2188],"product_tag":[2983,2842],"berocket_brand":[],"woo-feed-brand":[],"class_list":{"0":"post-74652","1":"product","2":"type-product","3":"status-publish","4":"has-post-thumbnail","6":"product_cat-longines-fr","7":"product_tag-hydroconquest-fr","8":"product_tag-quartz-fr","10":"first","11":"instock","12":"sale","13":"taxable","14":"shipping-taxable","15":"purchasable","16":"product-type-simple"},"bundled_by":[],"bundle_stock_status":"instock","bundle_stock_quantity":1,"bundle_virtual":false,"bundle_layout":"","bundle_add_to_cart_form_location":"","bundle_editable_in_cart":false,"bundle_sold_individually_context":"","bundle_item_grouping":"","bundle_min_size":"","bundle_max_size":"","bundle_price":[],"bundled_items":[],"bundle_sell_ids":[],"group_of_quantity":0,"min_quantity":0,"max_quantity":"","exclude_order_quantity_value_rules":"no","exclude_category_quantity_rules":"no","combine_variations":"no","exclude_global_add_ons":[],"addons":[],"jetpack_sharing_enabled":true,"jetpack_likes_enabled":true,"_links":{"self":[{"href":"https:\/\/watchdeluxe.it\/fr\/wp-json\/wp\/v2\/product\/74652","targetHints":{"allow":["GET"]}}],"collection":[{"href":"https:\/\/watchdeluxe.it\/fr\/wp-json\/wp\/v2\/product"}],"about":[{"href":"https:\/\/watchdeluxe.it\/fr\/wp-json\/wp\/v2\/types\/product"}],"wp:featuredmedia":[{"embeddable":true,"href":"https:\/\/watchdeluxe.it\/fr\/wp-json\/wp\/v2\/media\/20184"}],"wp:attachment":[{"href":"https:\/\/watchdeluxe.it\/fr\/wp-json\/wp\/v2\/media?parent=74652"}],"wp:term":[{"taxonomy":"product_brand","embeddable":true,"href":"https:\/\/watchdeluxe.it\/fr\/wp-json\/wp\/v2\/product_brand?post=74652"},{"taxonomy":"product_cat","embeddable":true,"href":"https:\/\/watchdeluxe.it\/fr\/wp-json\/wp\/v2\/product_cat?post=74652"},{"taxonomy":"product_tag","embeddable":true,"href":"https:\/\/watchdeluxe.it\/fr\/wp-json\/wp\/v2\/product_tag?post=74652"},{"taxonomy":"berocket_brand","embeddable":true,"href":"https:\/\/watchdeluxe.it\/fr\/wp-json\/wp\/v2\/berocket_brand?post=74652"},{"taxonomy":"woo-feed-brand","embeddable":true,"href":"https:\/\/watchdeluxe.it\/fr\/wp-json\/wp\/v2\/woo-feed-brand?post=74652"}],"curies":[{"name":"wp","href":"https:\/\/api.w.org\/{rel}","templated":true}]}}