{"id":74259,"date":"2023-03-17T19:16:56","date_gmt":"2023-03-17T18:16:56","guid":{"rendered":"https:\/\/watchdeluxe.it\/prodotto\/longines-elegant-white-automatic-dial-l49104126\/"},"modified":"2023-09-21T15:41:31","modified_gmt":"2023-09-21T13:41:31","slug":"longines-elegant-white-automatic-dial-l49104126","status":"publish","type":"product","link":"https:\/\/watchdeluxe.it\/fr\/prodotto\/longines-elegant-white-automatic-dial-l49104126\/","title":{"rendered":"Longines Elegant White Automatic Dial L49104126"},"content":{"rendered":"<div>\n<p>Bo\u00eetier en acier inoxydable. Bracelet en acier. Cadran blanc. Mouvement automatique. Date. R\u00e9sistant \u00e0 l&#8217;eau MT. Bo\u00eetier 39 mm.<\/p>\n<\/div>\n<ul>\n<li>Mouvement automatique \u00e0 remontage automatique &#8211; un choix respectueux de l&#8217;environnement pour les clients exigeants. Aliment\u00e9 par les mouvements quotidiens du bras<\/li>\n<li>Mouvement automatique avec affichage analogique et fen\u00eatre de cadran en cristal min\u00e9ral<\/li>\n<li>Bo\u00eetier et bracelet en acier inoxydable avec cadran blanc<\/li>\n<\/ul>\n","protected":false},"excerpt":{"rendered":"<p>Bo\u00eetier en acier inoxydable. Bracelet en acier. Cadran blanc. Mouvement automatique. Date. R\u00e9sistant \u00e0 l&#8217;eau MT. Bo\u00eetier 39 mm. Mouvement automatique \u00e0 remontage automatique &#8211; un choix respectueux de l&#8217;environnement pour les clients exigeants. Aliment\u00e9 par les mouvements quotidiens du bras Mouvement automatique avec affichage analogique et fen\u00eatre de cadran en cristal min\u00e9ral Bo\u00eetier et [&hellip;]<\/p>\n","protected":false},"featured_media":52698,"template":"","meta":{"_crdt_document":"","advanced_seo_description":"","jetpack_seo_html_title":"","jetpack_seo_noindex":false,"jetpack_post_was_ever_published":false},"product_brand":[2151],"product_cat":[2188],"product_tag":[2985,2983,2842],"berocket_brand":[],"woo-feed-brand":[],"class_list":{"0":"post-74259","1":"product","2":"type-product","3":"status-publish","4":"has-post-thumbnail","6":"product_brand-longines","7":"product_cat-longines-fr","8":"product_tag-elegant-fr","9":"product_tag-hydroconquest-fr","10":"product_tag-quartz-fr","12":"first","13":"instock","14":"sale","15":"taxable","16":"shipping-taxable","17":"purchasable","18":"product-type-simple"},"bundled_by":[],"bundle_stock_status":"instock","bundle_stock_quantity":1,"bundle_virtual":false,"bundle_layout":"","bundle_add_to_cart_form_location":"","bundle_editable_in_cart":false,"bundle_sold_individually_context":"","bundle_item_grouping":"","bundle_min_size":"","bundle_max_size":"","bundle_price":[],"bundled_items":[],"bundle_sell_ids":[],"group_of_quantity":0,"min_quantity":0,"max_quantity":"","exclude_order_quantity_value_rules":"no","exclude_category_quantity_rules":"no","combine_variations":"no","exclude_global_add_ons":[],"addons":[],"jetpack_sharing_enabled":true,"jetpack_likes_enabled":true,"_links":{"self":[{"href":"https:\/\/watchdeluxe.it\/fr\/wp-json\/wp\/v2\/product\/74259","targetHints":{"allow":["GET"]}}],"collection":[{"href":"https:\/\/watchdeluxe.it\/fr\/wp-json\/wp\/v2\/product"}],"about":[{"href":"https:\/\/watchdeluxe.it\/fr\/wp-json\/wp\/v2\/types\/product"}],"wp:featuredmedia":[{"embeddable":true,"href":"https:\/\/watchdeluxe.it\/fr\/wp-json\/wp\/v2\/media\/52698"}],"wp:attachment":[{"href":"https:\/\/watchdeluxe.it\/fr\/wp-json\/wp\/v2\/media?parent=74259"}],"wp:term":[{"taxonomy":"product_brand","embeddable":true,"href":"https:\/\/watchdeluxe.it\/fr\/wp-json\/wp\/v2\/product_brand?post=74259"},{"taxonomy":"product_cat","embeddable":true,"href":"https:\/\/watchdeluxe.it\/fr\/wp-json\/wp\/v2\/product_cat?post=74259"},{"taxonomy":"product_tag","embeddable":true,"href":"https:\/\/watchdeluxe.it\/fr\/wp-json\/wp\/v2\/product_tag?post=74259"},{"taxonomy":"berocket_brand","embeddable":true,"href":"https:\/\/watchdeluxe.it\/fr\/wp-json\/wp\/v2\/berocket_brand?post=74259"},{"taxonomy":"woo-feed-brand","embeddable":true,"href":"https:\/\/watchdeluxe.it\/fr\/wp-json\/wp\/v2\/woo-feed-brand?post=74259"}],"curies":[{"name":"wp","href":"https:\/\/api.w.org\/{rel}","templated":true}]}}