{"id":74198,"date":"2026-01-26T17:06:06","date_gmt":"2026-01-26T16:06:06","guid":{"rendered":"https:\/\/watchdeluxe.it\/prodotto\/oris-divers-sixty-five-ref-01-733-7707-4356-07-5-20-45\/"},"modified":"2026-01-26T17:06:09","modified_gmt":"2026-01-26T16:06:09","slug":"oris-divers-sixty-five-ref-01-733-7707-4356-07-5-20-45","status":"publish","type":"product","link":"https:\/\/watchdeluxe.it\/fr\/prodotto\/oris-divers-sixty-five-ref-01-733-7707-4356-07-5-20-45\/","title":{"rendered":"Oris Divers Sixty-Five ref. 01 733 7707 4356-07 5 20 45"},"content":{"rendered":"<ul>\n<li class=\"panel ng-scope\">Oris Divers Sixty-Five ref. 01 733 7707 4356-07 5 20 45<\/li>\n<li class=\"panel ng-scope\">\n    <\/li>\n<li class=\"panel ng-scope\">\n<div id=\"heading0\" class=\"accordion-button accordion-button-with-icon\" role=\"tab\"><a role=\"button\" aria-controls=\"collapse0\" aria-expanded=\"true\" data-target=\"#collapse0\" data-parent=\"#accordion\" data-toggle=\"collapse\"><strong class=\"ng-binding\">Bo\u00eetier<\/strong> <span class=\"watch-feature-text-big ng-binding\">Divers, 40.00 mm, 1.575 pouces, Bronze<\/span> <\/a><\/div>\n<div id=\"collapse0\" class=\"collapse in\" role=\"tabpanel\" aria-expanded=\"true\" aria-labelledby=\"heading0\">\n<ul>\n<li class=\"accordion-button is-child ng-scope\"><strong class=\"ng-binding\">Mat\u00e9riau<\/strong> <span class=\"watch-feature-text-big ng-binding\">Bo\u00eetier composite en bronze, \u00e9chelle des minutes en bronze sur l&#8217;anneau sup\u00e9rieur <\/span> <\/li>\n<li class=\"accordion-button is-child ng-scope\"><strong class=\"ng-binding\">Taille<\/strong> <span class=\"watch-feature-text-big ng-binding\">40,00 mm, 1,575 pouces<\/span><\/li>\n<li class=\"accordion-button is-child ng-scope\"><strong class=\"ng-binding\">Verre<\/strong> <span class=\"watch-feature-text-big ng-binding\">saphir, bomb\u00e9 des deux c\u00f4t\u00e9s, traitement antireflet \u00e0 l&#8217;int\u00e9rieur<\/span><\/li>\n<li class=\"accordion-button is-child ng-scope\"><strong class=\"ng-binding\">Dos<\/strong> <span class=\"watch-feature-text-big ng-binding\">Acier inoxydable, viss\u00e9, grav\u00e9<\/span><\/li>\n<li class=\"accordion-button is-child ng-scope\"><strong class=\"ng-binding\">Couronnes et boutons<\/strong> <span class=\"watch-feature-text-big ng-binding\">Couronne viss\u00e9e en acier inoxydable<\/span><\/li>\n<li class=\"accordion-button is-child ng-scope\"><strong class=\"ng-binding\">R\u00e9sistance \u00e0 l&#8217;eau<\/strong> <span class=\"watch-feature-text-big ng-binding\">10 bars<\/span><\/li>\n<li class=\"accordion-button is-child ng-scope\"><strong class=\"ng-binding\">Boucles<\/strong> <span class=\"watch-feature-text-big ng-binding\">20 mm<\/span><\/li>\n<\/ul>\n<\/div>\n<\/li>\n<li class=\"panel ng-scope\">\n<div id=\"heading1\" class=\"accordion-button accordion-button-with-icon\" role=\"tab\"><a class=\"collapsed\" role=\"button\" aria-controls=\"collapse1\" aria-expanded=\"false\" data-target=\"#collapse1\" data-parent=\"#accordion\" data-toggle=\"collapse\"> <strong class=\"ng-binding\">Mouvement<\/strong> <span class=\"watch-feature-text-big ng-binding\">Remontage automatique de la date<\/span> <\/a><\/div>\n<\/li>\n<li class=\"panel ng-scope\">\n<div id=\"heading2\" class=\"accordion-button accordion-button-with-icon\" role=\"tab\"><a class=\"collapsed\" role=\"button\" aria-controls=\"collapse2\" aria-expanded=\"false\" data-target=\"#collapse2\" data-parent=\"#accordion\" data-toggle=\"collapse\"> <strong class=\"ng-binding\">Cadran<\/strong> <span class=\"watch-feature-text-big ng-binding\">Marron<\/span> <\/a><\/div>\n<\/li>\n<li class=\"panel ng-scope\">\n<div id=\"heading3\" class=\"accordion-button accordion-button-with-icon\" role=\"tab\"><a class=\"collapsed\" role=\"button\" aria-controls=\"collapse3\" aria-expanded=\"false\" data-target=\"#collapse3\" data-parent=\"#accordion\" data-toggle=\"collapse\"> <strong class=\"ng-binding\">Bracelet<\/strong> <span class=\"watch-feature-text-big ng-binding\">Cuir<\/span> <\/a><\/div>\n<\/li>\n<\/ul>\n","protected":false},"excerpt":{"rendered":"<p>Oris Divers Sixty-Five ref. 01 733 7707 4356-07 5 20 45 Bo\u00eetier Divers, 40.00 mm, 1.575 pouces, Bronze Mat\u00e9riau Bo\u00eetier composite en bronze, \u00e9chelle des minutes en bronze sur l&#8217;anneau sup\u00e9rieur Taille 40,00 mm, 1,575 pouces Verre saphir, bomb\u00e9 des deux c\u00f4t\u00e9s, traitement antireflet \u00e0 l&#8217;int\u00e9rieur Dos Acier inoxydable, viss\u00e9, grav\u00e9 Couronnes et boutons Couronne [&hellip;]<\/p>\n","protected":false},"featured_media":59712,"template":"","meta":{"_crdt_document":"","advanced_seo_description":"","jetpack_seo_html_title":"","jetpack_seo_noindex":false},"product_brand":[],"product_cat":[1928],"product_tag":[1461],"berocket_brand":[],"woo-feed-brand":[],"class_list":{"0":"post-74198","1":"product","2":"type-product","3":"status-publish","4":"has-post-thumbnail","6":"product_cat-oris","7":"product_tag-divers","9":"first","10":"instock","11":"sale","12":"taxable","13":"shipping-taxable","14":"purchasable","15":"product-type-simple"},"bundled_by":[],"bundle_stock_status":"instock","bundle_stock_quantity":1,"bundle_virtual":false,"bundle_layout":"","bundle_add_to_cart_form_location":"","bundle_editable_in_cart":false,"bundle_sold_individually_context":"","bundle_item_grouping":"","bundle_min_size":"","bundle_max_size":"","bundle_price":[],"bundled_items":[],"bundle_sell_ids":[],"group_of_quantity":0,"min_quantity":0,"max_quantity":"","exclude_order_quantity_value_rules":"no","exclude_category_quantity_rules":"no","combine_variations":"no","jetpack_sharing_enabled":true,"jetpack_likes_enabled":true,"_links":{"self":[{"href":"https:\/\/watchdeluxe.it\/fr\/wp-json\/wp\/v2\/product\/74198","targetHints":{"allow":["GET"]}}],"collection":[{"href":"https:\/\/watchdeluxe.it\/fr\/wp-json\/wp\/v2\/product"}],"about":[{"href":"https:\/\/watchdeluxe.it\/fr\/wp-json\/wp\/v2\/types\/product"}],"wp:featuredmedia":[{"embeddable":true,"href":"https:\/\/watchdeluxe.it\/fr\/wp-json\/wp\/v2\/media\/59712"}],"wp:attachment":[{"href":"https:\/\/watchdeluxe.it\/fr\/wp-json\/wp\/v2\/media?parent=74198"}],"wp:term":[{"taxonomy":"product_brand","embeddable":true,"href":"https:\/\/watchdeluxe.it\/fr\/wp-json\/wp\/v2\/product_brand?post=74198"},{"taxonomy":"product_cat","embeddable":true,"href":"https:\/\/watchdeluxe.it\/fr\/wp-json\/wp\/v2\/product_cat?post=74198"},{"taxonomy":"product_tag","embeddable":true,"href":"https:\/\/watchdeluxe.it\/fr\/wp-json\/wp\/v2\/product_tag?post=74198"},{"taxonomy":"berocket_brand","embeddable":true,"href":"https:\/\/watchdeluxe.it\/fr\/wp-json\/wp\/v2\/berocket_brand?post=74198"},{"taxonomy":"woo-feed-brand","embeddable":true,"href":"https:\/\/watchdeluxe.it\/fr\/wp-json\/wp\/v2\/woo-feed-brand?post=74198"}],"curies":[{"name":"wp","href":"https:\/\/api.w.org\/{rel}","templated":true}]}}