{"id":74103,"date":"2023-03-17T19:10:39","date_gmt":"2023-03-17T18:10:39","guid":{"rendered":"https:\/\/watchdeluxe.it\/prodotto\/longines-conquest-40-mm-l27854766\/"},"modified":"2023-09-21T13:57:13","modified_gmt":"2023-09-21T11:57:13","slug":"longines-conquest-40-mm-l27854766","status":"publish","type":"product","link":"https:\/\/watchdeluxe.it\/fr\/prodotto\/longines-conquest-40-mm-l27854766\/","title":{"rendered":"LONGINES Conquest 40 mm L27854766"},"content":{"rendered":"<div>\n<p>Montre Longines Conquest Classic pour homme avec verre saphir et bracelet en acier, cadran en silberen. La montre de luxe est neuve et n&#8217;a jamais \u00e9t\u00e9 port\u00e9e.&lt;br\/&gt;D\u00e9tails :&lt;br\/&gt;Type : Montre homme | Bracelet : acier | cadran : argent | Etanche : 50 m | verre de montre : verre saphir | bo\u00eetier de montre : acier inoxydable | m\u00e9canisme : automatique | diam\u00e8tre : 40.00 mm | Calibre : L619 | r\u00e9serve : 42 H | date : oui |<\/p>\n<\/div>\n<ul>\n<li>La montre pour homme de la marque Longines avec bo\u00eetier en acier inoxydable vous permet de faire sensation dans toutes vos tenues.<\/li>\n<li>Montre automatique (analogique) avec bracelet en acier inoxydable et boucle d\u00e9ployante de s\u00e9curit\u00e9<\/li>\n<li>Forme du bo\u00eetier : rond, diam\u00e8tre d&#8217;environ 40 mm<\/li>\n<\/ul>\n","protected":false},"excerpt":{"rendered":"<p>Montre Longines Conquest Classic pour homme avec verre saphir et bracelet en acier, cadran en silberen. La montre de luxe est neuve et n&#8217;a jamais \u00e9t\u00e9 port\u00e9e.&lt;br\/&gt;D\u00e9tails :&lt;br\/&gt;Type : Montre homme | Bracelet : acier | cadran : argent | Etanche : 50 m | verre de montre : verre saphir | bo\u00eetier de montre [&hellip;]<\/p>\n","protected":false},"featured_media":55017,"template":"","meta":{"_crdt_document":"","advanced_seo_description":"","jetpack_seo_html_title":"","jetpack_seo_noindex":false,"jetpack_post_was_ever_published":false},"product_brand":[2151],"product_cat":[2191],"product_tag":[2404,2978,2833],"berocket_brand":[],"woo-feed-brand":[],"class_list":{"0":"post-74103","1":"product","2":"type-product","3":"status-publish","4":"has-post-thumbnail","6":"product_brand-longines","7":"product_cat-longines-en","8":"product_tag-conquest-en","9":"product_tag-hydroconquest-en","10":"product_tag-quartz-en","12":"first","13":"instock","14":"sale","15":"taxable","16":"shipping-taxable","17":"purchasable","18":"product-type-simple"},"bundled_by":[],"bundle_stock_status":"instock","bundle_stock_quantity":1,"bundle_virtual":false,"bundle_layout":"","bundle_add_to_cart_form_location":"","bundle_editable_in_cart":false,"bundle_sold_individually_context":"","bundle_item_grouping":"","bundle_min_size":"","bundle_max_size":"","bundle_price":[],"bundled_items":[],"bundle_sell_ids":[],"group_of_quantity":0,"min_quantity":0,"max_quantity":"","exclude_order_quantity_value_rules":"no","exclude_category_quantity_rules":"no","combine_variations":"no","exclude_global_add_ons":[],"addons":[],"jetpack_sharing_enabled":true,"jetpack_likes_enabled":true,"_links":{"self":[{"href":"https:\/\/watchdeluxe.it\/fr\/wp-json\/wp\/v2\/product\/74103","targetHints":{"allow":["GET"]}}],"collection":[{"href":"https:\/\/watchdeluxe.it\/fr\/wp-json\/wp\/v2\/product"}],"about":[{"href":"https:\/\/watchdeluxe.it\/fr\/wp-json\/wp\/v2\/types\/product"}],"wp:featuredmedia":[{"embeddable":true,"href":"https:\/\/watchdeluxe.it\/fr\/wp-json\/wp\/v2\/media\/55017"}],"wp:attachment":[{"href":"https:\/\/watchdeluxe.it\/fr\/wp-json\/wp\/v2\/media?parent=74103"}],"wp:term":[{"taxonomy":"product_brand","embeddable":true,"href":"https:\/\/watchdeluxe.it\/fr\/wp-json\/wp\/v2\/product_brand?post=74103"},{"taxonomy":"product_cat","embeddable":true,"href":"https:\/\/watchdeluxe.it\/fr\/wp-json\/wp\/v2\/product_cat?post=74103"},{"taxonomy":"product_tag","embeddable":true,"href":"https:\/\/watchdeluxe.it\/fr\/wp-json\/wp\/v2\/product_tag?post=74103"},{"taxonomy":"berocket_brand","embeddable":true,"href":"https:\/\/watchdeluxe.it\/fr\/wp-json\/wp\/v2\/berocket_brand?post=74103"},{"taxonomy":"woo-feed-brand","embeddable":true,"href":"https:\/\/watchdeluxe.it\/fr\/wp-json\/wp\/v2\/woo-feed-brand?post=74103"}],"curies":[{"name":"wp","href":"https:\/\/api.w.org\/{rel}","templated":true}]}}