{"id":74091,"date":"2023-03-17T19:10:39","date_gmt":"2023-03-17T18:10:39","guid":{"rendered":"https:\/\/watchdeluxe.it\/prodotto\/longines-conquest-quartz-argent-l37594766\/"},"modified":"2023-09-21T11:41:34","modified_gmt":"2023-09-21T09:41:34","slug":"longines-conquest-argento-al-quarzo-l37594766","status":"publish","type":"product","link":"https:\/\/watchdeluxe.it\/fr\/prodotto\/longines-conquest-argento-al-quarzo-l37594766\/","title":{"rendered":"Longines Conquest quartz argent L37594766"},"content":{"rendered":"<div>\n<p>Bo\u00eetier en acier inoxydable et bracelet en acier inoxydable. Lunette fixe en acier inoxydable. Cadran argent\u00e9 avec aiguilles et index argent\u00e9s. Les positions 6 et 12 sont marqu\u00e9es par des chiffres arabes. Indicateurs minute sur le pourtour ext\u00e9rieur. Type de cadran : analogique. Affichage de la date \u00e0 3 heures. Mouvement \u00e0 quartz Longines 157. Verre saphir inrayable. Couronne viss\u00e9e. Dos rigide. Taille du bo\u00eetier : 41 mm. Epaisseur du bo\u00eetier : 13 mm. Forme ronde du bo\u00eetier. Largeur du bracelet : 21 mm. Fermoir de distribution. R\u00e9sistant \u00e0 l&#8217;eau jusqu&#8217;\u00e0 300 m\u00e8tres. Fonctions : date, heure, minutes, secondes, sol. Montre de luxe. Label : Swiss Made. Longines Conquest L37594766 &#8211; Montre pour hommes en acier inoxydable avec cadran argent\u00e9<\/p>\n<\/div>\n<ul>\n<li>Mod\u00e8le L3.759.4.76.6<\/li>\n<\/ul>\n","protected":false},"excerpt":{"rendered":"<p>Bo\u00eetier en acier inoxydable et bracelet en acier inoxydable. Lunette fixe en acier inoxydable. Cadran argent\u00e9 avec aiguilles et index argent\u00e9s. Les positions 6 et 12 sont marqu\u00e9es par des chiffres arabes. Indicateurs minute sur le pourtour ext\u00e9rieur. Type de cadran : analogique. Affichage de la date \u00e0 3 heures. Mouvement \u00e0 quartz Longines 157. [&hellip;]<\/p>\n","protected":false},"featured_media":55034,"template":"","meta":{"_crdt_document":"","advanced_seo_description":"","jetpack_seo_html_title":"","jetpack_seo_noindex":false,"jetpack_post_was_ever_published":false},"product_brand":[2151],"product_cat":[2188],"product_tag":[2408,2983,2842],"berocket_brand":[],"woo-feed-brand":[],"class_list":{"0":"post-74091","1":"product","2":"type-product","3":"status-publish","4":"has-post-thumbnail","6":"product_brand-longines","7":"product_cat-longines-fr","8":"product_tag-conquete","9":"product_tag-hydroconquest-fr","10":"product_tag-quartz-fr","12":"first","13":"instock","14":"sale","15":"taxable","16":"shipping-taxable","17":"purchasable","18":"product-type-simple"},"bundled_by":[],"bundle_stock_status":"instock","bundle_stock_quantity":1,"bundle_virtual":false,"bundle_layout":"","bundle_add_to_cart_form_location":"","bundle_editable_in_cart":false,"bundle_sold_individually_context":"","bundle_item_grouping":"","bundle_min_size":"","bundle_max_size":"","bundle_price":[],"bundled_items":[],"bundle_sell_ids":[],"group_of_quantity":0,"min_quantity":0,"max_quantity":"","exclude_order_quantity_value_rules":"no","exclude_category_quantity_rules":"no","combine_variations":"no","exclude_global_add_ons":[],"addons":[],"jetpack_sharing_enabled":true,"jetpack_likes_enabled":true,"_links":{"self":[{"href":"https:\/\/watchdeluxe.it\/fr\/wp-json\/wp\/v2\/product\/74091","targetHints":{"allow":["GET"]}}],"collection":[{"href":"https:\/\/watchdeluxe.it\/fr\/wp-json\/wp\/v2\/product"}],"about":[{"href":"https:\/\/watchdeluxe.it\/fr\/wp-json\/wp\/v2\/types\/product"}],"wp:featuredmedia":[{"embeddable":true,"href":"https:\/\/watchdeluxe.it\/fr\/wp-json\/wp\/v2\/media\/55034"}],"wp:attachment":[{"href":"https:\/\/watchdeluxe.it\/fr\/wp-json\/wp\/v2\/media?parent=74091"}],"wp:term":[{"taxonomy":"product_brand","embeddable":true,"href":"https:\/\/watchdeluxe.it\/fr\/wp-json\/wp\/v2\/product_brand?post=74091"},{"taxonomy":"product_cat","embeddable":true,"href":"https:\/\/watchdeluxe.it\/fr\/wp-json\/wp\/v2\/product_cat?post=74091"},{"taxonomy":"product_tag","embeddable":true,"href":"https:\/\/watchdeluxe.it\/fr\/wp-json\/wp\/v2\/product_tag?post=74091"},{"taxonomy":"berocket_brand","embeddable":true,"href":"https:\/\/watchdeluxe.it\/fr\/wp-json\/wp\/v2\/berocket_brand?post=74091"},{"taxonomy":"woo-feed-brand","embeddable":true,"href":"https:\/\/watchdeluxe.it\/fr\/wp-json\/wp\/v2\/woo-feed-brand?post=74091"}],"curies":[{"name":"wp","href":"https:\/\/api.w.org\/{rel}","templated":true}]}}