{"id":73693,"date":"2025-11-05T15:51:58","date_gmt":"2025-11-05T14:51:58","guid":{"rendered":"https:\/\/watchdeluxe.it\/prodotto\/montblanc-mini-pochette-meisterstuck-ref-129903\/"},"modified":"2025-11-05T15:52:03","modified_gmt":"2025-11-05T14:52:03","slug":"montblanc-mini-pouch-meisterstuck-ref-129903","status":"publish","type":"product","link":"https:\/\/watchdeluxe.it\/fr\/prodotto\/montblanc-mini-pouch-meisterstuck-ref-129903\/","title":{"rendered":"Montblanc mini pochette Meisterstuck ref. 129903"},"content":{"rendered":"<p>Montblanc mini pochette Meisterstuck ref. 129903<\/p>\n<ul>\n<li>Fabriqu\u00e9 en <strong>cuir de veau pleine<\/strong> fleur naturellement brillant ;<\/li>\n<li>Tannage au chrome ;<\/li>\n<li>Teinture <strong>noire brillante<\/strong> \u00e0 c\u0153ur ;<\/li>\n<li>Doublure<strong> en tissu recycl\u00e9 \u00e9cologique<\/strong>;<\/li>\n<li>Embl\u00e8me Montblanc avec <strong>anneau en finition palladium<\/strong>;<\/li>\n<li>Deux anneaux en D pour fixer la bandouli\u00e8re (vendue s\u00e9par\u00e9ment) ;<\/li>\n<li>Fermeture par deux boutons pression ;<\/li>\n<li><strong>Dimensions<\/strong>: 22,5 x 4 x 12,5 cm<\/li>\n<\/ul>\n","protected":false},"excerpt":{"rendered":"<p>Montblanc mini pochette Meisterstuck ref. 129903 Fabriqu\u00e9 en cuir de veau pleine fleur naturellement brillant ; Tannage au chrome ; Teinture noire brillante \u00e0 c\u0153ur ; Doublure en tissu recycl\u00e9 \u00e9cologique; Embl\u00e8me Montblanc avec anneau en finition palladium; Deux anneaux en D pour fixer la bandouli\u00e8re (vendue s\u00e9par\u00e9ment) ; Fermeture par deux boutons pression ; [&hellip;]<\/p>\n","protected":false},"featured_media":60936,"template":"","meta":{"_crdt_document":"","advanced_seo_description":"","jetpack_seo_html_title":"","jetpack_seo_noindex":false},"product_brand":[],"product_cat":[1929],"product_tag":[1441,1445],"berocket_brand":[],"woo-feed-brand":[],"class_list":{"0":"post-73693","1":"product","2":"type-product","3":"status-publish","4":"has-post-thumbnail","6":"product_cat-montblanc","7":"product_tag-borsello","8":"product_tag-borse","10":"first","11":"instock","12":"sale","13":"taxable","14":"shipping-taxable","15":"purchasable","16":"product-type-simple"},"bundled_by":[],"bundle_stock_status":"instock","bundle_stock_quantity":1,"bundle_virtual":false,"bundle_layout":"","bundle_add_to_cart_form_location":"","bundle_editable_in_cart":false,"bundle_sold_individually_context":"","bundle_item_grouping":"","bundle_min_size":"","bundle_max_size":"","bundle_price":[],"bundled_items":[],"bundle_sell_ids":[],"group_of_quantity":0,"min_quantity":0,"max_quantity":"","exclude_order_quantity_value_rules":"no","exclude_category_quantity_rules":"no","combine_variations":"no","jetpack_sharing_enabled":true,"jetpack_likes_enabled":true,"_links":{"self":[{"href":"https:\/\/watchdeluxe.it\/fr\/wp-json\/wp\/v2\/product\/73693","targetHints":{"allow":["GET"]}}],"collection":[{"href":"https:\/\/watchdeluxe.it\/fr\/wp-json\/wp\/v2\/product"}],"about":[{"href":"https:\/\/watchdeluxe.it\/fr\/wp-json\/wp\/v2\/types\/product"}],"wp:featuredmedia":[{"embeddable":true,"href":"https:\/\/watchdeluxe.it\/fr\/wp-json\/wp\/v2\/media\/60936"}],"wp:attachment":[{"href":"https:\/\/watchdeluxe.it\/fr\/wp-json\/wp\/v2\/media?parent=73693"}],"wp:term":[{"taxonomy":"product_brand","embeddable":true,"href":"https:\/\/watchdeluxe.it\/fr\/wp-json\/wp\/v2\/product_brand?post=73693"},{"taxonomy":"product_cat","embeddable":true,"href":"https:\/\/watchdeluxe.it\/fr\/wp-json\/wp\/v2\/product_cat?post=73693"},{"taxonomy":"product_tag","embeddable":true,"href":"https:\/\/watchdeluxe.it\/fr\/wp-json\/wp\/v2\/product_tag?post=73693"},{"taxonomy":"berocket_brand","embeddable":true,"href":"https:\/\/watchdeluxe.it\/fr\/wp-json\/wp\/v2\/berocket_brand?post=73693"},{"taxonomy":"woo-feed-brand","embeddable":true,"href":"https:\/\/watchdeluxe.it\/fr\/wp-json\/wp\/v2\/woo-feed-brand?post=73693"}],"curies":[{"name":"wp","href":"https:\/\/api.w.org\/{rel}","templated":true}]}}