{"id":73619,"date":"2023-03-20T13:45:23","date_gmt":"2023-03-20T12:45:23","guid":{"rendered":"https:\/\/watchdeluxe.it\/prodotto\/montblanc-porte-cartes-de-credit-pour-homme-ref-118662\/"},"modified":"2026-04-08T18:23:57","modified_gmt":"2026-04-08T16:23:57","slug":"montblanc-credit-card-carrier-man-ref-118662","status":"publish","type":"product","link":"https:\/\/watchdeluxe.it\/fr\/prodotto\/montblanc-credit-card-carrier-man-ref-118662\/","title":{"rendered":"MONTBLANC PORTE-CARTES DE CR\u00c9DIT HOMME R\u00c9F. 118662"},"content":{"rendered":"<p>MONTBLANC PORTE-CARTES DE CR\u00c9DIT HOMME R\u00c9F. 118662<\/p>\n<div class=\"c-productinfo__page-content\">\n<h3>D\u00c9TAILS DU PRODUIT<\/h3>\n<div>\n<p>Collection : <strong>Westside<\/strong><br \/>\nMati\u00e8re : <strong>Cuir<\/strong><br \/>\nCouleur : <strong>Bleu<\/strong><\/p>\n<p>Porte-cartes de cr\u00e9dit, en cuir bleu, collection Westside, avec logo embl\u00e9matique en bas \u00e0 droite \u00e0 l\u2019ext\u00e9rieur et en bas \u00e0 gauche \u00e0 l\u2019int\u00e9rieur.<\/p>\n<\/div>\n<\/div>\n","protected":false},"excerpt":{"rendered":"<p>MONTBLANC PORTE-CARTES DE CR\u00c9DIT HOMME R\u00c9F. 118662 D\u00c9TAILS DU PRODUIT Collection : Westside Mati\u00e8re : Cuir Couleur : Bleu Porte-cartes de cr\u00e9dit, en cuir bleu, collection Westside, avec logo embl\u00e9matique en bas \u00e0 droite \u00e0 l\u2019ext\u00e9rieur et en bas \u00e0 gauche \u00e0 l\u2019int\u00e9rieur.<\/p>\n","protected":false},"featured_media":169950,"template":"","meta":{"_crdt_document":"","advanced_seo_description":"","jetpack_seo_html_title":"","jetpack_seo_noindex":false},"product_brand":[],"product_cat":[2241],"product_tag":[3170],"berocket_brand":[],"woo-feed-brand":[],"class_list":{"0":"post-73619","1":"product","2":"type-product","3":"status-publish","4":"has-post-thumbnail","6":"product_cat-montblanc-fr","7":"product_tag-accessoires","9":"first","10":"instock","11":"sale","12":"taxable","13":"shipping-taxable","14":"purchasable","15":"product-type-simple"},"bundled_by":[],"bundle_stock_status":"instock","bundle_stock_quantity":1,"bundle_virtual":false,"bundle_layout":"","bundle_add_to_cart_form_location":"","bundle_editable_in_cart":false,"bundle_sold_individually_context":"","bundle_item_grouping":"","bundle_min_size":"","bundle_max_size":"","bundle_price":[],"bundled_items":[],"bundle_sell_ids":[],"group_of_quantity":0,"min_quantity":0,"max_quantity":"","exclude_order_quantity_value_rules":"no","exclude_category_quantity_rules":"no","combine_variations":"no","jetpack_sharing_enabled":true,"jetpack_likes_enabled":true,"_links":{"self":[{"href":"https:\/\/watchdeluxe.it\/fr\/wp-json\/wp\/v2\/product\/73619","targetHints":{"allow":["GET"]}}],"collection":[{"href":"https:\/\/watchdeluxe.it\/fr\/wp-json\/wp\/v2\/product"}],"about":[{"href":"https:\/\/watchdeluxe.it\/fr\/wp-json\/wp\/v2\/types\/product"}],"wp:featuredmedia":[{"embeddable":true,"href":"https:\/\/watchdeluxe.it\/fr\/wp-json\/wp\/v2\/media\/169950"}],"wp:attachment":[{"href":"https:\/\/watchdeluxe.it\/fr\/wp-json\/wp\/v2\/media?parent=73619"}],"wp:term":[{"taxonomy":"product_brand","embeddable":true,"href":"https:\/\/watchdeluxe.it\/fr\/wp-json\/wp\/v2\/product_brand?post=73619"},{"taxonomy":"product_cat","embeddable":true,"href":"https:\/\/watchdeluxe.it\/fr\/wp-json\/wp\/v2\/product_cat?post=73619"},{"taxonomy":"product_tag","embeddable":true,"href":"https:\/\/watchdeluxe.it\/fr\/wp-json\/wp\/v2\/product_tag?post=73619"},{"taxonomy":"berocket_brand","embeddable":true,"href":"https:\/\/watchdeluxe.it\/fr\/wp-json\/wp\/v2\/berocket_brand?post=73619"},{"taxonomy":"woo-feed-brand","embeddable":true,"href":"https:\/\/watchdeluxe.it\/fr\/wp-json\/wp\/v2\/woo-feed-brand?post=73619"}],"curies":[{"name":"wp","href":"https:\/\/api.w.org\/{rel}","templated":true}]}}