{"id":73601,"date":"2023-03-20T13:45:25","date_gmt":"2023-03-20T12:45:25","guid":{"rendered":"https:\/\/watchdeluxe.it\/prodotto\/montblanc-hommes-4810-automatic-ref-114857\/"},"modified":"2026-04-06T05:50:55","modified_gmt":"2026-04-06T03:50:55","slug":"montblanc-uomo-4810-automatico-ref-114857","status":"publish","type":"product","link":"https:\/\/watchdeluxe.it\/fr\/prodotto\/montblanc-uomo-4810-automatico-ref-114857\/","title":{"rendered":"Montblanc Homme 4810 Automatique R\u00c9F. 114857"},"content":{"rendered":"<p>Montblanc Homme 4810 Automatique R\u00c9F. 114857<\/p>\n<p>genre masculin, mouvement automatique, \u00e9tanch\u00e9it\u00e9 5 atm, verre saphir, diam\u00e8tre 42, marque montblanc, collection 4810, boucle ardillon, mat\u00e9riau du bo\u00eetier acier inoxydable, \u00e9tat 0 (non port\u00e9), \u00e9paisseur 11.04, couleur du cadran argent, chiffres arabes, calibre mb 29.19, r\u00e9serve de marche 42h, fonctions de la montre date<\/p>\n<div class=\"col-12 col-md-6 pe-3 d-flex pb-1\"><span class=\"col-auto tag_name\">marque<\/span> <span class=\"col-auto tag_value\"><br \/>\n  <a href=\"https:\/\/www.corsovinci.com\/collections\/montblanc\/marchio-montblanc\"><br \/>\n    <i>Montblanc<\/i><br \/>\n  <\/a><br \/>\n<\/span><\/div>\n<div class=\"col-12 col-md-6 pe-3 d-flex pb-1\"><span class=\"col-auto tag_name\">collection<\/span> <span class=\"col-auto tag_value\"><br \/>\n  <a href=\"https:\/\/www.corsovinci.com\/collections\/montblanc\/collezione-4810\"><br \/>\n    <i>4810<\/i><br \/>\n  <\/a><br \/>\n<\/span><\/div>\n<div class=\"col-12 col-md-6 pe-3 d-flex pb-1\"><span class=\"col-auto tag_name\">cat\u00e9gorie<\/span> <span class=\"col-auto tag_value\"><br \/>\n  <a href=\"https:\/\/www.corsovinci.com\/collections\/montblanc\/categoria-orologeria\"><br \/>\n    <i>Horlogerie<\/i><br \/>\n  <\/a><br \/>\n<\/span><\/div>\n<div class=\"col-12 col-md-6 pe-3 d-flex pb-1\"><span class=\"col-auto tag_name\">sous-cat\u00e9gorie<\/span> <span class=\"col-auto tag_value\"><br \/>\n  <a href=\"https:\/\/www.corsovinci.com\/collections\/montblanc\/sottocategoria-orologeria\"><br \/>\n    <i>Horlogerie<\/i><br \/>\n  <\/a><br \/>\n<\/span><\/div>\n<div class=\"col-12 col-md-6 pe-3 d-flex pb-1\"><span class=\"col-auto tag_name\">mouvement<\/span> <span class=\"col-auto tag_value\"><br \/>\n  <a href=\"https:\/\/www.corsovinci.com\/collections\/montblanc\/movimento-automatico\"><br \/>\n    <i>Automatique<\/i><br \/>\n  <\/a><br \/>\n<\/span><\/div>\n<div class=\"col-12 col-md-6 pe-3 d-flex pb-1\"><span class=\"col-auto tag_name\">couleur du cadran<\/span> <span class=\"col-auto tag_value\"><br \/>\n  <a href=\"https:\/\/www.corsovinci.com\/collections\/montblanc\/colore-quadrante-argento\"><br \/>\n    <i>argent\u00e9<\/i><br \/>\n  <\/a><br \/>\n<\/span><\/div>\n<div class=\"col-12 col-md-6 pe-3 d-flex pb-1\"><span class=\"col-auto tag_name\">verre<\/span> <span class=\"col-auto tag_value\"><br \/>\n  <a href=\"https:\/\/www.corsovinci.com\/collections\/montblanc\/vetro-vetro-zaffiro\"><br \/>\n    <i>Verre saphir<\/i><br \/>\n  <\/a><br \/>\n<\/span><\/div>\n<div class=\"col-12 col-md-6 pe-3 d-flex pb-1\"><span class=\"col-auto tag_name\">R\u00e9sistance \u00e0 l&#8217;eau<\/span> <span class=\"col-auto tag_value\"><br \/>\n  <a href=\"https:\/\/www.corsovinci.com\/collections\/montblanc\/resistenza-acqua-5-atm\"><br \/>\n    <i>5 ATM<\/i><br \/>\n  <\/a><br \/>\n<\/span><\/div>\n<div class=\"col-12 col-md-6 pe-3 d-flex pb-1\"><span class=\"col-auto tag_name\">mat\u00e9riau du bo\u00eetier<\/span> <span class=\"col-auto tag_value\"><br \/>\n  <a href=\"https:\/\/www.corsovinci.com\/collections\/montblanc\/materiale-cassa-acciaio\"><br \/>\n    <i>Acier<\/i><br \/>\n  <\/a><br \/>\n<\/span><\/div>\n<div class=\"col-12 col-md-6 pe-3 d-flex pb-1\"><span class=\"col-auto tag_name\">fermeture<\/span> <span class=\"col-auto tag_value\"><br \/>\n  <a href=\"https:\/\/www.corsovinci.com\/collections\/montblanc\/chiusura-ardiglione\"><br \/>\n    <i>Ardillon<\/i><br \/>\n  <\/a><br \/>\n<\/span><\/div>\n<div class=\"col-12 col-md-6 pe-3 d-flex pb-1\"><span class=\"col-auto tag_name\">genre<\/span> <span class=\"col-auto tag_value\"><br \/>\n  <a href=\"https:\/\/www.corsovinci.com\/collections\/montblanc\/genere-uomo\"><br \/>\n    <i>Homme<\/i><br \/>\n  <\/a><br \/>\n<\/span><\/div>\n","protected":false},"excerpt":{"rendered":"<p>Montblanc Homme 4810 Automatique R\u00c9F. 114857 genre masculin, mouvement automatique, \u00e9tanch\u00e9it\u00e9 5 atm, verre saphir, diam\u00e8tre 42, marque montblanc, collection 4810, boucle ardillon, mat\u00e9riau du bo\u00eetier acier inoxydable, \u00e9tat 0 (non port\u00e9), \u00e9paisseur 11.04, couleur du cadran argent, chiffres arabes, calibre mb 29.19, r\u00e9serve de marche 42h, fonctions de la montre date marque Montblanc collection [&hellip;]<\/p>\n","protected":false},"featured_media":169933,"template":"","meta":{"_crdt_document":"","advanced_seo_description":"","jetpack_seo_html_title":"","jetpack_seo_noindex":false},"product_brand":[],"product_cat":[2241],"product_tag":[],"berocket_brand":[],"woo-feed-brand":[],"class_list":{"0":"post-73601","1":"product","2":"type-product","3":"status-publish","4":"has-post-thumbnail","6":"product_cat-montblanc-fr","8":"first","9":"instock","10":"sale","11":"taxable","12":"shipping-taxable","13":"purchasable","14":"product-type-simple"},"bundled_by":[],"bundle_stock_status":"instock","bundle_stock_quantity":1,"bundle_virtual":false,"bundle_layout":"","bundle_add_to_cart_form_location":"","bundle_editable_in_cart":false,"bundle_sold_individually_context":"","bundle_item_grouping":"","bundle_min_size":"","bundle_max_size":"","bundle_price":[],"bundled_items":[],"bundle_sell_ids":[],"group_of_quantity":0,"min_quantity":0,"max_quantity":"","exclude_order_quantity_value_rules":"no","exclude_category_quantity_rules":"no","combine_variations":"no","jetpack_sharing_enabled":true,"jetpack_likes_enabled":true,"_links":{"self":[{"href":"https:\/\/watchdeluxe.it\/fr\/wp-json\/wp\/v2\/product\/73601","targetHints":{"allow":["GET"]}}],"collection":[{"href":"https:\/\/watchdeluxe.it\/fr\/wp-json\/wp\/v2\/product"}],"about":[{"href":"https:\/\/watchdeluxe.it\/fr\/wp-json\/wp\/v2\/types\/product"}],"wp:featuredmedia":[{"embeddable":true,"href":"https:\/\/watchdeluxe.it\/fr\/wp-json\/wp\/v2\/media\/169933"}],"wp:attachment":[{"href":"https:\/\/watchdeluxe.it\/fr\/wp-json\/wp\/v2\/media?parent=73601"}],"wp:term":[{"taxonomy":"product_brand","embeddable":true,"href":"https:\/\/watchdeluxe.it\/fr\/wp-json\/wp\/v2\/product_brand?post=73601"},{"taxonomy":"product_cat","embeddable":true,"href":"https:\/\/watchdeluxe.it\/fr\/wp-json\/wp\/v2\/product_cat?post=73601"},{"taxonomy":"product_tag","embeddable":true,"href":"https:\/\/watchdeluxe.it\/fr\/wp-json\/wp\/v2\/product_tag?post=73601"},{"taxonomy":"berocket_brand","embeddable":true,"href":"https:\/\/watchdeluxe.it\/fr\/wp-json\/wp\/v2\/berocket_brand?post=73601"},{"taxonomy":"woo-feed-brand","embeddable":true,"href":"https:\/\/watchdeluxe.it\/fr\/wp-json\/wp\/v2\/woo-feed-brand?post=73601"}],"curies":[{"name":"wp","href":"https:\/\/api.w.org\/{rel}","templated":true}]}}